{"id":690235,"date":"2025-08-27T13:50:22","date_gmt":"2025-08-27T10:50:22","guid":{"rendered":"https:\/\/roveyayinevi.com.tr\/index.php\/urun\/bir-genc-kizin-gizli-defteri-1\/"},"modified":"2026-04-16T01:59:50","modified_gmt":"2026-04-15T22:59:50","slug":"bir-genc-kizin-gizli-defteri-1","status":"publish","type":"product","link":"https:\/\/roveyayinevi.com.tr\/index.php\/urun\/bir-genc-kizin-gizli-defteri-1\/","title":{"rendered":"Bir Gen\u00e7 K\u0131z\u0131n Gizli Defteri 1"},"content":{"rendered":"<p>Neden yazar\u0131z? Daha do\u011frusu neden an\u0131 defteri tutar\u0131z? Ya\u015fam\u0131m\u0131z\u0131n her d\u00f6neminde ama \u00f6zellikle ilkgen\u00e7lik \u00e7a\u011f\u0131nda, sorunlar\u0131m\u0131z\u0131, mutlu mutsuz an\u0131lar\u0131m\u0131z\u0131 bizi yarg\u0131lamadan dinleyen, payla\u015fan birilerine gereksinim duyar\u0131z.Ve bu biri, evet, bildiniz, an\u0131 defterimizdir.On be\u015f ya\u015f\u0131ndaki Serra t\u00fcm duygular\u0131n\u0131, d\u00fc\u015f\u00fcncelerini an\u0131 defteriyle payla\u015f\u0131yor. Annesiyle babas\u0131 neden tuhaf davran\u0131yorlar?Yoksa yolunda gitmeyen bir \u015feyler mi var?\u00c7e\u015fme\u2019de tatil g\u00fcnlerinde tan\u0131\u015ft\u0131\u011f\u0131 yeni arkada\u015flar\u0131, Serra\u2019n\u0131n ya\u015fam\u0131nda ne gibi de\u011fi\u015fikliklere neden olacak?T\u00fcm bu sorular\u0131n cevaplar\u0131n\u0131 Serra\u2019n\u0131n an\u0131 defterinde bulacaks\u0131n\u0131z&#8230; <\/p>\n","protected":false},"excerpt":{"rendered":"<p>Neden yazar\u0131z? Daha do\u011frusu neden an\u0131 defteri tutar\u0131z? Ya\u015fam\u0131m\u0131z\u0131n her d\u00f6neminde ama \u00f6zellikle ilkgen\u00e7lik \u00e7a\u011f\u0131nda, sorunlar\u0131m\u0131z\u0131, mutlu mutsuz an\u0131lar\u0131m\u0131z\u0131 bizi yarg\u0131lamadan dinleyen, payla\u015fan birilerine gereksinim duyar\u0131z.Ve<span class=\"excerpt-hellip\"> [\u2026]<\/span><\/p>\n","protected":false},"featured_media":0,"template":"","meta":{"_monsterinsights_skip_tracking":false,"_monsterinsights_sitenote_active":false,"_monsterinsights_sitenote_note":"","_monsterinsights_sitenote_category":0},"product_brand":[],"product_cat":[12291,15117],"product_tag":[],"class_list":{"0":"post-690235","1":"product","2":"type-product","3":"status-publish","5":"product_cat-edebiyat","6":"product_cat-genclik-edebiyati","7":"pa_cilt-ciltsiz","8":"pa_tur-kitap","9":"pa_yayinevi-artemis-yayinlari","10":"pa_yazar-ipek-ongun","12":"first","13":"instock","14":"sale","15":"shipping-taxable","16":"purchasable","17":"product-type-simple"},"_links":{"self":[{"href":"https:\/\/roveyayinevi.com.tr\/index.php\/wp-json\/wp\/v2\/product\/690235","targetHints":{"allow":["GET"]}}],"collection":[{"href":"https:\/\/roveyayinevi.com.tr\/index.php\/wp-json\/wp\/v2\/product"}],"about":[{"href":"https:\/\/roveyayinevi.com.tr\/index.php\/wp-json\/wp\/v2\/types\/product"}],"wp:attachment":[{"href":"https:\/\/roveyayinevi.com.tr\/index.php\/wp-json\/wp\/v2\/media?parent=690235"}],"wp:term":[{"taxonomy":"product_brand","embeddable":true,"href":"https:\/\/roveyayinevi.com.tr\/index.php\/wp-json\/wp\/v2\/product_brand?post=690235"},{"taxonomy":"product_cat","embeddable":true,"href":"https:\/\/roveyayinevi.com.tr\/index.php\/wp-json\/wp\/v2\/product_cat?post=690235"},{"taxonomy":"product_tag","embeddable":true,"href":"https:\/\/roveyayinevi.com.tr\/index.php\/wp-json\/wp\/v2\/product_tag?post=690235"}],"curies":[{"name":"wp","href":"https:\/\/api.w.org\/{rel}","templated":true}]}}