{"id":690234,"date":"2025-08-27T13:50:22","date_gmt":"2025-08-27T10:50:22","guid":{"rendered":"https:\/\/roveyayinevi.com.tr\/index.php\/urun\/bugun-ne-cadilik-yaptim\/"},"modified":"2026-04-08T01:59:59","modified_gmt":"2026-04-07T22:59:59","slug":"bugun-ne-cadilik-yaptim","status":"publish","type":"product","link":"https:\/\/roveyayinevi.com.tr\/index.php\/urun\/bugun-ne-cadilik-yaptim\/","title":{"rendered":"Bug\u00fcn Ne Cad\u0131l\u0131k Yapt\u0131m?"},"content":{"rendered":"<p>Merhaba! S\u00f6yleyin bakal\u0131m bug\u00fcn ne iyilik yapt\u0131n\u0131z? \u015eimdi bu da nereden \u00e7\u0131kt\u0131 diyorsunuz, de\u011fil mi? Ablam\u0131n bana ald\u0131\u011f\u0131 defterden. Her g\u00fcn an\u0131lar\u0131m\u0131 yazarken t\u0131pk\u0131 izciler gibi,  Bug\u00fcn ne iyilik yapt\u0131m?  diye d\u00fc\u015f\u00fcn\u00fcp dururum. Ne zor bir i\u015fmi\u015f bilseniz. D\u00fc\u015f\u00fcnmek de\u011fil, as\u0131l zor olan yapt\u0131\u011f\u0131m i\u015fler i\u00e7inde  \u0130yi bir \u015fey bulmak!  Yine de bana kulak verin. Bug\u00fcn bir iyilik yap\u0131n. Ne\u015felenmek i\u00e7in de bir tutam cad\u0131l\u0131\u011f\u0131 i\u00e7ine kat\u0131n. <\/p>\n","protected":false},"excerpt":{"rendered":"<p>Merhaba! S\u00f6yleyin bakal\u0131m bug\u00fcn ne iyilik yapt\u0131n\u0131z? \u015eimdi bu da nereden \u00e7\u0131kt\u0131 diyorsunuz, de\u011fil mi? Ablam\u0131n bana ald\u0131\u011f\u0131 defterden. Her g\u00fcn an\u0131lar\u0131m\u0131 yazarken t\u0131pk\u0131 izciler gibi,<span class=\"excerpt-hellip\"> [\u2026]<\/span><\/p>\n","protected":false},"featured_media":0,"template":"","meta":{"_monsterinsights_skip_tracking":false,"_monsterinsights_sitenote_active":false,"_monsterinsights_sitenote_note":"","_monsterinsights_sitenote_category":0},"product_brand":[],"product_cat":[12274,12284],"product_tag":[],"class_list":{"0":"post-690234","1":"product","2":"type-product","3":"status-publish","5":"product_cat-cocuk-ve-genclik-kitaplari","6":"product_cat-hikayeler","7":"pa_cilt-ciltsiz","8":"pa_tur-kitap","9":"pa_yayinevi-altin-kitaplar-cocuk-kitaplari","10":"pa_yazar-nur-icozu","12":"first","13":"instock","14":"sale","15":"shipping-taxable","16":"purchasable","17":"product-type-simple"},"_links":{"self":[{"href":"https:\/\/roveyayinevi.com.tr\/index.php\/wp-json\/wp\/v2\/product\/690234","targetHints":{"allow":["GET"]}}],"collection":[{"href":"https:\/\/roveyayinevi.com.tr\/index.php\/wp-json\/wp\/v2\/product"}],"about":[{"href":"https:\/\/roveyayinevi.com.tr\/index.php\/wp-json\/wp\/v2\/types\/product"}],"wp:attachment":[{"href":"https:\/\/roveyayinevi.com.tr\/index.php\/wp-json\/wp\/v2\/media?parent=690234"}],"wp:term":[{"taxonomy":"product_brand","embeddable":true,"href":"https:\/\/roveyayinevi.com.tr\/index.php\/wp-json\/wp\/v2\/product_brand?post=690234"},{"taxonomy":"product_cat","embeddable":true,"href":"https:\/\/roveyayinevi.com.tr\/index.php\/wp-json\/wp\/v2\/product_cat?post=690234"},{"taxonomy":"product_tag","embeddable":true,"href":"https:\/\/roveyayinevi.com.tr\/index.php\/wp-json\/wp\/v2\/product_tag?post=690234"}],"curies":[{"name":"wp","href":"https:\/\/api.w.org\/{rel}","templated":true}]}}