{"id":690233,"date":"2025-08-27T13:50:21","date_gmt":"2025-08-27T10:50:21","guid":{"rendered":"https:\/\/roveyayinevi.com.tr\/index.php\/urun\/benim-adim-saint-exupery\/"},"modified":"2026-04-16T01:59:50","modified_gmt":"2026-04-15T22:59:50","slug":"benim-adim-saint-exupery","status":"publish","type":"product","link":"https:\/\/roveyayinevi.com.tr\/index.php\/urun\/benim-adim-saint-exupery\/","title":{"rendered":"Benim Ad\u0131m&#8230; Saint &#8211; Exupery"},"content":{"rendered":"<p>Benim Ad\u0131m&#8230; Saint-Exupery&#8221;\u0130smim size hi\u00e7bir \u015fey ifade etmeyebilir. Ama yine de aran\u0131zdan pek \u00e7ok ki\u015finin \u00fcnl\u00fc eserim K\u00fc\u00e7\u00fck Prens&#8217;i bildi\u011fine eminim. E\u011fer h\u00e2l\u00e2 okumad\u0131ysan\u0131z hemen ko\u015fup b\u00fcy\u00fcklerinizden size bu kitab\u0131 almas\u0131n\u0131 isteyin, ama sak\u0131n kitab\u0131 ona kapt\u0131rmay\u0131n. Evet pek \u00e7ok yeti\u015fkin de bu kitab\u0131 \u00e7ok sever ve \u00e7ocukluk an\u0131lar\u0131n\u0131 geri getirdi\u011fini s\u00f6ylerler&#8221;.<\/p>\n","protected":false},"excerpt":{"rendered":"<p>Benim Ad\u0131m&#8230; Saint-Exupery&#8221;\u0130smim size hi\u00e7bir \u015fey ifade etmeyebilir. Ama yine de aran\u0131zdan pek \u00e7ok ki\u015finin \u00fcnl\u00fc eserim K\u00fc\u00e7\u00fck Prens&#8217;i bildi\u011fine eminim. E\u011fer h\u00e2l\u00e2 okumad\u0131ysan\u0131z hemen ko\u015fup<span class=\"excerpt-hellip\"> [\u2026]<\/span><\/p>\n","protected":false},"featured_media":0,"template":"","meta":{"_monsterinsights_skip_tracking":false,"_monsterinsights_sitenote_active":false,"_monsterinsights_sitenote_note":"","_monsterinsights_sitenote_category":0},"product_brand":[],"product_cat":[12274,14573],"product_tag":[],"class_list":{"0":"post-690233","1":"product","2":"type-product","3":"status-publish","5":"product_cat-cocuk-ve-genclik-kitaplari","6":"product_cat-referans-kitaplar-cocuk-ve-genclik-kitaplari","7":"pa_cilt-ciltsiz","8":"pa_tur-kitap","9":"pa_yayinevi-altin-kitaplar-cocuk-kitaplari","10":"pa_yazar-meritxell-marti","12":"first","13":"instock","14":"sale","15":"shipping-taxable","16":"purchasable","17":"product-type-simple"},"_links":{"self":[{"href":"https:\/\/roveyayinevi.com.tr\/index.php\/wp-json\/wp\/v2\/product\/690233","targetHints":{"allow":["GET"]}}],"collection":[{"href":"https:\/\/roveyayinevi.com.tr\/index.php\/wp-json\/wp\/v2\/product"}],"about":[{"href":"https:\/\/roveyayinevi.com.tr\/index.php\/wp-json\/wp\/v2\/types\/product"}],"wp:attachment":[{"href":"https:\/\/roveyayinevi.com.tr\/index.php\/wp-json\/wp\/v2\/media?parent=690233"}],"wp:term":[{"taxonomy":"product_brand","embeddable":true,"href":"https:\/\/roveyayinevi.com.tr\/index.php\/wp-json\/wp\/v2\/product_brand?post=690233"},{"taxonomy":"product_cat","embeddable":true,"href":"https:\/\/roveyayinevi.com.tr\/index.php\/wp-json\/wp\/v2\/product_cat?post=690233"},{"taxonomy":"product_tag","embeddable":true,"href":"https:\/\/roveyayinevi.com.tr\/index.php\/wp-json\/wp\/v2\/product_tag?post=690233"}],"curies":[{"name":"wp","href":"https:\/\/api.w.org\/{rel}","templated":true}]}}