{"id":690232,"date":"2025-08-27T13:50:21","date_gmt":"2025-08-27T10:50:21","guid":{"rendered":"https:\/\/roveyayinevi.com.tr\/index.php\/urun\/prof-dr-necati-demir-dil-tarih-kultur-ve-edebiyat-ii\/"},"modified":"2026-04-16T01:59:50","modified_gmt":"2026-04-15T22:59:50","slug":"prof-dr-necati-demir-dil-tarih-kultur-ve-edebiyat-ii","status":"publish","type":"product","link":"https:\/\/roveyayinevi.com.tr\/index.php\/urun\/prof-dr-necati-demir-dil-tarih-kultur-ve-edebiyat-ii\/","title":{"rendered":"Prof. Dr. Necati Demir Dil Tarih K\u00fclt\u00fcr Ve Edebiyat II"},"content":{"rendered":"<p>Dil, Tarih, K\u00fclt\u00fcr ve Edebiyat Ara\u015ft\u0131rmalar\u0131 &#8211; II, Prof. Dr. Necati Demir`in kaleme ald\u0131\u011f\u0131 makalelerin bir k\u0131sm\u0131n\u0131n bir araya getirilmesi ile olu\u015fturulmu\u015ftur. Kitapta toplam altm\u0131\u015f bir makale yer almaktad\u0131r. Makaleler, konular\u0131 bak\u0131m\u0131ndan d\u00f6rt b\u00f6l\u00fcme ayr\u0131larak sunutmu\u015ftur. Birinci b\u00f6l\u00fcm &#8220;Dil Ara\u015ft\u0131rmalar\u0131&#8221; olup on dokuz makale, ikinci b\u00f6l\u00fcm &#8220;Tarih Ara\u015ft\u0131rmalar\u0131&#8221; olup on iki makale; \u00fc\u00e7\u00fcnc\u00fc b\u00f6l\u00fcm &#8220;Edebiyat Ara\u015ft\u0131rmalan&#8221; olup yedi makale; d\u00f6rd\u00fcnc\u00fc b\u00f6l\u00fcm &#8220;K\u00fclt\u00fcr Ara\u015ft\u0131rmalar\u0131&#8221; olup yirmi \u00fc\u00e7 makaleye yer verilmi\u015ftir. Dil ara\u015ft\u0131rmalar\u0131 b\u00f6l\u00fcm\u00fc; T\u00fcrk\u00e7enin yaz\u0131 \u00f6ncesinden ba\u015flay\u0131p g\u00fcn\u00fcm\u00fcze kadar gelen ser\u00fcvenini de\u011fi\u015fik a\u00e7\u0131lardan ele atan \u00e7al\u0131\u015fmalardan olu\u015fmaktad\u0131r. Yaz\u0131 \u00f6ncesi tarih (petroglif), T\u00fcrk\u00e7ede arkaik unsurlar, k\u00f6ken bilgisi, yer adlar\u0131 ele al\u0131nan konulardan baz\u0131land\u0131r. Tarih ara\u015ft\u0131rmatan b\u00f6l\u00fcm\u00fc, T\u00fcrk tarihinin karanl\u0131k noktalanndan ba\u015flay\u0131p g\u00fcn\u00fcm\u00fcze kadar olan s\u00fcre i\u00e7erisinde dikkat \u00e7eken baz\u0131 konulan i\u00e7ermektedir. Edebiyat ara\u015ft\u0131rmalar\u0131 b\u00f6l\u00fcm\u00fcnde ise Anadolu`da te\u015fekk\u00fcl eden T\u00fcrk destanlan, mensur \u015fiirler konular\u0131na yer verilmi\u015ftir. K\u00fclt\u00fcr ara\u015ft\u0131rmalar\u0131 b\u00f6l\u00fcm\u00fcnde ele al\u0131nan konular ise \u015f\u00f6yledir: T\u00fcrk K\u00fclt\u00fcr\u00fc ve Siyaset, Horan, Ah\u015fap Camiler, Serenderter\/Serendiler, K\u0131rk K\u0131zlar Efsanesi, Su De\u011firmenleri, Nak\u0131\u015fl\u0131 \u00c7oraptar, \u00c7epni Kilimleri, Bileki,Be\u015fik, Tulum, Kurt A\u011fz\u0131 Ba\u011flama, G\u00fcne\u015f Duas\u0131, Hardama, Istek Dili, Kaval, Ot\u00e7u G\u00f6\u00e7\u00fc&#8230; <\/p>\n","protected":false},"excerpt":{"rendered":"<p>Dil, Tarih, K\u00fclt\u00fcr ve Edebiyat Ara\u015ft\u0131rmalar\u0131 &#8211; II, Prof. Dr. Necati Demir`in kaleme ald\u0131\u011f\u0131 makalelerin bir k\u0131sm\u0131n\u0131n bir araya getirilmesi ile olu\u015fturulmu\u015ftur. Kitapta toplam altm\u0131\u015f bir<span class=\"excerpt-hellip\"> [\u2026]<\/span><\/p>\n","protected":false},"featured_media":0,"template":"","meta":{"_monsterinsights_skip_tracking":false,"_monsterinsights_sitenote_active":false,"_monsterinsights_sitenote_note":"","_monsterinsights_sitenote_category":0},"product_brand":[],"product_cat":[13072,12291],"product_tag":[],"class_list":{"0":"post-690232","1":"product","2":"type-product","3":"status-publish","5":"product_cat-arastirma-inceleme-referans","6":"product_cat-edebiyat","7":"pa_cilt-ciltsiz","8":"pa_tur-kitap","9":"pa_yayinevi-edge-akademi","10":"pa_yazar-necati-demir","12":"first","13":"instock","14":"sale","15":"shipping-taxable","16":"purchasable","17":"product-type-simple"},"_links":{"self":[{"href":"https:\/\/roveyayinevi.com.tr\/index.php\/wp-json\/wp\/v2\/product\/690232","targetHints":{"allow":["GET"]}}],"collection":[{"href":"https:\/\/roveyayinevi.com.tr\/index.php\/wp-json\/wp\/v2\/product"}],"about":[{"href":"https:\/\/roveyayinevi.com.tr\/index.php\/wp-json\/wp\/v2\/types\/product"}],"wp:attachment":[{"href":"https:\/\/roveyayinevi.com.tr\/index.php\/wp-json\/wp\/v2\/media?parent=690232"}],"wp:term":[{"taxonomy":"product_brand","embeddable":true,"href":"https:\/\/roveyayinevi.com.tr\/index.php\/wp-json\/wp\/v2\/product_brand?post=690232"},{"taxonomy":"product_cat","embeddable":true,"href":"https:\/\/roveyayinevi.com.tr\/index.php\/wp-json\/wp\/v2\/product_cat?post=690232"},{"taxonomy":"product_tag","embeddable":true,"href":"https:\/\/roveyayinevi.com.tr\/index.php\/wp-json\/wp\/v2\/product_tag?post=690232"}],"curies":[{"name":"wp","href":"https:\/\/api.w.org\/{rel}","templated":true}]}}