{"id":690231,"date":"2025-08-27T13:50:21","date_gmt":"2025-08-27T10:50:21","guid":{"rendered":"https:\/\/roveyayinevi.com.tr\/index.php\/urun\/prof-dr-necati-demir-dil-tarih-kultur-ve-edebiyat-arastirmalari-1\/"},"modified":"2026-04-16T01:59:50","modified_gmt":"2026-04-15T22:59:50","slug":"prof-dr-necati-demir-dil-tarih-kultur-ve-edebiyat-arastirmalari-1","status":"publish","type":"product","link":"https:\/\/roveyayinevi.com.tr\/index.php\/urun\/prof-dr-necati-demir-dil-tarih-kultur-ve-edebiyat-arastirmalari-1\/","title":{"rendered":"Prof. Dr. Necati Demir Dil Tarih K\u00fclt\u00fcr Ve Edebiyat Ara\u015ft\u0131rmalar\u0131 1"},"content":{"rendered":"<p>Dil, Tarih, K\u00fclt\u00fcr ve Edebiyat Ara\u015ft\u0131rmalar\u0131 -I-, Prof. Dr. Necati Demir\u2019in kaleme ald\u0131\u011f\u0131 makalelerin bir k\u0131sm\u0131n\u0131n bir araya getirilmesi ile olu\u015fturulmu\u015ftur. Kitapta toplam k\u0131rk \u00fc\u00e7 makale yer almaktad\u0131r. Makaleler, konular\u0131 bak\u0131m\u0131ndan d\u00f6rt b\u00f6l\u00fcme ayr\u0131larak sunulmu\u015ftur. Birinci b\u00f6l\u00fcm \u201cDil Ara\u015ft\u0131rmalar\u0131\u201d olup on sekiz makale, ikinci b\u00f6l\u00fcm \u201cTarih Ara\u015ft\u0131rmalar\u0131\u201d olup on bir makale; \u00fc\u00e7\u00fcnc\u00fc b\u00f6l\u00fcm \u201cEdebiyat Ara\u015ft\u0131rmalar\u0131\u201d olup be\u015f makale; d\u00f6rd\u00fcnc\u00fc b\u00f6l\u00fcm \u201cK\u00fclt\u00fcr Ara\u015ft\u0131rmalar\u0131\u201d olup dokuz makaleye yer verilmi\u015ftir. Dil ara\u015ft\u0131rmalar\u0131 b\u00f6l\u00fcm\u00fc; T\u00fcrk\u00e7enin yaz\u0131 \u00f6ncesinden ba\u015flay\u0131p g\u00fcn\u00fcm\u00fcze kadar gelen ser\u00fcvenini de\u011fi\u015fik a\u00e7\u0131lardan ele alan \u00e7al\u0131\u015fmalardan olu\u015fmaktad\u0131r. Yaz\u0131 \u00f6ncesi tarih (petroglif), T\u00fcrk\u00e7ede arkaik unsurlar, k\u00f6ken bilgisi, yer adlar\u0131, \u2026 ele al\u0131nan konulardan baz\u0131lar\u0131d\u0131r. Tarih ara\u015ft\u0131rmalar\u0131 b\u00f6l\u00fcm\u00fc, T\u00fcrk tarihinin karanl\u0131k noktalar\u0131ndan ba\u015flay\u0131p g\u00fcn\u00fcm\u00fcze kadar olan s\u00fcre i\u00e7erisinde dikkat \u00e7eken baz\u0131 konular\u0131 i\u00e7ermektedir. Edebiyat ara\u015ft\u0131rmalar\u0131 b\u00f6l\u00fcm\u00fcnde ise Anadolu\u2019da te\u015fekk\u00fcl eden T\u00fcrk destanlar\u0131, mensur \u015fiirler, \u2026 konular\u0131na yer verilmi\u015ftir. K\u00fclt\u00fcr ara\u015ft\u0131rmalar\u0131 b\u00f6l\u00fcm\u00fcnde ele al\u0131nan konular ise \u015f\u00f6yledir: Nevruz, Kurt Dede, Kemen\u00e7e, Halk Takvimi, T\u00fcrk K\u00fclt\u00fcr\u00fcn\u00fcn Kutsallar\u0131, Masallar, \u00c7ocuk Oyunlar\u0131, \u2026 <\/p>\n","protected":false},"excerpt":{"rendered":"<p>Dil, Tarih, K\u00fclt\u00fcr ve Edebiyat Ara\u015ft\u0131rmalar\u0131 -I-, Prof. Dr. Necati Demir\u2019in kaleme ald\u0131\u011f\u0131 makalelerin bir k\u0131sm\u0131n\u0131n bir araya getirilmesi ile olu\u015fturulmu\u015ftur. Kitapta toplam k\u0131rk \u00fc\u00e7 makale<span class=\"excerpt-hellip\"> [\u2026]<\/span><\/p>\n","protected":false},"featured_media":0,"template":"","meta":{"_monsterinsights_skip_tracking":false,"_monsterinsights_sitenote_active":false,"_monsterinsights_sitenote_note":"","_monsterinsights_sitenote_category":0},"product_brand":[],"product_cat":[16038,12388],"product_tag":[],"class_list":{"0":"post-690231","1":"product","2":"type-product","3":"status-publish","5":"product_cat-arastirma-inceleme-referans-felsefe","6":"product_cat-felsefe","7":"pa_cilt-ciltsiz","8":"pa_tur-kitap","9":"pa_yayinevi-edge-akademi","10":"pa_yazar-ulker-sen","12":"first","13":"instock","14":"sale","15":"shipping-taxable","16":"purchasable","17":"product-type-simple"},"_links":{"self":[{"href":"https:\/\/roveyayinevi.com.tr\/index.php\/wp-json\/wp\/v2\/product\/690231","targetHints":{"allow":["GET"]}}],"collection":[{"href":"https:\/\/roveyayinevi.com.tr\/index.php\/wp-json\/wp\/v2\/product"}],"about":[{"href":"https:\/\/roveyayinevi.com.tr\/index.php\/wp-json\/wp\/v2\/types\/product"}],"wp:attachment":[{"href":"https:\/\/roveyayinevi.com.tr\/index.php\/wp-json\/wp\/v2\/media?parent=690231"}],"wp:term":[{"taxonomy":"product_brand","embeddable":true,"href":"https:\/\/roveyayinevi.com.tr\/index.php\/wp-json\/wp\/v2\/product_brand?post=690231"},{"taxonomy":"product_cat","embeddable":true,"href":"https:\/\/roveyayinevi.com.tr\/index.php\/wp-json\/wp\/v2\/product_cat?post=690231"},{"taxonomy":"product_tag","embeddable":true,"href":"https:\/\/roveyayinevi.com.tr\/index.php\/wp-json\/wp\/v2\/product_tag?post=690231"}],"curies":[{"name":"wp","href":"https:\/\/api.w.org\/{rel}","templated":true}]}}