{"id":690229,"date":"2025-08-27T13:50:21","date_gmt":"2025-08-27T10:50:21","guid":{"rendered":"https:\/\/roveyayinevi.com.tr\/index.php\/urun\/karamazov-kardesler\/"},"modified":"2026-04-16T01:59:50","modified_gmt":"2026-04-15T22:59:50","slug":"karamazov-kardesler","status":"publish","type":"product","link":"https:\/\/roveyayinevi.com.tr\/index.php\/urun\/karamazov-kardesler\/","title":{"rendered":"Karamazov Karde\u015fler"},"content":{"rendered":"<p>Fydor Mihaylovi\u00e7 Dostoyevski (1821-1881): \u0130lk roman\u0131 \u0130ncanc\u0131klar 1846&#8217;da yay\u0131mland\u0131.\u00dcnl\u00fc ele\u015ftirmen V.Byelinski bu eser \u00fczerine Dostoyevski&#8217;den gelece\u011fin b\u00fcy\u00fck yazar\u0131 olarak s\u00f6z etti.Ancak daha sonra yay\u0131mlanan \u00f6yk\u00fc ve romanlar\u0131,\u00e7a\u011f\u0131m\u0131zda edebiyat klasikleri aras\u0131nda yer alsa da, o d\u00f6nemde fazla ilgi g\u00f6rmedi.Yazar 1849&#8217;da 1.Nikolay&#8217;\u0131n bask\u0131c\u0131 rejimine muhalif Petra\u015fevski grubunun \u00fcyesi oldu\u011fu gerek\u00e7esiyle tutukland\u0131. Kur\u015funa dizilmek \u00fczereyken cezas\u0131 s\u00fcrg\u00fcn ve zorunlu askerli\u011fe \u00e7evrildi.Cezas\u0131n\u0131 tamamlay\u0131p Sibirya&#8217;dan d\u00f6nd\u00fckten sonra Peterburg&#8217;da Vremya dergisini \u00e7\u0131karmaya ba\u015flad\u0131, yazd\u0131\u011f\u0131 romanlarla tekrar eski \u00fcn\u00fcne kavu\u015ftu.Karamazov Karde\u015fler Dostoyevski&#8217;nin son ba\u015fyap\u0131t\u0131d\u0131r.<\/p>\n","protected":false},"excerpt":{"rendered":"<p>Fydor Mihaylovi\u00e7 Dostoyevski (1821-1881): \u0130lk roman\u0131 \u0130ncanc\u0131klar 1846&#8217;da yay\u0131mland\u0131.\u00dcnl\u00fc ele\u015ftirmen V.Byelinski bu eser \u00fczerine Dostoyevski&#8217;den gelece\u011fin b\u00fcy\u00fck yazar\u0131 olarak s\u00f6z etti.Ancak daha sonra yay\u0131mlanan \u00f6yk\u00fc ve<span class=\"excerpt-hellip\"> [\u2026]<\/span><\/p>\n","protected":false},"featured_media":0,"template":"","meta":{"_monsterinsights_skip_tracking":false,"_monsterinsights_sitenote_active":false,"_monsterinsights_sitenote_note":"","_monsterinsights_sitenote_category":0},"product_brand":[],"product_cat":[12291,13570],"product_tag":[],"class_list":{"0":"post-690229","1":"product","2":"type-product","3":"status-publish","5":"product_cat-edebiyat","6":"product_cat-rus-edebiyati","7":"pa_cilt-ciltsiz","8":"pa_tur-kitap","9":"pa_yayinevi-is-bankasi-kultur-yayinlari","10":"pa_yazar-fyodor-mihaylovic-dostoyevski","12":"first","13":"instock","14":"sale","15":"shipping-taxable","16":"purchasable","17":"product-type-simple"},"_links":{"self":[{"href":"https:\/\/roveyayinevi.com.tr\/index.php\/wp-json\/wp\/v2\/product\/690229","targetHints":{"allow":["GET"]}}],"collection":[{"href":"https:\/\/roveyayinevi.com.tr\/index.php\/wp-json\/wp\/v2\/product"}],"about":[{"href":"https:\/\/roveyayinevi.com.tr\/index.php\/wp-json\/wp\/v2\/types\/product"}],"wp:attachment":[{"href":"https:\/\/roveyayinevi.com.tr\/index.php\/wp-json\/wp\/v2\/media?parent=690229"}],"wp:term":[{"taxonomy":"product_brand","embeddable":true,"href":"https:\/\/roveyayinevi.com.tr\/index.php\/wp-json\/wp\/v2\/product_brand?post=690229"},{"taxonomy":"product_cat","embeddable":true,"href":"https:\/\/roveyayinevi.com.tr\/index.php\/wp-json\/wp\/v2\/product_cat?post=690229"},{"taxonomy":"product_tag","embeddable":true,"href":"https:\/\/roveyayinevi.com.tr\/index.php\/wp-json\/wp\/v2\/product_tag?post=690229"}],"curies":[{"name":"wp","href":"https:\/\/api.w.org\/{rel}","templated":true}]}}