{"id":690228,"date":"2025-08-27T13:50:21","date_gmt":"2025-08-27T10:50:21","guid":{"rendered":"https:\/\/roveyayinevi.com.tr\/index.php\/urun\/kamelyali-kadin\/"},"modified":"2026-04-16T01:59:50","modified_gmt":"2026-04-15T22:59:50","slug":"kamelyali-kadin","status":"publish","type":"product","link":"https:\/\/roveyayinevi.com.tr\/index.php\/urun\/kamelyali-kadin\/","title":{"rendered":"Kamelyal\u0131 Kad\u0131n"},"content":{"rendered":"<p>Alexandre Dumas fils (1824-1895); Hen\u00fcz 24 ya\u015f\u0131nda yay\u0131mlad\u0131\u011f\u0131 Kamelyal\u0131 Kad\u0131n\u2019\u0131n (1848) i\u00e7tenli\u011fiyle t\u00fcm zamanlar\u0131n en tan\u0131nan a\u015fk romanlar\u0131ndan birine imza atmakla kalmam\u0131\u015f; Verdi\u2019nin La Traviata (1853) operas\u0131ndan g\u00fcn\u00fcm\u00fcze, gerek sanat\u0131 gerekse hayat\u0131 etkilemeyi s\u00fcrd\u00fcrm\u00fc\u015ft\u00fcr. Tahsin Y\u00fccel (1933); Dergilerde ilk \u00fcr\u00fcnlerinin yay\u0131mland\u0131\u011f\u0131 1950\u2019den g\u00fcn\u00fcm\u00fcze, edebiyat\u0131m\u0131z\u0131n son elli y\u0131l\u0131na damga vuran en \u00f6nemli ustalar\u0131ndand\u0131r. Gerek \u00f6yk\u00fc ve roman, gerekse deneme ve ele\u015ftirel \u00e7al\u0131\u015fmalar\u0131yla ufuk a\u00e7an bu \u00f6nemli yazar\u0131n Balzac\u2019tan Flaubert\u2019e, Gide\u2019den Camus\u2019ye \u00e7eviri edebiyat\u0131m\u0131za katk\u0131lar\u0131ysa, 80 kitab\u0131 a\u015fmaktad\u0131r. \ufffcTan\u0131t\u0131m Metni<\/p>\n","protected":false},"excerpt":{"rendered":"<p>Alexandre Dumas fils (1824-1895); Hen\u00fcz 24 ya\u015f\u0131nda yay\u0131mlad\u0131\u011f\u0131 Kamelyal\u0131 Kad\u0131n\u2019\u0131n (1848) i\u00e7tenli\u011fiyle t\u00fcm zamanlar\u0131n en tan\u0131nan a\u015fk romanlar\u0131ndan birine imza atmakla kalmam\u0131\u015f; Verdi\u2019nin La Traviata (1853)<span class=\"excerpt-hellip\"> [\u2026]<\/span><\/p>\n","protected":false},"featured_media":0,"template":"","meta":{"_monsterinsights_skip_tracking":false,"_monsterinsights_sitenote_active":false,"_monsterinsights_sitenote_note":"","_monsterinsights_sitenote_category":0},"product_brand":[],"product_cat":[12291,13376],"product_tag":[],"class_list":{"0":"post-690228","1":"product","2":"type-product","3":"status-publish","5":"product_cat-edebiyat","6":"product_cat-fransiz-edebiyati","7":"pa_cilt-ciltsiz","8":"pa_tur-kitap","9":"pa_yayinevi-is-bankasi-kultur-yayinlari","10":"pa_yazar-alexandre-dumas-fils","12":"first","13":"instock","14":"sale","15":"shipping-taxable","16":"purchasable","17":"product-type-simple"},"_links":{"self":[{"href":"https:\/\/roveyayinevi.com.tr\/index.php\/wp-json\/wp\/v2\/product\/690228","targetHints":{"allow":["GET"]}}],"collection":[{"href":"https:\/\/roveyayinevi.com.tr\/index.php\/wp-json\/wp\/v2\/product"}],"about":[{"href":"https:\/\/roveyayinevi.com.tr\/index.php\/wp-json\/wp\/v2\/types\/product"}],"wp:attachment":[{"href":"https:\/\/roveyayinevi.com.tr\/index.php\/wp-json\/wp\/v2\/media?parent=690228"}],"wp:term":[{"taxonomy":"product_brand","embeddable":true,"href":"https:\/\/roveyayinevi.com.tr\/index.php\/wp-json\/wp\/v2\/product_brand?post=690228"},{"taxonomy":"product_cat","embeddable":true,"href":"https:\/\/roveyayinevi.com.tr\/index.php\/wp-json\/wp\/v2\/product_cat?post=690228"},{"taxonomy":"product_tag","embeddable":true,"href":"https:\/\/roveyayinevi.com.tr\/index.php\/wp-json\/wp\/v2\/product_tag?post=690228"}],"curies":[{"name":"wp","href":"https:\/\/api.w.org\/{rel}","templated":true}]}}