{"id":690222,"date":"2025-08-27T13:50:19","date_gmt":"2025-08-27T10:50:19","guid":{"rendered":"https:\/\/roveyayinevi.com.tr\/index.php\/urun\/genel-biyoloji\/"},"modified":"2026-04-16T01:59:50","modified_gmt":"2026-04-15T22:59:50","slug":"genel-biyoloji","status":"publish","type":"product","link":"https:\/\/roveyayinevi.com.tr\/index.php\/urun\/genel-biyoloji\/","title":{"rendered":"Genel Biyoloji"},"content":{"rendered":"<p>Bu kitap, E\u011fitim Fak\u00fcltelerinin S\u0131n\u0131f \u00d6\u011fretmenli\u011fi programlar\u0131nda alan bilgisi dersleri kapsam\u0131nda okutulan Genel Biyoloji i\u00e7in haz\u0131rlanm\u0131\u015ft\u0131r. Ama\u00e7, her zaman insan\u0131n ilgisini \u00e7eken ve insanla i\u00e7 i\u00e7e olan canl\u0131lar\u0131, genel \u00f6zellikleri hakk\u0131nda bilgiler vererek, \u00f6\u011fretmen adaylar\u0131n\u0131n canl\u0131larla ilgili bilgi seviyelerini y\u00fckseltmek ve canl\u0131lar\u0131n ya\u015fam\u0131n\u0131 tan\u0131yarak edinecekleri bilgileri meslek hayatlar\u0131nda kullanmalar\u0131na yard\u0131mc\u0131 olmakt\u0131r. <\/p>\n","protected":false},"excerpt":{"rendered":"<p>Bu kitap, E\u011fitim Fak\u00fcltelerinin S\u0131n\u0131f \u00d6\u011fretmenli\u011fi programlar\u0131nda alan bilgisi dersleri kapsam\u0131nda okutulan Genel Biyoloji i\u00e7in haz\u0131rlanm\u0131\u015ft\u0131r. Ama\u00e7, her zaman insan\u0131n ilgisini \u00e7eken ve insanla i\u00e7 i\u00e7e<span class=\"excerpt-hellip\"> [\u2026]<\/span><\/p>\n","protected":false},"featured_media":0,"template":"","meta":{"_monsterinsights_skip_tracking":false,"_monsterinsights_sitenote_active":false,"_monsterinsights_sitenote_note":"","_monsterinsights_sitenote_category":0},"product_brand":[],"product_cat":[12312,12304],"product_tag":[],"class_list":{"0":"post-690222","1":"product","2":"type-product","3":"status-publish","5":"product_cat-diger","6":"product_cat-tarih","7":"pa_cilt-ciltsiz","8":"pa_tur-kitap","9":"pa_yayinevi-kok-yayinevi","10":"pa_yazar-kenan-tunc","12":"first","13":"instock","14":"sale","15":"shipping-taxable","16":"purchasable","17":"product-type-simple"},"_links":{"self":[{"href":"https:\/\/roveyayinevi.com.tr\/index.php\/wp-json\/wp\/v2\/product\/690222","targetHints":{"allow":["GET"]}}],"collection":[{"href":"https:\/\/roveyayinevi.com.tr\/index.php\/wp-json\/wp\/v2\/product"}],"about":[{"href":"https:\/\/roveyayinevi.com.tr\/index.php\/wp-json\/wp\/v2\/types\/product"}],"wp:attachment":[{"href":"https:\/\/roveyayinevi.com.tr\/index.php\/wp-json\/wp\/v2\/media?parent=690222"}],"wp:term":[{"taxonomy":"product_brand","embeddable":true,"href":"https:\/\/roveyayinevi.com.tr\/index.php\/wp-json\/wp\/v2\/product_brand?post=690222"},{"taxonomy":"product_cat","embeddable":true,"href":"https:\/\/roveyayinevi.com.tr\/index.php\/wp-json\/wp\/v2\/product_cat?post=690222"},{"taxonomy":"product_tag","embeddable":true,"href":"https:\/\/roveyayinevi.com.tr\/index.php\/wp-json\/wp\/v2\/product_tag?post=690222"}],"curies":[{"name":"wp","href":"https:\/\/api.w.org\/{rel}","templated":true}]}}