{"id":690221,"date":"2025-08-27T13:50:19","date_gmt":"2025-08-27T10:50:19","guid":{"rendered":"https:\/\/roveyayinevi.com.tr\/index.php\/urun\/genel-egitim-okullarinda-ozel-gereksinimi-olan-ogrenciler-ve-ozel-egitim\/"},"modified":"2026-04-16T01:59:50","modified_gmt":"2026-04-15T22:59:50","slug":"genel-egitim-okullarinda-ozel-gereksinimi-olan-ogrenciler-ve-ozel-egitim","status":"publish","type":"product","link":"https:\/\/roveyayinevi.com.tr\/index.php\/urun\/genel-egitim-okullarinda-ozel-gereksinimi-olan-ogrenciler-ve-ozel-egitim\/","title":{"rendered":"Genel E\u011fitim Okullar\u0131nda \u00d6zel Gereksinimi Olan \u00d6\u011frenciler ve \u00d6zel E\u011fitim"},"content":{"rendered":"<p>Bu kitap, \u00f6\u011fretmen olmaya haz\u0131rlanan t\u00fcm \u00f6\u011fretmen adaylar\u0131 i\u00e7in uygun oldu\u011fu kadar \u015fu anda \u00f6\u011fretmenlik yapan ve \u00f6zel e\u011fitimle, \u00f6zel gereksinimli \u00e7ocuklarla ilgili olan ve bu konuda bilgisini geli\u015ftirmek isteyen uzmanlar i\u00e7in de gerekli bilgileri i\u00e7ermektedir. Bu kitapla uzman, okul y\u00f6neticisi, okul\u00f6ncesi ve s\u0131n\u0131f \u00f6\u011fretmeni ve anne babalara \u00f6zel e\u011fitime gereksinimi olan \u00f6\u011frencilere nas\u0131l destek olacaklar\u0131 konusunda bilgi ve becerilerini art\u0131rmalar\u0131na yard\u0131mc\u0131 olmay\u0131 \u00fcmit etmekteyiz. <\/p>\n","protected":false},"excerpt":{"rendered":"<p>Bu kitap, \u00f6\u011fretmen olmaya haz\u0131rlanan t\u00fcm \u00f6\u011fretmen adaylar\u0131 i\u00e7in uygun oldu\u011fu kadar \u015fu anda \u00f6\u011fretmenlik yapan ve \u00f6zel e\u011fitimle, \u00f6zel gereksinimli \u00e7ocuklarla ilgili olan ve bu<span class=\"excerpt-hellip\"> [\u2026]<\/span><\/p>\n","protected":false},"featured_media":0,"template":"","meta":{"_monsterinsights_skip_tracking":false,"_monsterinsights_sitenote_active":false,"_monsterinsights_sitenote_note":"","_monsterinsights_sitenote_category":0},"product_brand":[],"product_cat":[12312,12304],"product_tag":[],"class_list":{"0":"post-690221","1":"product","2":"type-product","3":"status-publish","5":"product_cat-diger","6":"product_cat-tarih","7":"pa_cilt-ciltsiz","8":"pa_tur-kitap","9":"pa_yayinevi-kok-yayinevi","10":"pa_yazar-kolektif","12":"first","13":"instock","14":"sale","15":"shipping-taxable","16":"purchasable","17":"product-type-simple"},"_links":{"self":[{"href":"https:\/\/roveyayinevi.com.tr\/index.php\/wp-json\/wp\/v2\/product\/690221","targetHints":{"allow":["GET"]}}],"collection":[{"href":"https:\/\/roveyayinevi.com.tr\/index.php\/wp-json\/wp\/v2\/product"}],"about":[{"href":"https:\/\/roveyayinevi.com.tr\/index.php\/wp-json\/wp\/v2\/types\/product"}],"wp:attachment":[{"href":"https:\/\/roveyayinevi.com.tr\/index.php\/wp-json\/wp\/v2\/media?parent=690221"}],"wp:term":[{"taxonomy":"product_brand","embeddable":true,"href":"https:\/\/roveyayinevi.com.tr\/index.php\/wp-json\/wp\/v2\/product_brand?post=690221"},{"taxonomy":"product_cat","embeddable":true,"href":"https:\/\/roveyayinevi.com.tr\/index.php\/wp-json\/wp\/v2\/product_cat?post=690221"},{"taxonomy":"product_tag","embeddable":true,"href":"https:\/\/roveyayinevi.com.tr\/index.php\/wp-json\/wp\/v2\/product_tag?post=690221"}],"curies":[{"name":"wp","href":"https:\/\/api.w.org\/{rel}","templated":true}]}}