{"id":690220,"date":"2025-08-27T13:50:19","date_gmt":"2025-08-27T10:50:19","guid":{"rendered":"https:\/\/roveyayinevi.com.tr\/index.php\/urun\/erken-cocukluk-doneminde-gelisim-2\/"},"modified":"2026-04-03T02:03:48","modified_gmt":"2026-04-02T23:03:48","slug":"erken-cocukluk-doneminde-gelisim-2","status":"publish","type":"product","link":"https:\/\/roveyayinevi.com.tr\/index.php\/urun\/erken-cocukluk-doneminde-gelisim-2\/","title":{"rendered":"Erken \u00c7ocukluk D\u00f6neminde Geli\u015fim 2"},"content":{"rendered":"<p>Erken \u00e7ocukluk d\u00f6nemini ele al\u0131rken, iki ayr\u0131 kitapta konular\u0131 toplaman\u0131n okuyucu a\u00e7\u0131s\u0131ndan daha kolay olabilece\u011fi d\u00fc\u015f\u00fcn\u00fclm\u00fc\u015ft\u00fcr. Bu kitaptan \u00f6nce, \u201cErken \u00e7ocukluk D\u00f6neminde Geli\u015fim-1\u201d kitab\u0131 2009 bas\u0131m\u0131 ile sizlere sunulmu\u015ftur. \u00f6zellikle \u00f6\u011frencilerden ald\u0131\u011f\u0131m\u0131z olumlu geri iletimlerle do\u011fru bir i\u015f yapt\u0131\u011f\u0131m\u0131z\u0131 bir kez daha anlad\u0131k. \u00f6\u011frencilerimiz kitab\u0131n son derece anla\u015f\u0131l\u0131r ve kolay okunur oldu\u011funu s\u0131k s\u0131k dile getirmi\u015ftir. Bu nedenle \u00f6nceki kitab\u0131n bir devam\u0131 niteli\u011fi ta\u015f\u0131yan elinizdeki \u201cErken \u00e7ocukluk D\u00f6neminde Geli\u015fim-2\u201d kitab\u0131 da ayn\u0131 anlay\u0131\u015fla, kolay ve keyifl i okunabilir nitelikte haz\u0131rlanmaya \u00e7al\u0131\u015f\u0131lm\u0131\u015ft\u0131r. Erken \u00e7ocukluk D\u00f6neminde Geli\u015fim-II kitab\u0131 kapsam\u0131nda yer alan konular i\u00e7inde ki\u015filik geli\u015fimi, sosyal ve duygusal geli\u015fim, ahlak geli\u015fimi, cinsel geli\u015fim, farkl\u0131 geli\u015fen \u00e7ocuklar ve erken \u00e7ocukluk d\u00f6neminde anne-baba e\u011fitimi gibi konular yer almaktad\u0131r. <\/p>\n","protected":false},"excerpt":{"rendered":"<p>Erken \u00e7ocukluk d\u00f6nemini ele al\u0131rken, iki ayr\u0131 kitapta konular\u0131 toplaman\u0131n okuyucu a\u00e7\u0131s\u0131ndan daha kolay olabilece\u011fi d\u00fc\u015f\u00fcn\u00fclm\u00fc\u015ft\u00fcr. Bu kitaptan \u00f6nce, \u201cErken \u00e7ocukluk D\u00f6neminde Geli\u015fim-1\u201d kitab\u0131 2009 bas\u0131m\u0131<span class=\"excerpt-hellip\"> [\u2026]<\/span><\/p>\n","protected":false},"featured_media":0,"template":"","meta":{"_monsterinsights_skip_tracking":false,"_monsterinsights_sitenote_active":false,"_monsterinsights_sitenote_note":"","_monsterinsights_sitenote_category":0},"product_brand":[],"product_cat":[12364,12376],"product_tag":[],"class_list":{"0":"post-690220","1":"product","2":"type-product","3":"status-publish","5":"product_cat-genel-konular","6":"product_cat-kisisel-gelisim","7":"pa_cilt-ciltsiz","8":"pa_tur-kitap","9":"pa_yayinevi-kok-yayinevi","10":"pa_yazar-mesude-atay","12":"first","13":"instock","14":"sale","15":"shipping-taxable","16":"purchasable","17":"product-type-simple"},"_links":{"self":[{"href":"https:\/\/roveyayinevi.com.tr\/index.php\/wp-json\/wp\/v2\/product\/690220","targetHints":{"allow":["GET"]}}],"collection":[{"href":"https:\/\/roveyayinevi.com.tr\/index.php\/wp-json\/wp\/v2\/product"}],"about":[{"href":"https:\/\/roveyayinevi.com.tr\/index.php\/wp-json\/wp\/v2\/types\/product"}],"wp:attachment":[{"href":"https:\/\/roveyayinevi.com.tr\/index.php\/wp-json\/wp\/v2\/media?parent=690220"}],"wp:term":[{"taxonomy":"product_brand","embeddable":true,"href":"https:\/\/roveyayinevi.com.tr\/index.php\/wp-json\/wp\/v2\/product_brand?post=690220"},{"taxonomy":"product_cat","embeddable":true,"href":"https:\/\/roveyayinevi.com.tr\/index.php\/wp-json\/wp\/v2\/product_cat?post=690220"},{"taxonomy":"product_tag","embeddable":true,"href":"https:\/\/roveyayinevi.com.tr\/index.php\/wp-json\/wp\/v2\/product_tag?post=690220"}],"curies":[{"name":"wp","href":"https:\/\/api.w.org\/{rel}","templated":true}]}}