{"id":690218,"date":"2025-08-27T13:50:19","date_gmt":"2025-08-27T10:50:19","guid":{"rendered":"https:\/\/roveyayinevi.com.tr\/index.php\/urun\/etkinliklerle-muzik-ogretimi\/"},"modified":"2026-04-16T01:59:50","modified_gmt":"2026-04-15T22:59:50","slug":"etkinliklerle-muzik-ogretimi","status":"publish","type":"product","link":"https:\/\/roveyayinevi.com.tr\/index.php\/urun\/etkinliklerle-muzik-ogretimi\/","title":{"rendered":"Etkinliklerle M\u00fczik \u00d6\u011fretimi"},"content":{"rendered":"<p>Kitab\u0131m\u0131z i\u00e7erik olarak okul \u00f6ncesi \u00f6\u011fretmenleri, s\u0131n\u0131f \u00f6\u011fretmenleri ve m\u00fczik \u00f6\u011fretmenlerine yararl\u0131 olacak bi\u00e7imde haz\u0131rlanm\u0131\u015f olup; nota bilgilerinin tekerlemelerden basit ezgilere, basit ezgilerden \u015fark\u0131l\u0131 oyunlara ve oyunlardan t\u00fcrk\u00fclere do\u011fru olu\u015fan bir ezgi zinciriyle \u00f6\u011fretimi hedeflenmi\u015ftir.Kitapta sistematik bir bi\u00e7imde nota \u00f6\u011fretiminin yan\u0131 s\u0131ra ilk\u00f6\u011fretimdeki m\u00fczik, matematik, hayat bilgisi, fen ve teknoloji dersleri programlar\u0131yla da ili\u015fkilendirilerek di\u011fer derslerde m\u00fczi\u011fi kullanma bir \u00f6\u011fretim y\u00f6ntemi olarak hedeflenmi\u015f, kitap i\u00e7eri\u011finde bulunan \u015fark\u0131lar \u00f6zenle se\u00e7ilmi\u015ftir. <\/p>\n","protected":false},"excerpt":{"rendered":"<p>Kitab\u0131m\u0131z i\u00e7erik olarak okul \u00f6ncesi \u00f6\u011fretmenleri, s\u0131n\u0131f \u00f6\u011fretmenleri ve m\u00fczik \u00f6\u011fretmenlerine yararl\u0131 olacak bi\u00e7imde haz\u0131rlanm\u0131\u015f olup; nota bilgilerinin tekerlemelerden basit ezgilere, basit ezgilerden \u015fark\u0131l\u0131 oyunlara ve<span class=\"excerpt-hellip\"> [\u2026]<\/span><\/p>\n","protected":false},"featured_media":0,"template":"","meta":{"_monsterinsights_skip_tracking":false,"_monsterinsights_sitenote_active":false,"_monsterinsights_sitenote_note":"","_monsterinsights_sitenote_category":0},"product_brand":[],"product_cat":[12274,12649],"product_tag":[],"class_list":{"0":"post-690218","1":"product","2":"type-product","3":"status-publish","5":"product_cat-cocuk-ve-genclik-kitaplari","6":"product_cat-hobi-muzik","7":"pa_cilt-ciltsiz","8":"pa_tur-kitap","9":"pa_yayinevi-kok-yayinevi","10":"pa_yazar-gamze-calik-cetin","12":"first","13":"instock","14":"sale","15":"shipping-taxable","16":"purchasable","17":"product-type-simple"},"_links":{"self":[{"href":"https:\/\/roveyayinevi.com.tr\/index.php\/wp-json\/wp\/v2\/product\/690218","targetHints":{"allow":["GET"]}}],"collection":[{"href":"https:\/\/roveyayinevi.com.tr\/index.php\/wp-json\/wp\/v2\/product"}],"about":[{"href":"https:\/\/roveyayinevi.com.tr\/index.php\/wp-json\/wp\/v2\/types\/product"}],"wp:attachment":[{"href":"https:\/\/roveyayinevi.com.tr\/index.php\/wp-json\/wp\/v2\/media?parent=690218"}],"wp:term":[{"taxonomy":"product_brand","embeddable":true,"href":"https:\/\/roveyayinevi.com.tr\/index.php\/wp-json\/wp\/v2\/product_brand?post=690218"},{"taxonomy":"product_cat","embeddable":true,"href":"https:\/\/roveyayinevi.com.tr\/index.php\/wp-json\/wp\/v2\/product_cat?post=690218"},{"taxonomy":"product_tag","embeddable":true,"href":"https:\/\/roveyayinevi.com.tr\/index.php\/wp-json\/wp\/v2\/product_tag?post=690218"}],"curies":[{"name":"wp","href":"https:\/\/api.w.org\/{rel}","templated":true}]}}