{"id":690215,"date":"2025-08-27T13:50:18","date_gmt":"2025-08-27T10:50:18","guid":{"rendered":"https:\/\/roveyayinevi.com.tr\/index.php\/urun\/vadideki-zambak-2\/"},"modified":"2026-04-16T01:59:50","modified_gmt":"2026-04-15T22:59:50","slug":"vadideki-zambak-2","status":"publish","type":"product","link":"https:\/\/roveyayinevi.com.tr\/index.php\/urun\/vadideki-zambak-2\/","title":{"rendered":"Vadideki Zambak"},"content":{"rendered":"<p>Vadideki Zambak gen\u00e7lere d\u00fcnya klasiklerini tan\u0131tarak, onlar\u0131 bu eserleri okumaya y\u00f6nlendirmek amac\u0131yla haz\u0131rlanan Arkada\u015f D\u00fcnya Klasikleri Gen\u00e7lik \u00d6zet Dizisinin ilk kitab\u0131. D\u00fcnya Klasikleri aras\u0131nda \u00f6zel bir yeri olan Vadideki Zambak, XIX. y\u00fczy\u0131l Frans\u0131z edebiyat\u0131n\u0131n \u00f6nemli ve b\u00fcy\u00fck yazarlar\u0131ndan Honore de Balzac\u2019\u0131n en \u00e7ok sevilen ve b\u00fct\u00fcn d\u00fcnyada en \u00e7ok okunan kitab\u0131d\u0131r. Soylu ve zengin bir ailenin o\u011flu olan Felix, \u00e7ocuklu\u011funu ve gen\u00e7li\u011fini yat\u0131l\u0131 okulda ailesinden uzakta ve anne sevgisi \u00f6zlemi i\u00e7inde ge\u00e7irir. 20 ya\u015f\u0131ndayken, bir baloda 26 ya\u015f\u0131ndaki Henriette\u2019i g\u00f6r\u00fcr ve ona a\u015f\u0131k olur. Onun evli ve iki \u00e7ocuklu bir kad\u0131n oldu\u011funu \u00f6\u011frendi\u011finde de duygular\u0131ndan vazge\u00e7emez. Adeta ya\u015fam\u0131 boyunda hasret kald\u0131\u011f\u0131 t\u00fcm sevgi ve yak\u0131nl\u0131k duygular\u0131n\u0131 onda bulur. Henriette\u2019in mutsuz bir evlili\u011fi vard\u0131r, kocas\u0131 s\u00fcrekli krizler ge\u00e7iren bir sinir hastas\u0131d\u0131r. Henriette de Felix\u2019e kar\u015f\u0131 yo\u011fun duygular i\u00e7indedir ve bunu s\u00fcrekli olarak dostluk ve manevi annelik duygular\u0131 olarak dile getirir. Felix ve Henriette\u2019\u0131n ili\u015fkileri kar\u015f\u0131l\u0131kl\u0131 olarak ya\u015famlar\u0131 boyunca yoksun b\u0131rak\u0131ld\u0131klar\u0131 sevgi i\u00e7in bir aray\u0131\u015ft\u0131r ve anne-o\u011ful, dostluk s\u0131n\u0131rlar\u0131 i\u00e7inde kal\u0131r Vadideki Zambak tutku dolu bir a\u015fk\u0131n trajedisini dile getirirken ayn\u0131 zamanda sadakat, ahlakl\u0131 olmak, toplumsal kurallara uymak, ilkeli ve onurlu ya\u015famak gibi de\u011ferler \u00fczerine vurgu yapar. Bunun yan\u0131nda kitapta Balzac\u2019\u0131n \u00e7ocukluk d\u00f6neminde ya\u015fad\u0131\u011f\u0131 ac\u0131lar\u0131n ve \u00e7\u00f6k\u00fcnt\u00fcn\u00fcn izleri de g\u00f6r\u00fcl\u00fcr. Duru bir T\u00fcrk\u00e7eyle yeniden uyarlanan d\u00fcnya edebiyat\u0131n\u0131n bu e\u015fsiz eserini gen\u00e7lerimize sunmaktan b\u00fcy\u00fck mutluluk duyuyoruz.<\/p>\n","protected":false},"excerpt":{"rendered":"<p>Vadideki Zambak gen\u00e7lere d\u00fcnya klasiklerini tan\u0131tarak, onlar\u0131 bu eserleri okumaya y\u00f6nlendirmek amac\u0131yla haz\u0131rlanan Arkada\u015f D\u00fcnya Klasikleri Gen\u00e7lik \u00d6zet Dizisinin ilk kitab\u0131. D\u00fcnya Klasikleri aras\u0131nda \u00f6zel bir<span class=\"excerpt-hellip\"> [\u2026]<\/span><\/p>\n","protected":false},"featured_media":0,"template":"","meta":{"_monsterinsights_skip_tracking":false,"_monsterinsights_sitenote_active":false,"_monsterinsights_sitenote_note":"","_monsterinsights_sitenote_category":0},"product_brand":[],"product_cat":[12291,13376],"product_tag":[],"class_list":{"0":"post-690215","1":"product","2":"type-product","3":"status-publish","5":"product_cat-edebiyat","6":"product_cat-fransiz-edebiyati","7":"pa_cilt-ciltsiz","8":"pa_tur-kitap","9":"pa_yayinevi-arkadas-yayinlari","10":"pa_yazar-honore-de-balzac","12":"first","13":"instock","14":"sale","15":"shipping-taxable","16":"purchasable","17":"product-type-simple"},"_links":{"self":[{"href":"https:\/\/roveyayinevi.com.tr\/index.php\/wp-json\/wp\/v2\/product\/690215","targetHints":{"allow":["GET"]}}],"collection":[{"href":"https:\/\/roveyayinevi.com.tr\/index.php\/wp-json\/wp\/v2\/product"}],"about":[{"href":"https:\/\/roveyayinevi.com.tr\/index.php\/wp-json\/wp\/v2\/types\/product"}],"wp:attachment":[{"href":"https:\/\/roveyayinevi.com.tr\/index.php\/wp-json\/wp\/v2\/media?parent=690215"}],"wp:term":[{"taxonomy":"product_brand","embeddable":true,"href":"https:\/\/roveyayinevi.com.tr\/index.php\/wp-json\/wp\/v2\/product_brand?post=690215"},{"taxonomy":"product_cat","embeddable":true,"href":"https:\/\/roveyayinevi.com.tr\/index.php\/wp-json\/wp\/v2\/product_cat?post=690215"},{"taxonomy":"product_tag","embeddable":true,"href":"https:\/\/roveyayinevi.com.tr\/index.php\/wp-json\/wp\/v2\/product_tag?post=690215"}],"curies":[{"name":"wp","href":"https:\/\/api.w.org\/{rel}","templated":true}]}}