{"id":690214,"date":"2025-08-27T13:50:18","date_gmt":"2025-08-27T10:50:18","guid":{"rendered":"https:\/\/roveyayinevi.com.tr\/index.php\/urun\/turkcenin-argo-sozlugu\/"},"modified":"2026-04-16T01:59:50","modified_gmt":"2026-04-15T22:59:50","slug":"turkcenin-argo-sozlugu","status":"publish","type":"product","link":"https:\/\/roveyayinevi.com.tr\/index.php\/urun\/turkcenin-argo-sozlugu\/","title":{"rendered":"T\u00fcrk\u00e7enin Argo S\u00f6zl\u00fc\u011f\u00fc"},"content":{"rendered":"<p>Argo, kapal\u0131 bir aland\u0131r ama zaman i\u00e7inde \u00f6l\u00e7\u00fcnl\u00fc dile s\u0131zmas\u0131yla yayg\u0131nl\u0131k kazand\u0131\u011f\u0131 olur. Bu durumdaki s\u00f6zc\u00fc\u011f\u00fcn, deyimin argo oldu\u011fu an\u0131msanmaz; \u00f6rne\u011fin &#8220;bo\u015f vermek&#8221; deyimini kullananlar, bunun bir argo s\u00f6z oldu\u011funu d\u00fc\u015f\u00fcnmez bile. \u00d6zellikle senlibenli konu\u015fmada bu t\u00fcr s\u00f6zlerin s\u0131k\u00e7a yer ald\u0131\u011f\u0131 g\u00f6r\u00fcl\u00fcr.   Argo, dilin bir olana\u011f\u0131d\u0131r. T\u00fcrk\u00e7ede argo, daha \u00e7ok konu\u015fma dilinde kullan\u0131l\u0131r. Ancak yazarlar\u0131n da, ki\u015filerinin durumlar\u0131na g\u00f6re, argoya uzak durmad\u0131klar\u0131 olur. Bu k\u00fc\u00e7\u00fck s\u00f6zl\u00fck, \u00e7ok s\u0131k kullan\u0131lan argo s\u00f6zleri bir araya getirmi\u015ftir. Rastlad\u0131\u011f\u0131n\u0131z argo s\u00f6zc\u00fckleri, deyimleri, s\u00f6zleri \u00e7\u00f6zmede size yard\u0131mc\u0131 olacakt\u0131r.<\/p>\n","protected":false},"excerpt":{"rendered":"<p>Argo, kapal\u0131 bir aland\u0131r ama zaman i\u00e7inde \u00f6l\u00e7\u00fcnl\u00fc dile s\u0131zmas\u0131yla yayg\u0131nl\u0131k kazand\u0131\u011f\u0131 olur. Bu durumdaki s\u00f6zc\u00fc\u011f\u00fcn, deyimin argo oldu\u011fu an\u0131msanmaz; \u00f6rne\u011fin &#8220;bo\u015f vermek&#8221; deyimini kullananlar, bunun<span class=\"excerpt-hellip\"> [\u2026]<\/span><\/p>\n","protected":false},"featured_media":0,"template":"","meta":{"_monsterinsights_skip_tracking":false,"_monsterinsights_sitenote_active":false,"_monsterinsights_sitenote_note":"","_monsterinsights_sitenote_category":0},"product_brand":[],"product_cat":[12364,16266],"product_tag":[],"class_list":{"0":"post-690214","1":"product","2":"type-product","3":"status-publish","5":"product_cat-genel-konular","6":"product_cat-referans-kaynak-kitap","7":"pa_cilt-ciltsiz","8":"pa_tur-kitap","9":"pa_yayinevi-arkadas-yayinlari","10":"pa_yazar-ali-puskulluoglu","12":"first","13":"instock","14":"sale","15":"shipping-taxable","16":"purchasable","17":"product-type-simple"},"_links":{"self":[{"href":"https:\/\/roveyayinevi.com.tr\/index.php\/wp-json\/wp\/v2\/product\/690214","targetHints":{"allow":["GET"]}}],"collection":[{"href":"https:\/\/roveyayinevi.com.tr\/index.php\/wp-json\/wp\/v2\/product"}],"about":[{"href":"https:\/\/roveyayinevi.com.tr\/index.php\/wp-json\/wp\/v2\/types\/product"}],"wp:attachment":[{"href":"https:\/\/roveyayinevi.com.tr\/index.php\/wp-json\/wp\/v2\/media?parent=690214"}],"wp:term":[{"taxonomy":"product_brand","embeddable":true,"href":"https:\/\/roveyayinevi.com.tr\/index.php\/wp-json\/wp\/v2\/product_brand?post=690214"},{"taxonomy":"product_cat","embeddable":true,"href":"https:\/\/roveyayinevi.com.tr\/index.php\/wp-json\/wp\/v2\/product_cat?post=690214"},{"taxonomy":"product_tag","embeddable":true,"href":"https:\/\/roveyayinevi.com.tr\/index.php\/wp-json\/wp\/v2\/product_tag?post=690214"}],"curies":[{"name":"wp","href":"https:\/\/api.w.org\/{rel}","templated":true}]}}