{"id":690213,"date":"2025-08-27T13:50:18","date_gmt":"2025-08-27T10:50:18","guid":{"rendered":"https:\/\/roveyayinevi.com.tr\/index.php\/urun\/turistik-turkiye-karayollari-haritasi\/"},"modified":"2026-03-10T02:01:23","modified_gmt":"2026-03-09T23:01:23","slug":"turistik-turkiye-karayollari-haritasi","status":"publish","type":"product","link":"https:\/\/roveyayinevi.com.tr\/index.php\/urun\/turistik-turkiye-karayollari-haritasi\/","title":{"rendered":"Turistik T\u00fcrkiye Karayollar\u0131 Haritas\u0131"},"content":{"rendered":"<p>Detayl\u0131 yol ve turistik yer bilgileri: Otoban, \u015eehirler aras\u0131 ve k\u00f6y yollar\u0131 detay\u0131na kadar genel ula\u015f\u0131m a\u011f\u0131, Demiryollar\u0131, \u015eehir, \u0130l\u00e7e, Bucak kent merkezleri i\u015faretlemeleri, Turistik ve Antik yerle\u015fim i\u015faretlemeleri, Havaalanlar\u0131, Liman-\u0130skele i\u015faretlemeleri ile Mesafe cetveli i\u00e7ermektedir. <\/p>\n","protected":false},"excerpt":{"rendered":"<p>Detayl\u0131 yol ve turistik yer bilgileri: Otoban, \u015eehirler aras\u0131 ve k\u00f6y yollar\u0131 detay\u0131na kadar genel ula\u015f\u0131m a\u011f\u0131, Demiryollar\u0131, \u015eehir, \u0130l\u00e7e, Bucak kent merkezleri i\u015faretlemeleri, Turistik ve<span class=\"excerpt-hellip\"> [\u2026]<\/span><\/p>\n","protected":false},"featured_media":0,"template":"","meta":{"_monsterinsights_skip_tracking":false,"_monsterinsights_sitenote_active":false,"_monsterinsights_sitenote_note":"","_monsterinsights_sitenote_category":0},"product_brand":[],"product_cat":[13055,13054],"product_tag":[],"class_list":{"0":"post-690213","1":"product","2":"type-product","3":"status-publish","5":"product_cat-gezi-rehberi","6":"product_cat-gezi-ve-rehber-kitaplari","7":"pa_cilt-ciltsiz","8":"pa_tur-kitap","9":"pa_yayinevi-arkadas-yayinlari","10":"pa_yazar-derleme","12":"first","13":"instock","14":"sale","15":"shipping-taxable","16":"purchasable","17":"product-type-simple"},"_links":{"self":[{"href":"https:\/\/roveyayinevi.com.tr\/index.php\/wp-json\/wp\/v2\/product\/690213","targetHints":{"allow":["GET"]}}],"collection":[{"href":"https:\/\/roveyayinevi.com.tr\/index.php\/wp-json\/wp\/v2\/product"}],"about":[{"href":"https:\/\/roveyayinevi.com.tr\/index.php\/wp-json\/wp\/v2\/types\/product"}],"wp:attachment":[{"href":"https:\/\/roveyayinevi.com.tr\/index.php\/wp-json\/wp\/v2\/media?parent=690213"}],"wp:term":[{"taxonomy":"product_brand","embeddable":true,"href":"https:\/\/roveyayinevi.com.tr\/index.php\/wp-json\/wp\/v2\/product_brand?post=690213"},{"taxonomy":"product_cat","embeddable":true,"href":"https:\/\/roveyayinevi.com.tr\/index.php\/wp-json\/wp\/v2\/product_cat?post=690213"},{"taxonomy":"product_tag","embeddable":true,"href":"https:\/\/roveyayinevi.com.tr\/index.php\/wp-json\/wp\/v2\/product_tag?post=690213"}],"curies":[{"name":"wp","href":"https:\/\/api.w.org\/{rel}","templated":true}]}}