{"id":690206,"date":"2025-08-27T13:50:16","date_gmt":"2025-08-27T10:50:16","guid":{"rendered":"https:\/\/roveyayinevi.com.tr\/index.php\/urun\/savas-ve-baris-2\/"},"modified":"2026-04-16T01:59:50","modified_gmt":"2026-04-15T22:59:50","slug":"savas-ve-baris-2","status":"publish","type":"product","link":"https:\/\/roveyayinevi.com.tr\/index.php\/urun\/savas-ve-baris-2\/","title":{"rendered":"Sava\u015f ve Bar\u0131\u015f"},"content":{"rendered":"<p>Sava\u015f ve Bar\u0131\u015f, gen\u00e7lere d\u00fcnya klasiklerini tan\u0131tarak, onlar\u0131 bu eserleri okumaya y\u00f6nlendirmek amac\u0131yla haz\u0131rlad\u0131\u011f\u0131m\u0131z Arkada\u015f D\u00fcnya Klasikleri Gen\u00e7lik \u00d6zet Dizisi\u2019nin \u00fc\u00e7\u00fcnc\u00fc kitab\u0131d\u0131r. Gen\u00e7 okurlar\u0131n kolayca anlayarak be\u011feniyle okuyabilece\u011fi yal\u0131n bir T\u00fcrk\u00e7eyle orijinal metinden uyarlanm\u0131\u015ft\u0131r. Tolstoy\u2019un ba\u015fyap\u0131t\u0131 olan Sava\u015f ve Bar\u0131\u015f, d\u00fcnya edebiyat\u0131n\u0131n en \u00f6nemli eserlerindendir ve Milli E\u011fitim Bakanl\u0131\u011f\u0131nca 100 Temel eser kapsam\u0131nda \u00f6\u011frencilere tavsiye edilmi\u015ftir.  Tolstoy\u2019un bir destan niteli\u011findeki roman\u0131 &#8220;Sava\u015f ve Bar\u0131\u015f&#8221; y\u00fczlerce farkl\u0131 karakteri olan, sevgiden nefrete, ac\u0131dan mutlulu\u011fa, dostluktan d\u00fc\u015fmanl\u0131\u011fa, korkakl\u0131ktan cesarete, vatan sevgisinden ki\u015fisel \u00e7\u0131karlara kadar pek \u00e7ok ahlaki ve toplumsal de\u011feri titizlikle i\u015fleyen bir ba\u015fyap\u0131tt\u0131r&#8230;\ufffc<\/p>\n","protected":false},"excerpt":{"rendered":"<p>Sava\u015f ve Bar\u0131\u015f, gen\u00e7lere d\u00fcnya klasiklerini tan\u0131tarak, onlar\u0131 bu eserleri okumaya y\u00f6nlendirmek amac\u0131yla haz\u0131rlad\u0131\u011f\u0131m\u0131z Arkada\u015f D\u00fcnya Klasikleri Gen\u00e7lik \u00d6zet Dizisi\u2019nin \u00fc\u00e7\u00fcnc\u00fc kitab\u0131d\u0131r. Gen\u00e7 okurlar\u0131n kolayca anlayarak<span class=\"excerpt-hellip\"> [\u2026]<\/span><\/p>\n","protected":false},"featured_media":0,"template":"","meta":{"_monsterinsights_skip_tracking":false,"_monsterinsights_sitenote_active":false,"_monsterinsights_sitenote_note":"","_monsterinsights_sitenote_category":0},"product_brand":[],"product_cat":[12291,13570],"product_tag":[],"class_list":{"0":"post-690206","1":"product","2":"type-product","3":"status-publish","5":"product_cat-edebiyat","6":"product_cat-rus-edebiyati","7":"pa_cilt-ciltsiz","8":"pa_tur-kitap","9":"pa_yayinevi-arkadas-yayinlari","10":"pa_yazar-lev-nikolayevic-tolstoy","12":"first","13":"instock","14":"sale","15":"shipping-taxable","16":"purchasable","17":"product-type-simple"},"_links":{"self":[{"href":"https:\/\/roveyayinevi.com.tr\/index.php\/wp-json\/wp\/v2\/product\/690206","targetHints":{"allow":["GET"]}}],"collection":[{"href":"https:\/\/roveyayinevi.com.tr\/index.php\/wp-json\/wp\/v2\/product"}],"about":[{"href":"https:\/\/roveyayinevi.com.tr\/index.php\/wp-json\/wp\/v2\/types\/product"}],"wp:attachment":[{"href":"https:\/\/roveyayinevi.com.tr\/index.php\/wp-json\/wp\/v2\/media?parent=690206"}],"wp:term":[{"taxonomy":"product_brand","embeddable":true,"href":"https:\/\/roveyayinevi.com.tr\/index.php\/wp-json\/wp\/v2\/product_brand?post=690206"},{"taxonomy":"product_cat","embeddable":true,"href":"https:\/\/roveyayinevi.com.tr\/index.php\/wp-json\/wp\/v2\/product_cat?post=690206"},{"taxonomy":"product_tag","embeddable":true,"href":"https:\/\/roveyayinevi.com.tr\/index.php\/wp-json\/wp\/v2\/product_tag?post=690206"}],"curies":[{"name":"wp","href":"https:\/\/api.w.org\/{rel}","templated":true}]}}