{"id":690196,"date":"2025-08-27T13:50:15","date_gmt":"2025-08-27T10:50:15","guid":{"rendered":"https:\/\/roveyayinevi.com.tr\/index.php\/urun\/dolambac-agaci-da-neymis\/"},"modified":"2026-04-16T01:59:49","modified_gmt":"2026-04-15T22:59:49","slug":"dolambac-agaci-da-neymis","status":"publish","type":"product","link":"https:\/\/roveyayinevi.com.tr\/index.php\/urun\/dolambac-agaci-da-neymis\/","title":{"rendered":"Dolamba\u00e7 A\u011fac\u0131 da Neymi\u015f"},"content":{"rendered":"<p>Siz hi\u00e7 Dolamba\u00e7 A\u011fac\u0131 diye bir \u015fey duydunuz mu? Sizi bilmem ama ben duymam\u0131\u015ft\u0131m. Her \u015fey, bah\u00e7ede oturdu\u011fumuz o gece ba\u015flad\u0131. Barlas amcan\u0131n muzip bir tav\u0131rla, Sana bir s\u0131r vereyim mi? dedi\u011fi gece. S\u0131rlara bay\u0131l\u0131r\u0131m! diye kikirdedi\u011fimi hat\u0131rl\u0131yorum. O da, Okalipt\u00fcs a\u011fac\u0131m\u0131z, Dolamba\u00e7 A\u011fac\u0131\u2019na d\u00f6n\u00fc\u015fm\u00fc\u015f! diyerek g\u00fclm\u00fc\u015ft\u00fc. Dolamba\u00e7 A\u011fac\u0131 m\u0131? demi\u015ftim \u015fa\u015fk\u0131nl\u0131kla. H\u0131 h\u0131&#8230; diye kafa sallam\u0131\u015ft\u0131. Barlas amca, kar\u015f\u0131 k\u0131y\u0131daki palmiyelerden birine umutsuzca \u00e2\u015f\u0131k olan bir a\u011fa\u00e7tan s\u00f6z ediyordu. \u00dcstelik kafas\u0131 estik\u00e7e \u015fiir a\u00e7an bir a\u011fa\u00e7! Sonunda, o f\u0131tt\u0131r\u0131k a\u011fac\u0131n gizemini \u00e7\u00f6zd\u00fck. Nas\u0131l m\u0131? \u00c7alg\u0131c\u0131 B\u00f6cek Soka\u011f\u0131\u2019n\u0131n \u00e7ocuklar\u0131yla el ele vererek&#8230; \ufffcTan\u0131t\u0131m Metni<\/p>\n","protected":false},"excerpt":{"rendered":"<p>Siz hi\u00e7 Dolamba\u00e7 A\u011fac\u0131 diye bir \u015fey duydunuz mu? Sizi bilmem ama ben duymam\u0131\u015ft\u0131m. Her \u015fey, bah\u00e7ede oturdu\u011fumuz o gece ba\u015flad\u0131. Barlas amcan\u0131n muzip bir tav\u0131rla,<span class=\"excerpt-hellip\"> [\u2026]<\/span><\/p>\n","protected":false},"featured_media":0,"template":"","meta":{"_monsterinsights_skip_tracking":false,"_monsterinsights_sitenote_active":false,"_monsterinsights_sitenote_note":"","_monsterinsights_sitenote_category":0},"product_brand":[],"product_cat":[12274,12284],"product_tag":[],"class_list":{"0":"post-690196","1":"product","2":"type-product","3":"status-publish","5":"product_cat-cocuk-ve-genclik-kitaplari","6":"product_cat-hikayeler","7":"pa_tur-kitap","8":"pa_yayinevi-altin-kitaplar-ozel-urun","9":"pa_yazar-asuman-portakal","11":"first","12":"instock","13":"sale","14":"shipping-taxable","15":"purchasable","16":"product-type-simple"},"_links":{"self":[{"href":"https:\/\/roveyayinevi.com.tr\/index.php\/wp-json\/wp\/v2\/product\/690196","targetHints":{"allow":["GET"]}}],"collection":[{"href":"https:\/\/roveyayinevi.com.tr\/index.php\/wp-json\/wp\/v2\/product"}],"about":[{"href":"https:\/\/roveyayinevi.com.tr\/index.php\/wp-json\/wp\/v2\/types\/product"}],"wp:attachment":[{"href":"https:\/\/roveyayinevi.com.tr\/index.php\/wp-json\/wp\/v2\/media?parent=690196"}],"wp:term":[{"taxonomy":"product_brand","embeddable":true,"href":"https:\/\/roveyayinevi.com.tr\/index.php\/wp-json\/wp\/v2\/product_brand?post=690196"},{"taxonomy":"product_cat","embeddable":true,"href":"https:\/\/roveyayinevi.com.tr\/index.php\/wp-json\/wp\/v2\/product_cat?post=690196"},{"taxonomy":"product_tag","embeddable":true,"href":"https:\/\/roveyayinevi.com.tr\/index.php\/wp-json\/wp\/v2\/product_tag?post=690196"}],"curies":[{"name":"wp","href":"https:\/\/api.w.org\/{rel}","templated":true}]}}