{"id":690194,"date":"2025-08-27T13:50:14","date_gmt":"2025-08-27T10:50:14","guid":{"rendered":"https:\/\/roveyayinevi.com.tr\/index.php\/urun\/cani-sikilan-cocuk-egede\/"},"modified":"2026-04-13T01:59:58","modified_gmt":"2026-04-12T22:59:58","slug":"cani-sikilan-cocuk-egede","status":"publish","type":"product","link":"https:\/\/roveyayinevi.com.tr\/index.php\/urun\/cani-sikilan-cocuk-egede\/","title":{"rendered":"Can\u0131 S\u0131k\u0131lan \u00c7ocuk Ege\u2019de"},"content":{"rendered":"<p>\u00c7ocuk edebiyat\u0131n\u0131n \u00f6d\u00fcll\u00fc yazar\u0131 D. Ege G\u00f6\u00e7men\u2019den yeni bir kitap daha! Can\u0131 S\u0131k\u0131lan \u00c7ocuk Ege\u2019de&#8230; Hayat s\u00fcrprizlerle doludur! En s\u0131k\u0131c\u0131 buldu\u011funuz durumlarda bile&#8230; Kahraman\u0131m\u0131z \u00d6zg\u00fcr\u2019\u00fcn de can\u0131 \u00e7ok s\u0131k\u0131l\u0131yordu. \u00c7\u00fcnk\u00fc yaz tatilinde, anneannesi ve dedesinin ya\u015fad\u0131\u011f\u0131 Ege\u2019deki bir sahil kasabas\u0131na gitmek zorundayd\u0131. En yak\u0131n arkada\u015flar\u0131 birbirinden g\u00fczel tatil planlar\u0131 yaparken, onun yaz tatilini hi\u00e7 tan\u0131mad\u0131\u011f\u0131 bir \u00e7evrede, \u00fcstelik bilgisayar\u0131 olmadan ge\u00e7irmesi fazlas\u0131yla haks\u0131zl\u0131kt\u0131&#8230; Ama dedi\u011fimiz gibi, hayat s\u00fcrprizlerle doludur. \u00d6zg\u00fcr, gitti\u011fi Ege kasabas\u0131nda hayat\u0131n\u0131n en b\u00fcy\u00fck maceralar\u0131ndan birini ya\u015fad\u0131. Ve ortaya kimi zaman g\u00fcl\u00fcmseyerek, kimi zaman heyecanlanarak, kimi zaman da \u015fa\u015f\u0131rarak okuyaca\u011f\u0131n\u0131z bu kitap \u00e7\u0131kt\u0131. Hepinize keyifli okumalar&#8230; \ufffcTan\u0131t\u0131m Metni<\/p>\n","protected":false},"excerpt":{"rendered":"<p>\u00c7ocuk edebiyat\u0131n\u0131n \u00f6d\u00fcll\u00fc yazar\u0131 D. Ege G\u00f6\u00e7men\u2019den yeni bir kitap daha! Can\u0131 S\u0131k\u0131lan \u00c7ocuk Ege\u2019de&#8230; Hayat s\u00fcrprizlerle doludur! En s\u0131k\u0131c\u0131 buldu\u011funuz durumlarda bile&#8230; Kahraman\u0131m\u0131z \u00d6zg\u00fcr\u2019\u00fcn de<span class=\"excerpt-hellip\"> [\u2026]<\/span><\/p>\n","protected":false},"featured_media":0,"template":"","meta":{"_monsterinsights_skip_tracking":false,"_monsterinsights_sitenote_active":false,"_monsterinsights_sitenote_note":"","_monsterinsights_sitenote_category":0},"product_brand":[],"product_cat":[12274,12284],"product_tag":[],"class_list":{"0":"post-690194","1":"product","2":"type-product","3":"status-publish","5":"product_cat-cocuk-ve-genclik-kitaplari","6":"product_cat-hikayeler","7":"pa_cilt-ciltsiz","8":"pa_tur-kitap","9":"pa_yayinevi-altin-kitaplar-ozel-urun","10":"pa_yazar-d-ege-gocmen","12":"first","13":"instock","14":"sale","15":"shipping-taxable","16":"purchasable","17":"product-type-simple"},"_links":{"self":[{"href":"https:\/\/roveyayinevi.com.tr\/index.php\/wp-json\/wp\/v2\/product\/690194","targetHints":{"allow":["GET"]}}],"collection":[{"href":"https:\/\/roveyayinevi.com.tr\/index.php\/wp-json\/wp\/v2\/product"}],"about":[{"href":"https:\/\/roveyayinevi.com.tr\/index.php\/wp-json\/wp\/v2\/types\/product"}],"wp:attachment":[{"href":"https:\/\/roveyayinevi.com.tr\/index.php\/wp-json\/wp\/v2\/media?parent=690194"}],"wp:term":[{"taxonomy":"product_brand","embeddable":true,"href":"https:\/\/roveyayinevi.com.tr\/index.php\/wp-json\/wp\/v2\/product_brand?post=690194"},{"taxonomy":"product_cat","embeddable":true,"href":"https:\/\/roveyayinevi.com.tr\/index.php\/wp-json\/wp\/v2\/product_cat?post=690194"},{"taxonomy":"product_tag","embeddable":true,"href":"https:\/\/roveyayinevi.com.tr\/index.php\/wp-json\/wp\/v2\/product_tag?post=690194"}],"curies":[{"name":"wp","href":"https:\/\/api.w.org\/{rel}","templated":true}]}}