{"id":690193,"date":"2025-08-27T13:50:14","date_gmt":"2025-08-27T10:50:14","guid":{"rendered":"https:\/\/roveyayinevi.com.tr\/index.php\/urun\/cadilik-parayla-mi\/"},"modified":"2026-04-12T02:00:02","modified_gmt":"2026-04-11T23:00:02","slug":"cadilik-parayla-mi","status":"publish","type":"product","link":"https:\/\/roveyayinevi.com.tr\/index.php\/urun\/cadilik-parayla-mi\/","title":{"rendered":"Cad\u0131l\u0131k Parayla m\u0131?"},"content":{"rendered":"<p>Aran\u0131zda \u015fu anne babalar\u0131 anlayan var m\u0131? Do\u011frusu ben hi\u00e7 anlam\u0131yorum. Bir dedikleri di\u011ferini tutsa, s\u00f6yledikleriyle yapt\u0131klar\u0131 uyu\u015fsa ne g\u00fczel olur, de\u011fil mi? \u00d6rne\u011fin benim babam,  Ya\u015famda paradan daha de\u011ferli \u015feyler vard\u0131r.  deyip durur. Sonra da,  Tutumlu ol, paran\u0131n k\u0131ymetini bil.  diye s\u00f6ylenir. Annem deseniz ba\u015fka \u00e2lem. Sonunda \u015fu de\u011fersiz k\u00e2\u011f\u0131t par\u00e7alar\u0131 nas\u0131l kazan\u0131l\u0131rm\u0131\u015f \u00f6\u011frendim. Form\u00fcl\u00fcn\u00fc cad\u0131l\u0131k defterime gizledim. Bilmek istiyorsan\u0131z e\u011fer, haydi a\u00e7\u0131n kitab\u0131n kapa\u011f\u0131n\u0131.  Cad\u0131l\u0131k Parayla m\u0131?  siz verin karar\u0131n\u0131&#8230; <\/p>\n","protected":false},"excerpt":{"rendered":"<p>Aran\u0131zda \u015fu anne babalar\u0131 anlayan var m\u0131? Do\u011frusu ben hi\u00e7 anlam\u0131yorum. Bir dedikleri di\u011ferini tutsa, s\u00f6yledikleriyle yapt\u0131klar\u0131 uyu\u015fsa ne g\u00fczel olur, de\u011fil mi? \u00d6rne\u011fin benim babam,<span class=\"excerpt-hellip\"> [\u2026]<\/span><\/p>\n","protected":false},"featured_media":0,"template":"","meta":{"_monsterinsights_skip_tracking":false,"_monsterinsights_sitenote_active":false,"_monsterinsights_sitenote_note":"","_monsterinsights_sitenote_category":0},"product_brand":[],"product_cat":[12274,12284],"product_tag":[],"class_list":{"0":"post-690193","1":"product","2":"type-product","3":"status-publish","5":"product_cat-cocuk-ve-genclik-kitaplari","6":"product_cat-hikayeler","7":"pa_tur-kitap","8":"pa_yayinevi-altin-kitaplar-cocuk-kitaplari","9":"pa_yazar-nur-icozu","11":"first","12":"instock","13":"sale","14":"shipping-taxable","15":"purchasable","16":"product-type-simple"},"_links":{"self":[{"href":"https:\/\/roveyayinevi.com.tr\/index.php\/wp-json\/wp\/v2\/product\/690193","targetHints":{"allow":["GET"]}}],"collection":[{"href":"https:\/\/roveyayinevi.com.tr\/index.php\/wp-json\/wp\/v2\/product"}],"about":[{"href":"https:\/\/roveyayinevi.com.tr\/index.php\/wp-json\/wp\/v2\/types\/product"}],"wp:attachment":[{"href":"https:\/\/roveyayinevi.com.tr\/index.php\/wp-json\/wp\/v2\/media?parent=690193"}],"wp:term":[{"taxonomy":"product_brand","embeddable":true,"href":"https:\/\/roveyayinevi.com.tr\/index.php\/wp-json\/wp\/v2\/product_brand?post=690193"},{"taxonomy":"product_cat","embeddable":true,"href":"https:\/\/roveyayinevi.com.tr\/index.php\/wp-json\/wp\/v2\/product_cat?post=690193"},{"taxonomy":"product_tag","embeddable":true,"href":"https:\/\/roveyayinevi.com.tr\/index.php\/wp-json\/wp\/v2\/product_tag?post=690193"}],"curies":[{"name":"wp","href":"https:\/\/api.w.org\/{rel}","templated":true}]}}