{"id":690192,"date":"2025-08-27T13:50:14","date_gmt":"2025-08-27T10:50:14","guid":{"rendered":"https:\/\/roveyayinevi.com.tr\/index.php\/urun\/buyulu-yastiklar\/"},"modified":"2026-04-11T13:18:55","modified_gmt":"2026-04-11T10:18:55","slug":"buyulu-yastiklar","status":"publish","type":"product","link":"https:\/\/roveyayinevi.com.tr\/index.php\/urun\/buyulu-yastiklar\/","title":{"rendered":"B\u00fcy\u00fcl\u00fc Yast\u0131klar"},"content":{"rendered":"<p>Son Kara Kedi roman\u0131yla okurlar\u0131m\u0131zla bulu\u015fan Evgene Trivizas, yeni bir \u00f6yk\u00fc kitab\u0131yla tekrar kar\u015f\u0131m\u0131zda. Yediden yetmi\u015fe t\u00fcm kitapseverler i\u00e7in evrensel de\u011ferleri ve insanl\u0131\u011fa \u00f6zg\u00fc t\u00fcm h\u00e2lleri renkli \u00fcslubu, ak\u0131c\u0131 anlat\u0131m\u0131 ve ele\u015ftirel yakla\u015f\u0131m\u0131yla bizlere sunu-yor. G\u00fcne\u015f y\u00fcz\u00fc g\u00f6rmeyen bir \u00fclkede, alt\u0131n teleskoplara ve zift karas\u0131 karga t\u00fcylerine tutkun a\u00e7g\u00f6zl\u00fc bir kral vard\u0131. Bu \u00fclkenin kral\u0131 ve karanl\u0131k ruhlu veziri; ac\u0131mas\u0131z yasalar \u00e7\u0131kararak halk\u0131n hayat\u0131n\u0131 zindana \u00e7evirmi\u015fti. \u00dclkenin sinsi ba\u015fb\u00fcy\u00fcc\u00fcs\u00fc ise insan-lar\u0131n d\u00fc\u015f g\u00f6rmelerini engellemek i\u00e7in binlerce yast\u0131k yapt\u0131rm\u0131\u015ft\u0131. Ama bu k\u00f6t\u00fc insanlar\u0131n unuttuklar\u0131 bir \u015fey vard\u0131; bazen \u00f6nemsemedi\u011fimiz minicik bir d\u00fc\u015f, kartopu gibi b\u00fcy\u00fcyerek sonunda \u00f6n\u00fcne \u00e7\u0131kan her \u015feyi devirebilir. Kimi zaman da bir nar tanesi, kurutulmu\u015f bir g\u00fcl, d\u00f6rt yaprakl\u0131 bir yonca ya da \u00e7i\u00e7ek i\u015flemeli bir mendil b\u00fct\u00fcn k\u00f6t\u00fcl\u00fckleri yenerek g\u00fcne\u015f g\u00f6rmeyen bir \u00fclkeyi g\u00f6kku\u015fa\u011f\u0131n\u0131n renkleriyle tan\u0131\u015ft\u0131rabilir. Yeter ki i\u00e7imizdeki umut \u0131\u015f\u0131\u011f\u0131 s\u00f6nmesin&#8230; \ufffcTan\u0131t\u0131m Metni<\/p>\n","protected":false},"excerpt":{"rendered":"<p>Son Kara Kedi roman\u0131yla okurlar\u0131m\u0131zla bulu\u015fan Evgene Trivizas, yeni bir \u00f6yk\u00fc kitab\u0131yla tekrar kar\u015f\u0131m\u0131zda. Yediden yetmi\u015fe t\u00fcm kitapseverler i\u00e7in evrensel de\u011ferleri ve insanl\u0131\u011fa \u00f6zg\u00fc t\u00fcm h\u00e2lleri<span class=\"excerpt-hellip\"> [\u2026]<\/span><\/p>\n","protected":false},"featured_media":0,"template":"","meta":{"_monsterinsights_skip_tracking":false,"_monsterinsights_sitenote_active":false,"_monsterinsights_sitenote_note":"","_monsterinsights_sitenote_category":0},"product_brand":[],"product_cat":[12274,12284],"product_tag":[],"class_list":{"0":"post-690192","1":"product","2":"type-product","3":"status-publish","5":"product_cat-cocuk-ve-genclik-kitaplari","6":"product_cat-hikayeler","7":"pa_cilt-ciltsiz","8":"pa_tur-kitap","9":"pa_yayinevi-altin-kitaplar-ozel-urun","10":"pa_yazar-evgene-trivizas","12":"first","13":"instock","14":"sale","15":"shipping-taxable","16":"purchasable","17":"product-type-simple"},"_links":{"self":[{"href":"https:\/\/roveyayinevi.com.tr\/index.php\/wp-json\/wp\/v2\/product\/690192","targetHints":{"allow":["GET"]}}],"collection":[{"href":"https:\/\/roveyayinevi.com.tr\/index.php\/wp-json\/wp\/v2\/product"}],"about":[{"href":"https:\/\/roveyayinevi.com.tr\/index.php\/wp-json\/wp\/v2\/types\/product"}],"wp:attachment":[{"href":"https:\/\/roveyayinevi.com.tr\/index.php\/wp-json\/wp\/v2\/media?parent=690192"}],"wp:term":[{"taxonomy":"product_brand","embeddable":true,"href":"https:\/\/roveyayinevi.com.tr\/index.php\/wp-json\/wp\/v2\/product_brand?post=690192"},{"taxonomy":"product_cat","embeddable":true,"href":"https:\/\/roveyayinevi.com.tr\/index.php\/wp-json\/wp\/v2\/product_cat?post=690192"},{"taxonomy":"product_tag","embeddable":true,"href":"https:\/\/roveyayinevi.com.tr\/index.php\/wp-json\/wp\/v2\/product_tag?post=690192"}],"curies":[{"name":"wp","href":"https:\/\/api.w.org\/{rel}","templated":true}]}}