{"id":690191,"date":"2025-08-27T13:50:14","date_gmt":"2025-08-27T10:50:14","guid":{"rendered":"https:\/\/roveyayinevi.com.tr\/index.php\/urun\/buyuk-sir\/"},"modified":"2026-04-16T01:59:49","modified_gmt":"2026-04-15T22:59:49","slug":"buyuk-sir","status":"publish","type":"product","link":"https:\/\/roveyayinevi.com.tr\/index.php\/urun\/buyuk-sir\/","title":{"rendered":"B\u00fcy\u00fck S\u0131r"},"content":{"rendered":"<p>Yetimler yurdunda \u00f6\u011fretmenlik yapan annesiyle birlikte Nepal\u2019in ba\u015fkenti Katmandu\u2019da ya\u015fayan Birke\u2019nin, \u00e7ok sevdi\u011fi arkada\u015f\u0131 Namita\u2019yla birlikte bu olduk\u00e7a gizemli \u00fclkede kayg\u0131s\u0131z, mutlu bir ya\u015fam\u0131 vard\u0131. Ta ki annesinin hayatlar\u0131n\u0131 alt\u00fcst edecek plan\u0131n\u0131 ke\u015ffedinceye kadar&#8230; Annesi kendi ya\u015flar\u0131nda o\u011flu olan bir mimarla evlenerek, \u0130stanbul\u2019a ta\u015f\u0131nmaya karar vermi\u015fti. Acaba Birke,  b\u00fcy\u00fck s\u0131rr\u0131n\u0131  bilen tek ki\u015fi olan sevgili arkada\u015f\u0131 Namita\u2019dan ayr\u0131 kalmaya ve hi\u00e7 bilmedi\u011fi \u0130stanbul\u2019da ya\u015famaya al\u0131\u015fabilecek midir? <\/p>\n","protected":false},"excerpt":{"rendered":"<p>Yetimler yurdunda \u00f6\u011fretmenlik yapan annesiyle birlikte Nepal\u2019in ba\u015fkenti Katmandu\u2019da ya\u015fayan Birke\u2019nin, \u00e7ok sevdi\u011fi arkada\u015f\u0131 Namita\u2019yla birlikte bu olduk\u00e7a gizemli \u00fclkede kayg\u0131s\u0131z, mutlu bir ya\u015fam\u0131 vard\u0131. Ta<span class=\"excerpt-hellip\"> [\u2026]<\/span><\/p>\n","protected":false},"featured_media":0,"template":"","meta":{"_monsterinsights_skip_tracking":false,"_monsterinsights_sitenote_active":false,"_monsterinsights_sitenote_note":"","_monsterinsights_sitenote_category":0},"product_brand":[],"product_cat":[12274,12284],"product_tag":[],"class_list":{"0":"post-690191","1":"product","2":"type-product","3":"status-publish","5":"product_cat-cocuk-ve-genclik-kitaplari","6":"product_cat-hikayeler","7":"pa_cilt-ciltsiz","8":"pa_tur-kitap","9":"pa_yayinevi-altin-kitaplar-cocuk-kitaplari","10":"pa_yazar-zehra-tapunc","12":"first","13":"instock","14":"sale","15":"shipping-taxable","16":"purchasable","17":"product-type-simple"},"_links":{"self":[{"href":"https:\/\/roveyayinevi.com.tr\/index.php\/wp-json\/wp\/v2\/product\/690191","targetHints":{"allow":["GET"]}}],"collection":[{"href":"https:\/\/roveyayinevi.com.tr\/index.php\/wp-json\/wp\/v2\/product"}],"about":[{"href":"https:\/\/roveyayinevi.com.tr\/index.php\/wp-json\/wp\/v2\/types\/product"}],"wp:attachment":[{"href":"https:\/\/roveyayinevi.com.tr\/index.php\/wp-json\/wp\/v2\/media?parent=690191"}],"wp:term":[{"taxonomy":"product_brand","embeddable":true,"href":"https:\/\/roveyayinevi.com.tr\/index.php\/wp-json\/wp\/v2\/product_brand?post=690191"},{"taxonomy":"product_cat","embeddable":true,"href":"https:\/\/roveyayinevi.com.tr\/index.php\/wp-json\/wp\/v2\/product_cat?post=690191"},{"taxonomy":"product_tag","embeddable":true,"href":"https:\/\/roveyayinevi.com.tr\/index.php\/wp-json\/wp\/v2\/product_tag?post=690191"}],"curies":[{"name":"wp","href":"https:\/\/api.w.org\/{rel}","templated":true}]}}