{"id":690190,"date":"2025-08-27T13:50:14","date_gmt":"2025-08-27T10:50:14","guid":{"rendered":"https:\/\/roveyayinevi.com.tr\/index.php\/urun\/bir-cihan-kafes\/"},"modified":"2025-09-01T08:29:04","modified_gmt":"2025-09-01T05:29:04","slug":"bir-cihan-kafes","status":"publish","type":"product","link":"https:\/\/roveyayinevi.com.tr\/index.php\/urun\/bir-cihan-kafes\/","title":{"rendered":"Bir Cihan Kafes"},"content":{"rendered":"<p>Zorba, itaatk\u00e2r\u0131n \u00fcz\u00fcnt\u00fcs\u00fcyle beslenir&#8230;\u201cSevgin dire\u011fimiz, \u00fczerimize sald\u0131\u011f\u0131n korku \u00e7at\u0131m\u0131z olmu\u015f me\u011fer. Mutsuzlu\u011fumuzdan \u00f6r\u00fcl\u00fc bir devlet yaratm\u0131\u015fs\u0131n hepimize.Sen en \u00e7ok beni severdin ya. En \u00e7ok beni k\u00f6le yapm\u0131\u015fs\u0131n kendine.\u201d Samire, Ya\u015far, Lorin.Birbirlerinin g\u00f6lgesinde saklanan, birbirlerinin masal\u0131n\u0131 yazan \u00fc\u00e7 k\u00fcsk\u00fcn kad\u0131n. Yaralar\u0131 do\u011fu\u015ftan, lanetleri miras&#8230; Yaln\u0131zl\u0131\u011f\u0131n kuyusunun ba\u015f\u0131ndan ayr\u0131lmadan, kederlerinin yank\u0131s\u0131n\u0131 dinlediler. Her masal\u0131n sonu gece de\u011fildi elbet. \u00dc\u00e7, ikiden ve dahi birden iyiydi. Ve her yanl\u0131\u015f\u0131n do\u011frusu kendi i\u00e7inde gizliydi.Kanad\u0131 k\u0131r\u0131k \u00fc\u00e7 kad\u0131n, \u00f6dedikleri a\u011f\u0131r bedellerin kar\u015f\u0131l\u0131\u011f\u0131n\u0131, i\u00e7inde \u00e7\u0131rp\u0131n\u0131p durduklar\u0131, kap\u0131s\u0131 a\u00e7\u0131k olsa da \u00e7\u0131k\u0131p gidemedikleri g\u00f6lge kafeslerinde bekledi. \u0130htiya\u00e7 duyduklar\u0131 inan\u00e7, temize \u00e7ekecekleri ge\u00e7mi\u015fte sakl\u0131yd\u0131. \ufffc<\/p>\n","protected":false},"excerpt":{"rendered":"<p>Zorba, itaatk\u00e2r\u0131n \u00fcz\u00fcnt\u00fcs\u00fcyle beslenir&#8230;\u201cSevgin dire\u011fimiz, \u00fczerimize sald\u0131\u011f\u0131n korku \u00e7at\u0131m\u0131z olmu\u015f me\u011fer. Mutsuzlu\u011fumuzdan \u00f6r\u00fcl\u00fc bir devlet yaratm\u0131\u015fs\u0131n hepimize.Sen en \u00e7ok beni severdin ya. En \u00e7ok beni k\u00f6le<span class=\"excerpt-hellip\"> [\u2026]<\/span><\/p>\n","protected":false},"featured_media":0,"template":"","meta":{"_monsterinsights_skip_tracking":false,"_monsterinsights_sitenote_active":false,"_monsterinsights_sitenote_note":"","_monsterinsights_sitenote_category":0},"product_brand":[],"product_cat":[12291,12292],"product_tag":[],"class_list":{"0":"post-690190","1":"product","2":"type-product","3":"status-publish","5":"product_cat-edebiyat","6":"product_cat-turk-edebiyati","7":"pa_cilt-ciltsiz","8":"pa_tur-kitap","9":"pa_yayinevi-artemis-yayinlari","10":"pa_yazar-iclal-aydin","12":"first","13":"instock","14":"sale","15":"shipping-taxable","16":"purchasable","17":"product-type-simple"},"_links":{"self":[{"href":"https:\/\/roveyayinevi.com.tr\/index.php\/wp-json\/wp\/v2\/product\/690190","targetHints":{"allow":["GET"]}}],"collection":[{"href":"https:\/\/roveyayinevi.com.tr\/index.php\/wp-json\/wp\/v2\/product"}],"about":[{"href":"https:\/\/roveyayinevi.com.tr\/index.php\/wp-json\/wp\/v2\/types\/product"}],"wp:attachment":[{"href":"https:\/\/roveyayinevi.com.tr\/index.php\/wp-json\/wp\/v2\/media?parent=690190"}],"wp:term":[{"taxonomy":"product_brand","embeddable":true,"href":"https:\/\/roveyayinevi.com.tr\/index.php\/wp-json\/wp\/v2\/product_brand?post=690190"},{"taxonomy":"product_cat","embeddable":true,"href":"https:\/\/roveyayinevi.com.tr\/index.php\/wp-json\/wp\/v2\/product_cat?post=690190"},{"taxonomy":"product_tag","embeddable":true,"href":"https:\/\/roveyayinevi.com.tr\/index.php\/wp-json\/wp\/v2\/product_tag?post=690190"}],"curies":[{"name":"wp","href":"https:\/\/api.w.org\/{rel}","templated":true}]}}