{"id":690189,"date":"2025-08-27T13:50:13","date_gmt":"2025-08-27T10:50:13","guid":{"rendered":"https:\/\/roveyayinevi.com.tr\/index.php\/urun\/bintepenin-hayaleti\/"},"modified":"2026-04-16T01:59:49","modified_gmt":"2026-04-15T22:59:49","slug":"bintepenin-hayaleti","status":"publish","type":"product","link":"https:\/\/roveyayinevi.com.tr\/index.php\/urun\/bintepenin-hayaleti\/","title":{"rendered":"Bintepe\u2019nin Hayaleti"},"content":{"rendered":"<p>Kaz\u0131bilime g\u00f6n\u00fcl vermi\u015f dokuz arkada\u015ft\u0131lar. Kendilerine  Kafadenkler  ad\u0131n\u0131 takm\u0131\u015flard\u0131. Onlar\u0131 bekleyen ser\u00fcvenlerden habersiz ilk kamplar\u0131 i\u00e7in yola \u00e7\u0131kt\u0131lar&#8230; Ve bir gece, karanl\u0131\u011f\u0131n i\u00e7inde dumans\u0131 bir nesne belirdi. Ard\u0131nda beyaz bir iz b\u0131rakarak u\u00e7u\u015fan garip \u015fekil, \u00f6nlerinden kayarak ge\u00e7ti. Korkuyla ba\u011fr\u0131\u015ft\u0131lar&#8230;  Hayalet! <\/p>\n","protected":false},"excerpt":{"rendered":"<p>Kaz\u0131bilime g\u00f6n\u00fcl vermi\u015f dokuz arkada\u015ft\u0131lar. Kendilerine Kafadenkler ad\u0131n\u0131 takm\u0131\u015flard\u0131. Onlar\u0131 bekleyen ser\u00fcvenlerden habersiz ilk kamplar\u0131 i\u00e7in yola \u00e7\u0131kt\u0131lar&#8230; Ve bir gece, karanl\u0131\u011f\u0131n i\u00e7inde dumans\u0131 bir nesne<span class=\"excerpt-hellip\"> [\u2026]<\/span><\/p>\n","protected":false},"featured_media":0,"template":"","meta":{"_monsterinsights_skip_tracking":false,"_monsterinsights_sitenote_active":false,"_monsterinsights_sitenote_note":"","_monsterinsights_sitenote_category":0},"product_brand":[],"product_cat":[12274,12523],"product_tag":[],"class_list":{"0":"post-690189","1":"product","2":"type-product","3":"status-publish","5":"product_cat-cocuk-ve-genclik-kitaplari","6":"product_cat-masallar","7":"pa_cilt-ciltsiz","8":"pa_tur-kitap","9":"pa_yayinevi-altin-kitaplar-ozel-urun","10":"pa_yazar-nur-icozu","12":"first","13":"instock","14":"sale","15":"shipping-taxable","16":"purchasable","17":"product-type-simple"},"_links":{"self":[{"href":"https:\/\/roveyayinevi.com.tr\/index.php\/wp-json\/wp\/v2\/product\/690189","targetHints":{"allow":["GET"]}}],"collection":[{"href":"https:\/\/roveyayinevi.com.tr\/index.php\/wp-json\/wp\/v2\/product"}],"about":[{"href":"https:\/\/roveyayinevi.com.tr\/index.php\/wp-json\/wp\/v2\/types\/product"}],"wp:attachment":[{"href":"https:\/\/roveyayinevi.com.tr\/index.php\/wp-json\/wp\/v2\/media?parent=690189"}],"wp:term":[{"taxonomy":"product_brand","embeddable":true,"href":"https:\/\/roveyayinevi.com.tr\/index.php\/wp-json\/wp\/v2\/product_brand?post=690189"},{"taxonomy":"product_cat","embeddable":true,"href":"https:\/\/roveyayinevi.com.tr\/index.php\/wp-json\/wp\/v2\/product_cat?post=690189"},{"taxonomy":"product_tag","embeddable":true,"href":"https:\/\/roveyayinevi.com.tr\/index.php\/wp-json\/wp\/v2\/product_tag?post=690189"}],"curies":[{"name":"wp","href":"https:\/\/api.w.org\/{rel}","templated":true}]}}