{"id":690188,"date":"2025-08-27T13:50:13","date_gmt":"2025-08-27T10:50:13","guid":{"rendered":"https:\/\/roveyayinevi.com.tr\/index.php\/urun\/benim-adim-albert-einstein\/"},"modified":"2026-04-16T01:59:49","modified_gmt":"2026-04-15T22:59:49","slug":"benim-adim-albert-einstein","status":"publish","type":"product","link":"https:\/\/roveyayinevi.com.tr\/index.php\/urun\/benim-adim-albert-einstein\/","title":{"rendered":"Benim Ad\u0131m Albert Einstein"},"content":{"rendered":"<p>Bana genelde teorilerimi nereden buldu\u011fumu, fikirlerimi nereden \u00e7\u0131kard\u0131\u011f\u0131m\u0131 ve en kar\u0131\u015f\u0131k \u015feyleri nas\u0131l basit hale getirebildi\u011fimi sordular. Cevab\u0131 \u00e7ok basit. Baz\u0131 \u015feyleri doksan dokuz kere tekrar etmek gerekir ki y\u00fcz\u00fcnc\u00fcde ba\u015far\u0131 kazan\u0131labilsin. \ufffcTan\u0131t\u0131m Metni<\/p>\n","protected":false},"excerpt":{"rendered":"<p>Bana genelde teorilerimi nereden buldu\u011fumu, fikirlerimi nereden \u00e7\u0131kard\u0131\u011f\u0131m\u0131 ve en kar\u0131\u015f\u0131k \u015feyleri nas\u0131l basit hale getirebildi\u011fimi sordular. Cevab\u0131 \u00e7ok basit. Baz\u0131 \u015feyleri doksan dokuz kere tekrar<span class=\"excerpt-hellip\"> [\u2026]<\/span><\/p>\n","protected":false},"featured_media":0,"template":"","meta":{"_monsterinsights_skip_tracking":false,"_monsterinsights_sitenote_active":false,"_monsterinsights_sitenote_note":"","_monsterinsights_sitenote_category":0},"product_brand":[],"product_cat":[12274,14573],"product_tag":[],"class_list":{"0":"post-690188","1":"product","2":"type-product","3":"status-publish","5":"product_cat-cocuk-ve-genclik-kitaplari","6":"product_cat-referans-kitaplar-cocuk-ve-genclik-kitaplari","7":"pa_cilt-ciltsiz","8":"pa_tur-kitap","9":"pa_yayinevi-altin-kitaplar-ozel-urun","10":"pa_yazar-lluis-cugota","12":"first","13":"instock","14":"sale","15":"shipping-taxable","16":"purchasable","17":"product-type-simple"},"_links":{"self":[{"href":"https:\/\/roveyayinevi.com.tr\/index.php\/wp-json\/wp\/v2\/product\/690188","targetHints":{"allow":["GET"]}}],"collection":[{"href":"https:\/\/roveyayinevi.com.tr\/index.php\/wp-json\/wp\/v2\/product"}],"about":[{"href":"https:\/\/roveyayinevi.com.tr\/index.php\/wp-json\/wp\/v2\/types\/product"}],"wp:attachment":[{"href":"https:\/\/roveyayinevi.com.tr\/index.php\/wp-json\/wp\/v2\/media?parent=690188"}],"wp:term":[{"taxonomy":"product_brand","embeddable":true,"href":"https:\/\/roveyayinevi.com.tr\/index.php\/wp-json\/wp\/v2\/product_brand?post=690188"},{"taxonomy":"product_cat","embeddable":true,"href":"https:\/\/roveyayinevi.com.tr\/index.php\/wp-json\/wp\/v2\/product_cat?post=690188"},{"taxonomy":"product_tag","embeddable":true,"href":"https:\/\/roveyayinevi.com.tr\/index.php\/wp-json\/wp\/v2\/product_tag?post=690188"}],"curies":[{"name":"wp","href":"https:\/\/api.w.org\/{rel}","templated":true}]}}