{"id":690183,"date":"2025-08-27T13:50:12","date_gmt":"2025-08-27T10:50:12","guid":{"rendered":"https:\/\/roveyayinevi.com.tr\/index.php\/urun\/akilli-pireler\/"},"modified":"2026-04-16T01:59:49","modified_gmt":"2026-04-15T22:59:49","slug":"akilli-pireler","status":"publish","type":"product","link":"https:\/\/roveyayinevi.com.tr\/index.php\/urun\/akilli-pireler\/","title":{"rendered":"Ak\u0131ll\u0131 Pireler"},"content":{"rendered":"<p>Yery\u00fcz\u00fcndeki \u00fclkelerden birinde ola\u011fan\u00fcst\u00fc yeteneklerle donanm\u0131\u015f, \u00e7ok ak\u0131ll\u0131 bir bilim adam\u0131 ya\u015f\u0131yordu. Anaokuluna ba\u015flamadan, okuma yazmay\u0131 \u00f6\u011frenmi\u015fti. Ya\u015f\u0131tlar\u0131 orta \u00f6\u011frenimlerini s\u00fcrd\u00fcr\u00fcrken o, bir\u00e7ok bilim dal\u0131nda profes\u00f6rl\u00fck d\u00fczeyine gelmi\u015fti. Ama, durumundan yine de ho\u015fnut de\u011fildi. Bildiklerini yineleyerek, \u00f6\u011frencilere aktarmak yerine; insanl\u0131\u011f\u0131n yarar\u0131na sunabilece\u011fi, yeni bir \u015feyler bulmak istiyordu. Fakat \u00fczerinde derinle\u015febilece\u011fi konuyu bir t\u00fcrl\u00fc saptayam\u0131yordu. \u0130kide bir, &#8216;Ge\u00e7mi\u015fte ya\u015fayan bilginler, evrenin pek \u00e7ok gizini \u00e7\u00f6zm\u00fc\u015fler. Bana bir \u015fey kalmam\u0131\u015f&#8217; diye yak\u0131nmaktan kendini alam\u0131yordu. Bir g\u00fcn, bu sorunu, \u00e7ok sevdi\u011fi arkada\u015f\u0131na a\u00e7t\u0131. Arkada\u015f\u0131 ona, \u015f\u00f6yle bir \u00f6neride bulundu&#8230;<\/p>\n","protected":false},"excerpt":{"rendered":"<p>Yery\u00fcz\u00fcndeki \u00fclkelerden birinde ola\u011fan\u00fcst\u00fc yeteneklerle donanm\u0131\u015f, \u00e7ok ak\u0131ll\u0131 bir bilim adam\u0131 ya\u015f\u0131yordu. Anaokuluna ba\u015flamadan, okuma yazmay\u0131 \u00f6\u011frenmi\u015fti. Ya\u015f\u0131tlar\u0131 orta \u00f6\u011frenimlerini s\u00fcrd\u00fcr\u00fcrken o, bir\u00e7ok bilim dal\u0131nda profes\u00f6rl\u00fck<span class=\"excerpt-hellip\"> [\u2026]<\/span><\/p>\n","protected":false},"featured_media":0,"template":"","meta":{"_monsterinsights_skip_tracking":false,"_monsterinsights_sitenote_active":false,"_monsterinsights_sitenote_note":"","_monsterinsights_sitenote_category":0},"product_brand":[],"product_cat":[12274,12284],"product_tag":[],"class_list":{"0":"post-690183","1":"product","2":"type-product","3":"status-publish","5":"product_cat-cocuk-ve-genclik-kitaplari","6":"product_cat-hikayeler","7":"pa_cilt-ciltsiz","8":"pa_tur-kitap","9":"pa_yayinevi-altin-kitaplar-ozel-urun","10":"pa_yazar-gulten-dayioglu","12":"first","13":"instock","14":"sale","15":"shipping-taxable","16":"purchasable","17":"product-type-simple"},"_links":{"self":[{"href":"https:\/\/roveyayinevi.com.tr\/index.php\/wp-json\/wp\/v2\/product\/690183","targetHints":{"allow":["GET"]}}],"collection":[{"href":"https:\/\/roveyayinevi.com.tr\/index.php\/wp-json\/wp\/v2\/product"}],"about":[{"href":"https:\/\/roveyayinevi.com.tr\/index.php\/wp-json\/wp\/v2\/types\/product"}],"wp:attachment":[{"href":"https:\/\/roveyayinevi.com.tr\/index.php\/wp-json\/wp\/v2\/media?parent=690183"}],"wp:term":[{"taxonomy":"product_brand","embeddable":true,"href":"https:\/\/roveyayinevi.com.tr\/index.php\/wp-json\/wp\/v2\/product_brand?post=690183"},{"taxonomy":"product_cat","embeddable":true,"href":"https:\/\/roveyayinevi.com.tr\/index.php\/wp-json\/wp\/v2\/product_cat?post=690183"},{"taxonomy":"product_tag","embeddable":true,"href":"https:\/\/roveyayinevi.com.tr\/index.php\/wp-json\/wp\/v2\/product_tag?post=690183"}],"curies":[{"name":"wp","href":"https:\/\/api.w.org\/{rel}","templated":true}]}}