{"id":690182,"date":"2025-08-27T13:50:12","date_gmt":"2025-08-27T10:50:12","guid":{"rendered":"https:\/\/roveyayinevi.com.tr\/index.php\/urun\/benim-adim-mozart\/"},"modified":"2026-04-16T01:59:49","modified_gmt":"2026-04-15T22:59:49","slug":"benim-adim-mozart","status":"publish","type":"product","link":"https:\/\/roveyayinevi.com.tr\/index.php\/urun\/benim-adim-mozart\/","title":{"rendered":"Benim Ad\u0131m&#8230; Mozart"},"content":{"rendered":"<p>Benim Ad\u0131m\u2026 serisi, insanl\u0131k tarihi boyunca resim, m\u00fczik, edebiyat, sinema, tarih ve bilim alanlar\u0131nda \u00f6ne \u00e7\u0131km\u0131\u015f \u00f6nemli \u015fah-siyetlerin hayatlar\u0131n\u0131 ve \u00e7al\u0131\u015fmalar\u0131n\u0131 inceleyen bir dizidir. Hepsi birbirinden farkl\u0131 ve \u00f6zg\u00fcn olan kitaplar; sayfa tasar\u0131mlar\u0131, resim kali-teleri ve her ya\u015fa hitap edebilecek anlat\u0131mlar\u0131yla yay\u0131n d\u00fcnyas\u0131nda \u00f6nc\u00fc olabilecek nitelikler ta\u015f\u0131maktad\u0131r. Dizide yer alan; Einstein, Da Vinci, Picasso, Mozart, Charlie Chaplin, Marie Curie, Shakespeare ve Cervantes gibi de\u011ferli isimleri yeniden okumak hem b\u00fc-y\u00fckler hem de \u00e7ocuklar i\u00e7in \u00f6\u011fretici oldu\u011fu kadar e\u011flenceli de olacakt\u0131r.<\/p>\n","protected":false},"excerpt":{"rendered":"<p>Benim Ad\u0131m\u2026 serisi, insanl\u0131k tarihi boyunca resim, m\u00fczik, edebiyat, sinema, tarih ve bilim alanlar\u0131nda \u00f6ne \u00e7\u0131km\u0131\u015f \u00f6nemli \u015fah-siyetlerin hayatlar\u0131n\u0131 ve \u00e7al\u0131\u015fmalar\u0131n\u0131 inceleyen bir dizidir. Hepsi birbirinden<span class=\"excerpt-hellip\"> [\u2026]<\/span><\/p>\n","protected":false},"featured_media":0,"template":"","meta":{"_monsterinsights_skip_tracking":false,"_monsterinsights_sitenote_active":false,"_monsterinsights_sitenote_note":"","_monsterinsights_sitenote_category":0},"product_brand":[],"product_cat":[12274,14573],"product_tag":[],"class_list":{"0":"post-690182","1":"product","2":"type-product","3":"status-publish","5":"product_cat-cocuk-ve-genclik-kitaplari","6":"product_cat-referans-kitaplar-cocuk-ve-genclik-kitaplari","7":"pa_cilt-ciltsiz","8":"pa_tur-kitap","9":"pa_yayinevi-altin-kitaplar-cocuk-kitaplari","10":"pa_yazar-meritxell-marti","12":"first","13":"instock","14":"sale","15":"shipping-taxable","16":"purchasable","17":"product-type-simple"},"_links":{"self":[{"href":"https:\/\/roveyayinevi.com.tr\/index.php\/wp-json\/wp\/v2\/product\/690182","targetHints":{"allow":["GET"]}}],"collection":[{"href":"https:\/\/roveyayinevi.com.tr\/index.php\/wp-json\/wp\/v2\/product"}],"about":[{"href":"https:\/\/roveyayinevi.com.tr\/index.php\/wp-json\/wp\/v2\/types\/product"}],"wp:attachment":[{"href":"https:\/\/roveyayinevi.com.tr\/index.php\/wp-json\/wp\/v2\/media?parent=690182"}],"wp:term":[{"taxonomy":"product_brand","embeddable":true,"href":"https:\/\/roveyayinevi.com.tr\/index.php\/wp-json\/wp\/v2\/product_brand?post=690182"},{"taxonomy":"product_cat","embeddable":true,"href":"https:\/\/roveyayinevi.com.tr\/index.php\/wp-json\/wp\/v2\/product_cat?post=690182"},{"taxonomy":"product_tag","embeddable":true,"href":"https:\/\/roveyayinevi.com.tr\/index.php\/wp-json\/wp\/v2\/product_tag?post=690182"}],"curies":[{"name":"wp","href":"https:\/\/api.w.org\/{rel}","templated":true}]}}