{"id":690181,"date":"2025-08-27T13:50:12","date_gmt":"2025-08-27T10:50:12","guid":{"rendered":"https:\/\/roveyayinevi.com.tr\/index.php\/urun\/bambaska-bir-ulke-amerikaya-yolculuk\/"},"modified":"2026-04-16T01:59:49","modified_gmt":"2026-04-15T22:59:49","slug":"bambaska-bir-ulke-amerikaya-yolculuk","status":"publish","type":"product","link":"https:\/\/roveyayinevi.com.tr\/index.php\/urun\/bambaska-bir-ulke-amerikaya-yolculuk\/","title":{"rendered":"Bamba\u015fka Bir \u00dclke Amerika\u2019ya Yolculuk"},"content":{"rendered":"<p>Sevgili Okuyucular\u0131m! Bu kitapta hep birlikte tad\u0131na doyamayaca\u011f\u0131n\u0131z bir geziye \u00e7\u0131kaca\u011f\u0131z. Amerika Birle\u015fik Devletleri\u2019ni do\u011fudan vah\u015fi bat\u0131ya kadar (Los Angeles, Las Vegas, San Francisco, Miami, Orlando, New York) bir g\u00fczel gezece\u011fiz. Miki ailesinin ya\u015fad\u0131\u011f\u0131 Disneyland\u2019da sevimli ve ak\u0131ll\u0131 yunuslar\u0131, korkun\u00e7 k\u00f6pekbal\u0131klar\u0131n\u0131, dev balinalar\u0131 g\u00f6r\u00fcp, Epcot Center\u2019da yirmi birinci y\u00fczy\u0131l\u0131n d\u00fc\u015fsel d\u00fcnyas\u0131nda dola\u015faca\u011f\u0131z. Bu arada Hollywood\u2019a gidip Universal St\u00fcdyolar\u0131\u2019n\u0131 gezece\u011fiz, artistlerle tan\u0131\u015faca\u011f\u0131z, film \u00e7ekimlerini izleyece\u011fiz, Kara \u015eim\u015fek adl\u0131 ak\u0131ll\u0131 arabaya binip resimler \u00e7ektirece\u011fiz. Ba\u015fta Uzay Yolu olmak \u00fczere, sevdi\u011finiz bir\u00e7ok filmin \u00e7ekildi\u011fi setleri g\u00f6rece\u011fiz. Binbir \u00e7e\u015fit film hilesini birlikte \u00f6\u011frenece\u011fiz ve \u00f6ylesine \u015fa\u015f\u0131raca\u011f\u0131z ki!&#8230; K\u0131sacas\u0131 bamba\u015fka bir d\u00fcnya Amerika\u2019y\u0131 sizlerle birlikte yeniden ke\u015ffedece\u011fiz. \ufffcTan\u0131t\u0131m Metni<\/p>\n","protected":false},"excerpt":{"rendered":"<p>Sevgili Okuyucular\u0131m! Bu kitapta hep birlikte tad\u0131na doyamayaca\u011f\u0131n\u0131z bir geziye \u00e7\u0131kaca\u011f\u0131z. Amerika Birle\u015fik Devletleri\u2019ni do\u011fudan vah\u015fi bat\u0131ya kadar (Los Angeles, Las Vegas, San Francisco, Miami, Orlando,<span class=\"excerpt-hellip\"> [\u2026]<\/span><\/p>\n","protected":false},"featured_media":0,"template":"","meta":{"_monsterinsights_skip_tracking":false,"_monsterinsights_sitenote_active":false,"_monsterinsights_sitenote_note":"","_monsterinsights_sitenote_category":0},"product_brand":[],"product_cat":[12274,12284],"product_tag":[],"class_list":{"0":"post-690181","1":"product","2":"type-product","3":"status-publish","5":"product_cat-cocuk-ve-genclik-kitaplari","6":"product_cat-hikayeler","7":"pa_tur-kitap","8":"pa_yayinevi-altin-kitaplar-cocuk-kitaplari","9":"pa_yazar-gulten-dayioglu","11":"first","12":"instock","13":"sale","14":"shipping-taxable","15":"purchasable","16":"product-type-simple"},"_links":{"self":[{"href":"https:\/\/roveyayinevi.com.tr\/index.php\/wp-json\/wp\/v2\/product\/690181","targetHints":{"allow":["GET"]}}],"collection":[{"href":"https:\/\/roveyayinevi.com.tr\/index.php\/wp-json\/wp\/v2\/product"}],"about":[{"href":"https:\/\/roveyayinevi.com.tr\/index.php\/wp-json\/wp\/v2\/types\/product"}],"wp:attachment":[{"href":"https:\/\/roveyayinevi.com.tr\/index.php\/wp-json\/wp\/v2\/media?parent=690181"}],"wp:term":[{"taxonomy":"product_brand","embeddable":true,"href":"https:\/\/roveyayinevi.com.tr\/index.php\/wp-json\/wp\/v2\/product_brand?post=690181"},{"taxonomy":"product_cat","embeddable":true,"href":"https:\/\/roveyayinevi.com.tr\/index.php\/wp-json\/wp\/v2\/product_cat?post=690181"},{"taxonomy":"product_tag","embeddable":true,"href":"https:\/\/roveyayinevi.com.tr\/index.php\/wp-json\/wp\/v2\/product_tag?post=690181"}],"curies":[{"name":"wp","href":"https:\/\/api.w.org\/{rel}","templated":true}]}}