{"id":690177,"date":"2025-08-27T13:50:11","date_gmt":"2025-08-27T10:50:11","guid":{"rendered":"https:\/\/roveyayinevi.com.tr\/index.php\/urun\/benim-adim-miguel-de-cervantes\/"},"modified":"2026-04-16T01:59:49","modified_gmt":"2026-04-15T22:59:49","slug":"benim-adim-miguel-de-cervantes","status":"publish","type":"product","link":"https:\/\/roveyayinevi.com.tr\/index.php\/urun\/benim-adim-miguel-de-cervantes\/","title":{"rendered":"Benim Ad\u0131m&#8230; Miguel de Cervantes"},"content":{"rendered":"<p>Benim Ad\u0131m&#8230; Miguel de Cervantes Kar\u015f\u0131la\u015ft\u0131\u011f\u0131m ve tutkuyla ya\u015fad\u0131\u011f\u0131m maceralar, bana Mancha\u2019l\u0131 \u015e\u00f6valye Don Ki\u015fot\u2019u yazmam i\u00e7in deneyim kazand\u0131rd\u0131. <\/p>\n","protected":false},"excerpt":{"rendered":"<p>Benim Ad\u0131m&#8230; Miguel de Cervantes Kar\u015f\u0131la\u015ft\u0131\u011f\u0131m ve tutkuyla ya\u015fad\u0131\u011f\u0131m maceralar, bana Mancha\u2019l\u0131 \u015e\u00f6valye Don Ki\u015fot\u2019u yazmam i\u00e7in deneyim kazand\u0131rd\u0131.<\/p>\n","protected":false},"featured_media":0,"template":"","meta":{"_monsterinsights_skip_tracking":false,"_monsterinsights_sitenote_active":false,"_monsterinsights_sitenote_note":"","_monsterinsights_sitenote_category":0},"product_brand":[],"product_cat":[12274,12284],"product_tag":[],"class_list":{"0":"post-690177","1":"product","2":"type-product","3":"status-publish","5":"product_cat-cocuk-ve-genclik-kitaplari","6":"product_cat-hikayeler","7":"pa_tur-kitap","8":"pa_yayinevi-altin-kitaplar-cocuk-kitaplari","9":"pa_yazar-antonio-tello","11":"first","12":"instock","13":"sale","14":"shipping-taxable","15":"purchasable","16":"product-type-simple"},"_links":{"self":[{"href":"https:\/\/roveyayinevi.com.tr\/index.php\/wp-json\/wp\/v2\/product\/690177","targetHints":{"allow":["GET"]}}],"collection":[{"href":"https:\/\/roveyayinevi.com.tr\/index.php\/wp-json\/wp\/v2\/product"}],"about":[{"href":"https:\/\/roveyayinevi.com.tr\/index.php\/wp-json\/wp\/v2\/types\/product"}],"wp:attachment":[{"href":"https:\/\/roveyayinevi.com.tr\/index.php\/wp-json\/wp\/v2\/media?parent=690177"}],"wp:term":[{"taxonomy":"product_brand","embeddable":true,"href":"https:\/\/roveyayinevi.com.tr\/index.php\/wp-json\/wp\/v2\/product_brand?post=690177"},{"taxonomy":"product_cat","embeddable":true,"href":"https:\/\/roveyayinevi.com.tr\/index.php\/wp-json\/wp\/v2\/product_cat?post=690177"},{"taxonomy":"product_tag","embeddable":true,"href":"https:\/\/roveyayinevi.com.tr\/index.php\/wp-json\/wp\/v2\/product_tag?post=690177"}],"curies":[{"name":"wp","href":"https:\/\/api.w.org\/{rel}","templated":true}]}}