{"id":690176,"date":"2025-08-27T13:50:11","date_gmt":"2025-08-27T10:50:11","guid":{"rendered":"https:\/\/roveyayinevi.com.tr\/index.php\/urun\/m-ilmiye-cig-nasil-buyuk-insan-oldu\/"},"modified":"2026-04-16T01:59:49","modified_gmt":"2026-04-15T22:59:49","slug":"m-ilmiye-cig-nasil-buyuk-insan-oldu","status":"publish","type":"product","link":"https:\/\/roveyayinevi.com.tr\/index.php\/urun\/m-ilmiye-cig-nasil-buyuk-insan-oldu\/","title":{"rendered":"M. \u0130lmiye \u00c7\u0131\u011f Nas\u0131l B\u00fcy\u00fck \u0130nsan Oldu?"},"content":{"rendered":"<p>S\u00fcmer Uygarl\u0131\u011f\u0131\u2019yla ilgili yapt\u0131\u011f\u0131 \u00f6nemli bilimsel \u00e7al\u0131\u015fmalar nedeniyle kendisinden \u201cSon S\u00fcmer Krali\u00e7esi\u201d diye bahsedilen M. \u0130lmiye \u00c7\u0131\u011f\u2019\u0131n \u00e7ocuklu\u011funu hi\u00e7 merak ettiniz mi? <\/p>\n","protected":false},"excerpt":{"rendered":"<p>S\u00fcmer Uygarl\u0131\u011f\u0131\u2019yla ilgili yapt\u0131\u011f\u0131 \u00f6nemli bilimsel \u00e7al\u0131\u015fmalar nedeniyle kendisinden \u201cSon S\u00fcmer Krali\u00e7esi\u201d diye bahsedilen M. \u0130lmiye \u00c7\u0131\u011f\u2019\u0131n \u00e7ocuklu\u011funu hi\u00e7 merak ettiniz mi?<\/p>\n","protected":false},"featured_media":0,"template":"","meta":{"_monsterinsights_skip_tracking":false,"_monsterinsights_sitenote_active":false,"_monsterinsights_sitenote_note":"","_monsterinsights_sitenote_category":0},"product_brand":[],"product_cat":[14009,12291],"product_tag":[],"class_list":{"0":"post-690176","1":"product","2":"type-product","3":"status-publish","5":"product_cat-biyografi-otobiyografi-edebiyat","6":"product_cat-edebiyat","7":"pa_tur-kitap","8":"pa_yayinevi-kaynak-yayinlari","9":"pa_yazar-sevinc-kocak","11":"first","12":"instock","13":"sale","14":"shipping-taxable","15":"purchasable","16":"product-type-simple"},"_links":{"self":[{"href":"https:\/\/roveyayinevi.com.tr\/index.php\/wp-json\/wp\/v2\/product\/690176","targetHints":{"allow":["GET"]}}],"collection":[{"href":"https:\/\/roveyayinevi.com.tr\/index.php\/wp-json\/wp\/v2\/product"}],"about":[{"href":"https:\/\/roveyayinevi.com.tr\/index.php\/wp-json\/wp\/v2\/types\/product"}],"wp:attachment":[{"href":"https:\/\/roveyayinevi.com.tr\/index.php\/wp-json\/wp\/v2\/media?parent=690176"}],"wp:term":[{"taxonomy":"product_brand","embeddable":true,"href":"https:\/\/roveyayinevi.com.tr\/index.php\/wp-json\/wp\/v2\/product_brand?post=690176"},{"taxonomy":"product_cat","embeddable":true,"href":"https:\/\/roveyayinevi.com.tr\/index.php\/wp-json\/wp\/v2\/product_cat?post=690176"},{"taxonomy":"product_tag","embeddable":true,"href":"https:\/\/roveyayinevi.com.tr\/index.php\/wp-json\/wp\/v2\/product_tag?post=690176"}],"curies":[{"name":"wp","href":"https:\/\/api.w.org\/{rel}","templated":true}]}}