{"id":690166,"date":"2025-08-27T13:50:09","date_gmt":"2025-08-27T10:50:09","guid":{"rendered":"https:\/\/roveyayinevi.com.tr\/index.php\/urun\/kuresellesme-ve-yaklasan-sosyalizm\/"},"modified":"2026-04-16T01:59:49","modified_gmt":"2026-04-15T22:59:49","slug":"kuresellesme-ve-yaklasan-sosyalizm","status":"publish","type":"product","link":"https:\/\/roveyayinevi.com.tr\/index.php\/urun\/kuresellesme-ve-yaklasan-sosyalizm\/","title":{"rendered":"K\u00fcreselle\u015fme ve Yakla\u015fan Sosyalizm"},"content":{"rendered":"<p>Kapitalizm kar\u015f\u0131s\u0131ndaki dava birka\u00e7 cepheye sahiptir. Birincisi, kapitalizm, s\u00f6m\u00fcrgeci ve emperyal sava\u015flara ve daha yoksul \u00fclkelerin ekonomik egemenlik alt\u0131na al\u0131nmas\u0131na yol a\u00e7arak yay\u0131lmak zorunda olan bir sistemdir. Sistemin temel i\u015fleyi\u015fi ulusal ve uluslararas\u0131 d\u00fczlemlerde ayn\u0131 anda b\u00fcy\u00fck bir zenginlik ve yoksulluk yarat\u0131r. Bu durumun bir sonucu, insanl\u0131\u011f\u0131n b\u00fcy\u00fck bir b\u00f6l\u00fcm\u00fcn\u00fc, \u00e7o\u011funun g\u00fcvencesiz ve lanetli hayatlara mahkum olmas\u0131yla birlikte, k\u00f6lece bir konuma d\u00fc\u015f\u00fcr\u00fcr. Kapitalizm ayn\u0131 zamanda, geli\u015fip b\u00fcy\u00fcd\u00fck\u00e7e, birincil itici g\u00fcc\u00fc olan sermaye birikimi g\u00fcd\u00fcs\u00fc d\u0131\u015f\u0131nda sistemik bir hedefe sahip olmad\u0131\u011f\u0131 i\u00e7in, ekolojik y\u0131k\u0131m\u0131 t\u0131rmand\u0131rma e\u011filimindedir. Hem yenilenebilir, hem de yenilenebilir olmayan do\u011fal kaynaklar\u0131, bunlar\u0131n s\u0131n\u0131rl\u0131 nitelikteki do\u011falar\u0131na ald\u0131r\u0131\u015f etmeksizin kullanma e\u011filimindedir. Ve kapitalizmin en berbat etkileri bazen hafifletilirken, kapitalistler bu durumu sermaye birikiminin \u00f6n\u00fcnde engel olarak g\u00f6rd\u00fckleri ve daha s\u0131n\u0131rs\u0131z ko\u015fullara geri d\u00f6n\u00fc\u015f\u00fcn yasalar\u0131n\u0131 \u00e7\u0131kartacak g\u00fcce sahip olduklar\u0131 zaman reformlar da ortadan kald\u0131r\u0131labilir.  Harry Magdoff <\/p>\n","protected":false},"excerpt":{"rendered":"<p>Kapitalizm kar\u015f\u0131s\u0131ndaki dava birka\u00e7 cepheye sahiptir. Birincisi, kapitalizm, s\u00f6m\u00fcrgeci ve emperyal sava\u015flara ve daha yoksul \u00fclkelerin ekonomik egemenlik alt\u0131na al\u0131nmas\u0131na yol a\u00e7arak yay\u0131lmak zorunda olan bir<span class=\"excerpt-hellip\"> [\u2026]<\/span><\/p>\n","protected":false},"featured_media":0,"template":"","meta":{"_monsterinsights_skip_tracking":false,"_monsterinsights_sitenote_active":false,"_monsterinsights_sitenote_note":"","_monsterinsights_sitenote_category":0},"product_brand":[],"product_cat":[13596,12337],"product_tag":[],"class_list":{"0":"post-690166","1":"product","2":"type-product","3":"status-publish","5":"product_cat-avrupa-birligi","6":"product_cat-politika-siyaset","7":"pa_tur-kitap","8":"pa_yayinevi-kalkedon-yayincilik","9":"pa_yazar-harry-magdoff","11":"first","12":"instock","13":"sale","14":"shipping-taxable","15":"purchasable","16":"product-type-simple"},"_links":{"self":[{"href":"https:\/\/roveyayinevi.com.tr\/index.php\/wp-json\/wp\/v2\/product\/690166","targetHints":{"allow":["GET"]}}],"collection":[{"href":"https:\/\/roveyayinevi.com.tr\/index.php\/wp-json\/wp\/v2\/product"}],"about":[{"href":"https:\/\/roveyayinevi.com.tr\/index.php\/wp-json\/wp\/v2\/types\/product"}],"wp:attachment":[{"href":"https:\/\/roveyayinevi.com.tr\/index.php\/wp-json\/wp\/v2\/media?parent=690166"}],"wp:term":[{"taxonomy":"product_brand","embeddable":true,"href":"https:\/\/roveyayinevi.com.tr\/index.php\/wp-json\/wp\/v2\/product_brand?post=690166"},{"taxonomy":"product_cat","embeddable":true,"href":"https:\/\/roveyayinevi.com.tr\/index.php\/wp-json\/wp\/v2\/product_cat?post=690166"},{"taxonomy":"product_tag","embeddable":true,"href":"https:\/\/roveyayinevi.com.tr\/index.php\/wp-json\/wp\/v2\/product_tag?post=690166"}],"curies":[{"name":"wp","href":"https:\/\/api.w.org\/{rel}","templated":true}]}}