{"id":690165,"date":"2025-08-27T13:50:09","date_gmt":"2025-08-27T10:50:09","guid":{"rendered":"https:\/\/roveyayinevi.com.tr\/index.php\/urun\/kibrisli-turk-devrimci-hareketi-halk-der\/"},"modified":"2026-04-16T01:59:49","modified_gmt":"2026-04-15T22:59:49","slug":"kibrisli-turk-devrimci-hareketi-halk-der","status":"publish","type":"product","link":"https:\/\/roveyayinevi.com.tr\/index.php\/urun\/kibrisli-turk-devrimci-hareketi-halk-der\/","title":{"rendered":"K\u0131br\u0131sl\u0131 T\u00fcrk Devrimci Hareketi (Halk-Der)"},"content":{"rendered":"<p>K\u0131br\u0131s devriminin ger\u00e7ek k\u0131l\u0131nabilmesi i\u00e7in yaratmak zorunda oldu\u011fumuz K\u0131br\u0131sl\u0131 T\u00fcrk devrimci hareketi krizdedir. Hareketimiz, daha do\u011fum s\u00fcrecini ya\u015farken \u00f6l\u00fcm d\u00f6\u015fe\u011fine d\u00fc\u015fm\u00fc\u015f ancak \u00f6l\u00fcm\u00fcn\u00fc hakk\u0131yla ya\u015fayamad\u0131\u011f\u0131ndan yeni bir do\u011fuma da vesile olamam\u0131\u015ft\u0131r. Krize karakterini veren olgu da zaten bu ask\u0131da kalma halidir. Bu krizi; krizimizi a\u015fmak, devrimci hareketimizin d\u00fcnyaya g\u00f6z\u00fcn\u00fc a\u00e7t\u0131\u011f\u0131 1976-1990 d\u00f6nemini anlamaktan, bu d\u00f6nem boyunca ya\u015fananlar\u0131n bize b\u0131rakt\u0131\u011f\u0131 miras\u0131 hatas\u0131 ile sevab\u0131 ile kabullenip, eksiklerimizi tamamlamaktan, olumluluklar\u0131m\u0131z\u0131 \u00e7o\u011faltmaktan ge\u00e7mektedir. <\/p>\n","protected":false},"excerpt":{"rendered":"<p>K\u0131br\u0131s devriminin ger\u00e7ek k\u0131l\u0131nabilmesi i\u00e7in yaratmak zorunda oldu\u011fumuz K\u0131br\u0131sl\u0131 T\u00fcrk devrimci hareketi krizdedir. Hareketimiz, daha do\u011fum s\u00fcrecini ya\u015farken \u00f6l\u00fcm d\u00f6\u015fe\u011fine d\u00fc\u015fm\u00fc\u015f ancak \u00f6l\u00fcm\u00fcn\u00fc hakk\u0131yla ya\u015fayamad\u0131\u011f\u0131ndan yeni<span class=\"excerpt-hellip\"> [\u2026]<\/span><\/p>\n","protected":false},"featured_media":0,"template":"","meta":{"_monsterinsights_skip_tracking":false,"_monsterinsights_sitenote_active":false,"_monsterinsights_sitenote_note":"","_monsterinsights_sitenote_category":0},"product_brand":[],"product_cat":[13278,12324],"product_tag":[],"class_list":{"0":"post-690165","1":"product","2":"type-product","3":"status-publish","5":"product_cat-sivil-toplum-kuruluslari","6":"product_cat-sosyoloji","7":"pa_tur-kitap","8":"pa_yayinevi-kalkedon-yayincilik","9":"pa_yazar-munur-rahvancioglu","11":"first","12":"instock","13":"sale","14":"shipping-taxable","15":"purchasable","16":"product-type-simple"},"_links":{"self":[{"href":"https:\/\/roveyayinevi.com.tr\/index.php\/wp-json\/wp\/v2\/product\/690165","targetHints":{"allow":["GET"]}}],"collection":[{"href":"https:\/\/roveyayinevi.com.tr\/index.php\/wp-json\/wp\/v2\/product"}],"about":[{"href":"https:\/\/roveyayinevi.com.tr\/index.php\/wp-json\/wp\/v2\/types\/product"}],"wp:attachment":[{"href":"https:\/\/roveyayinevi.com.tr\/index.php\/wp-json\/wp\/v2\/media?parent=690165"}],"wp:term":[{"taxonomy":"product_brand","embeddable":true,"href":"https:\/\/roveyayinevi.com.tr\/index.php\/wp-json\/wp\/v2\/product_brand?post=690165"},{"taxonomy":"product_cat","embeddable":true,"href":"https:\/\/roveyayinevi.com.tr\/index.php\/wp-json\/wp\/v2\/product_cat?post=690165"},{"taxonomy":"product_tag","embeddable":true,"href":"https:\/\/roveyayinevi.com.tr\/index.php\/wp-json\/wp\/v2\/product_tag?post=690165"}],"curies":[{"name":"wp","href":"https:\/\/api.w.org\/{rel}","templated":true}]}}