{"id":690161,"date":"2025-08-27T13:50:08","date_gmt":"2025-08-27T10:50:08","guid":{"rendered":"https:\/\/roveyayinevi.com.tr\/index.php\/urun\/kapitalistler-ve-isgalciler\/"},"modified":"2026-04-16T01:59:49","modified_gmt":"2026-04-15T22:59:49","slug":"kapitalistler-ve-isgalciler","status":"publish","type":"product","link":"https:\/\/roveyayinevi.com.tr\/index.php\/urun\/kapitalistler-ve-isgalciler\/","title":{"rendered":"Kapitalistler ve \u0130\u015fgalciler"},"content":{"rendered":"<p>Bu kitap okuyucular\u0131n hayal g\u00fcc\u00fcne hitap etmeyi ama\u00e7l\u0131yor. B\u00f6ylece O\u011ful Bush\u2019un yapmac\u0131k s\u0131r\u0131tmas\u0131na ve Rumsfeld\u2019in Rice\u2019nin ve Wolfowitz\u2019in kan b\u00fcr\u00fcm\u00fc\u015f g\u00f6zlerine yak\u0131ndan bakt\u0131\u011f\u0131n\u0131zda Leo Strauss\u2019un, J. Edgar Hoover\u2019\u0131n, Joe McCarty\u2019nin Roy Cohn\u2019un ve William McKinley\u2019in onlar\u0131n arkas\u0131ndan belirdi\u011fini fark edebilirsiniz. Ama\u00e7lar\u0131m\u0131zdan biri de onlar\u0131n ideolojik ve maddi fetihler i\u00e7in ba\u015flatt\u0131klar\u0131 kanl\u0131 ser\u00fcveni biraz zorla\u015ft\u0131rmakt\u0131r. Bu da bizim ele\u015ftiri g\u00fcc\u00fcm\u00fcze, itaatsizlik ve muhaliflik \u00e7abalar\u0131m\u0131za ve devrimci bir iyimserlikten beslenen de\u011fi\u015fmez \u00f6ng\u00f6r\u00fcm\u00fcze ba\u011fl\u0131d\u0131r. <\/p>\n","protected":false},"excerpt":{"rendered":"<p>Bu kitap okuyucular\u0131n hayal g\u00fcc\u00fcne hitap etmeyi ama\u00e7l\u0131yor. B\u00f6ylece O\u011ful Bush\u2019un yapmac\u0131k s\u0131r\u0131tmas\u0131na ve Rumsfeld\u2019in Rice\u2019nin ve Wolfowitz\u2019in kan b\u00fcr\u00fcm\u00fc\u015f g\u00f6zlerine yak\u0131ndan bakt\u0131\u011f\u0131n\u0131zda Leo Strauss\u2019un, J.<span class=\"excerpt-hellip\"> [\u2026]<\/span><\/p>\n","protected":false},"featured_media":0,"template":"","meta":{"_monsterinsights_skip_tracking":false,"_monsterinsights_sitenote_active":false,"_monsterinsights_sitenote_note":"","_monsterinsights_sitenote_category":0},"product_brand":[],"product_cat":[12338,12337],"product_tag":[],"class_list":{"0":"post-690161","1":"product","2":"type-product","3":"status-publish","5":"product_cat-dunya-siyaseti-ve-politikasi","6":"product_cat-politika-siyaset","7":"pa_tur-kitap","8":"pa_yayinevi-kalkedon-yayincilik","9":"pa_yazar-peter-mclaren","11":"first","12":"instock","13":"sale","14":"shipping-taxable","15":"purchasable","16":"product-type-simple"},"_links":{"self":[{"href":"https:\/\/roveyayinevi.com.tr\/index.php\/wp-json\/wp\/v2\/product\/690161","targetHints":{"allow":["GET"]}}],"collection":[{"href":"https:\/\/roveyayinevi.com.tr\/index.php\/wp-json\/wp\/v2\/product"}],"about":[{"href":"https:\/\/roveyayinevi.com.tr\/index.php\/wp-json\/wp\/v2\/types\/product"}],"wp:attachment":[{"href":"https:\/\/roveyayinevi.com.tr\/index.php\/wp-json\/wp\/v2\/media?parent=690161"}],"wp:term":[{"taxonomy":"product_brand","embeddable":true,"href":"https:\/\/roveyayinevi.com.tr\/index.php\/wp-json\/wp\/v2\/product_brand?post=690161"},{"taxonomy":"product_cat","embeddable":true,"href":"https:\/\/roveyayinevi.com.tr\/index.php\/wp-json\/wp\/v2\/product_cat?post=690161"},{"taxonomy":"product_tag","embeddable":true,"href":"https:\/\/roveyayinevi.com.tr\/index.php\/wp-json\/wp\/v2\/product_tag?post=690161"}],"curies":[{"name":"wp","href":"https:\/\/api.w.org\/{rel}","templated":true}]}}