{"id":690159,"date":"2025-08-27T13:50:08","date_gmt":"2025-08-27T10:50:08","guid":{"rendered":"https:\/\/roveyayinevi.com.tr\/index.php\/urun\/gramsci-ve-egitsel-dusunce\/"},"modified":"2026-04-16T01:59:49","modified_gmt":"2026-04-15T22:59:49","slug":"gramsci-ve-egitsel-dusunce","status":"publish","type":"product","link":"https:\/\/roveyayinevi.com.tr\/index.php\/urun\/gramsci-ve-egitsel-dusunce\/","title":{"rendered":"Gramsci ve E\u011fitsel D\u00fc\u015f\u00fcnce"},"content":{"rendered":"<p>Yeni bir k\u00fclt\u00fcr yaratmak, sadece bireyin kendi tikel  \u00f6zg\u00fcn  ke\u015fifleri anlam\u0131na gelmez. Bu ayn\u0131 zamanda ve \u00f6zellikle ger\u00e7eklerin ele\u015ftirel formundaki yay\u0131n\u0131m\u0131n, h\u00e2lihaz\u0131rda ke\u015ffedildi\u011fi ve hatta onlar\u0131 hayati eylemin temeli haline getirdi\u011fi; yani  toplumsalla\u015fmalar\u0131n\u0131n , koordinasyon ile entelekt\u00fcel ve ahlaki d\u00fczenin bir unsuru oldu\u011fu anlam\u0131na gelir. Ne  objektif \u00e7al\u0131\u015fma  ne de  tarafs\u0131z k\u00fclt\u00fcr  saflar\u0131m\u0131zda yer bulamaz&#8230; Biz, militan bir \u00f6rg\u00fctlenmeyiz ve saflar\u0131m\u0131zda \u00e7al\u0131\u015fman\u0131n amac\u0131, hem bireysel m\u00fccadele yetene\u011fimizi hem de \u00f6rg\u00fct\u00fcn m\u00fccadele yetene\u011fini bir b\u00fct\u00fcn olarak geli\u015ftirmek ve g\u00fc\u00e7lendirmektir&#8230; Bizim i\u00e7in e\u011fitim ve k\u00fclt\u00fcr, acil ve uzun erimli ama\u00e7lar\u0131m\u0131z\u0131n ve bu ama\u00e7lar\u0131m\u0131z\u0131 prati\u011fe d\u00f6n\u00fc\u015ft\u00fcrmedeki ba\u015far\u0131m\u0131z\u0131n teorik bilincinden fazlas\u0131 de\u011fildir. <\/p>\n","protected":false},"excerpt":{"rendered":"<p>Yeni bir k\u00fclt\u00fcr yaratmak, sadece bireyin kendi tikel \u00f6zg\u00fcn ke\u015fifleri anlam\u0131na gelmez. Bu ayn\u0131 zamanda ve \u00f6zellikle ger\u00e7eklerin ele\u015ftirel formundaki yay\u0131n\u0131m\u0131n, h\u00e2lihaz\u0131rda ke\u015ffedildi\u011fi ve hatta onlar\u0131<span class=\"excerpt-hellip\"> [\u2026]<\/span><\/p>\n","protected":false},"featured_media":0,"template":"","meta":{"_monsterinsights_skip_tracking":false,"_monsterinsights_sitenote_active":false,"_monsterinsights_sitenote_note":"","_monsterinsights_sitenote_category":0},"product_brand":[],"product_cat":[12389,12388],"product_tag":[],"class_list":{"0":"post-690159","1":"product","2":"type-product","3":"status-publish","5":"product_cat-diger-felsefe","6":"product_cat-felsefe","7":"pa_tur-kitap","8":"pa_yayinevi-kalkedon-yayincilik","9":"pa_yazar-peter-mayo","11":"first","12":"instock","13":"sale","14":"shipping-taxable","15":"purchasable","16":"product-type-simple"},"_links":{"self":[{"href":"https:\/\/roveyayinevi.com.tr\/index.php\/wp-json\/wp\/v2\/product\/690159","targetHints":{"allow":["GET"]}}],"collection":[{"href":"https:\/\/roveyayinevi.com.tr\/index.php\/wp-json\/wp\/v2\/product"}],"about":[{"href":"https:\/\/roveyayinevi.com.tr\/index.php\/wp-json\/wp\/v2\/types\/product"}],"wp:attachment":[{"href":"https:\/\/roveyayinevi.com.tr\/index.php\/wp-json\/wp\/v2\/media?parent=690159"}],"wp:term":[{"taxonomy":"product_brand","embeddable":true,"href":"https:\/\/roveyayinevi.com.tr\/index.php\/wp-json\/wp\/v2\/product_brand?post=690159"},{"taxonomy":"product_cat","embeddable":true,"href":"https:\/\/roveyayinevi.com.tr\/index.php\/wp-json\/wp\/v2\/product_cat?post=690159"},{"taxonomy":"product_tag","embeddable":true,"href":"https:\/\/roveyayinevi.com.tr\/index.php\/wp-json\/wp\/v2\/product_tag?post=690159"}],"curies":[{"name":"wp","href":"https:\/\/api.w.org\/{rel}","templated":true}]}}