{"id":690158,"date":"2025-08-27T13:50:08","date_gmt":"2025-08-27T10:50:08","guid":{"rendered":"https:\/\/roveyayinevi.com.tr\/index.php\/urun\/felsefeyi-asmis-marksizm\/"},"modified":"2026-04-16T01:59:48","modified_gmt":"2026-04-15T22:59:48","slug":"felsefeyi-asmis-marksizm","status":"publish","type":"product","link":"https:\/\/roveyayinevi.com.tr\/index.php\/urun\/felsefeyi-asmis-marksizm\/","title":{"rendered":"Felsefeyi A\u015fm\u0131\u015f Marksizm"},"content":{"rendered":"<p>Marksizm\u2019in felsefeye bak\u0131\u015f\u0131 \u00fcniversitelerde ger\u00e7e\u011fine uygun \u00f6\u011fretilmedi\u011fi gibi, bir\u00e7ok felsefe profes\u00f6r\u00fc Marksizmin felsef\u00ee g\u00f6r\u00fc\u015flerini yakla\u015f\u0131k olarak y\u00fcz y\u0131ld\u0131r ele\u015ftiriyor. Sovyetler Birli\u011fi\u2019nin y\u0131k\u0131lmas\u0131ndan sonra Marksizme yap\u0131lan sald\u0131r\u0131lardan onun felsef\u00ee d\u00fcnya g\u00f6r\u00fc\u015f\u00fc de darbeler ald\u0131. T\u00fcrkiye topra\u011f\u0131nda bir zamanlar Marksizmin felsef\u00ee d\u00fc\u015f\u00fcncelerini savunmu\u015f kimi felsefe profes\u00f6rleri de onlara kat\u0131ld\u0131. Sonu\u00e7ta, Marksizmin felsef\u00ee yakla\u015f\u0131mlar\u0131n\u0131n Marksizmin di\u011fer par\u00e7alar\u0131 kadar hedef tahtas\u0131 oldu\u011fu s\u00f6ylenebilir. <\/p>\n","protected":false},"excerpt":{"rendered":"<p>Marksizm\u2019in felsefeye bak\u0131\u015f\u0131 \u00fcniversitelerde ger\u00e7e\u011fine uygun \u00f6\u011fretilmedi\u011fi gibi, bir\u00e7ok felsefe profes\u00f6r\u00fc Marksizmin felsef\u00ee g\u00f6r\u00fc\u015flerini yakla\u015f\u0131k olarak y\u00fcz y\u0131ld\u0131r ele\u015ftiriyor. Sovyetler Birli\u011fi\u2019nin y\u0131k\u0131lmas\u0131ndan sonra Marksizme yap\u0131lan sald\u0131r\u0131lardan<span class=\"excerpt-hellip\"> [\u2026]<\/span><\/p>\n","protected":false},"featured_media":0,"template":"","meta":{"_monsterinsights_skip_tracking":false,"_monsterinsights_sitenote_active":false,"_monsterinsights_sitenote_note":"","_monsterinsights_sitenote_category":0},"product_brand":[],"product_cat":[12388,15309],"product_tag":[],"class_list":{"0":"post-690158","1":"product","2":"type-product","3":"status-publish","5":"product_cat-felsefe","6":"product_cat-felsefi-akimlar","7":"pa_tur-kitap","8":"pa_yayinevi-kalkedon-yayincilik","9":"pa_yazar-mehmet-inanc-turan","11":"first","12":"instock","13":"sale","14":"shipping-taxable","15":"purchasable","16":"product-type-simple"},"_links":{"self":[{"href":"https:\/\/roveyayinevi.com.tr\/index.php\/wp-json\/wp\/v2\/product\/690158","targetHints":{"allow":["GET"]}}],"collection":[{"href":"https:\/\/roveyayinevi.com.tr\/index.php\/wp-json\/wp\/v2\/product"}],"about":[{"href":"https:\/\/roveyayinevi.com.tr\/index.php\/wp-json\/wp\/v2\/types\/product"}],"wp:attachment":[{"href":"https:\/\/roveyayinevi.com.tr\/index.php\/wp-json\/wp\/v2\/media?parent=690158"}],"wp:term":[{"taxonomy":"product_brand","embeddable":true,"href":"https:\/\/roveyayinevi.com.tr\/index.php\/wp-json\/wp\/v2\/product_brand?post=690158"},{"taxonomy":"product_cat","embeddable":true,"href":"https:\/\/roveyayinevi.com.tr\/index.php\/wp-json\/wp\/v2\/product_cat?post=690158"},{"taxonomy":"product_tag","embeddable":true,"href":"https:\/\/roveyayinevi.com.tr\/index.php\/wp-json\/wp\/v2\/product_tag?post=690158"}],"curies":[{"name":"wp","href":"https:\/\/api.w.org\/{rel}","templated":true}]}}