{"id":690156,"date":"2025-08-27T13:50:08","date_gmt":"2025-08-27T10:50:08","guid":{"rendered":"https:\/\/roveyayinevi.com.tr\/index.php\/urun\/devrim-sonrasi-toplumlar\/"},"modified":"2026-04-16T01:59:48","modified_gmt":"2026-04-15T22:59:48","slug":"devrim-sonrasi-toplumlar","status":"publish","type":"product","link":"https:\/\/roveyayinevi.com.tr\/index.php\/urun\/devrim-sonrasi-toplumlar\/","title":{"rendered":"Devrim Sonras\u0131 Toplumlar"},"content":{"rendered":"<p>Yirminci y\u00fczy\u0131l tarihte devrimlerin y\u00fczy\u0131l\u0131 olarak an\u0131labilir. \u0130lk olarak d\u00fcnyan\u0131n toprak anlam\u0131nda b\u00fcy\u00fck farkla en geni\u015f \u00fclkesinde boy g\u00f6steren Rus Devrimi vard\u0131. Bu devrim, \u00f6nceki y\u00fczy\u0131lda Napolyon\u2019un ordular\u0131 sayesinde Frans\u0131z Devrimi\u2019nin Bat\u0131 Avrupa\u2019n\u0131n belli b\u00f6lgelerine uzanmas\u0131 gibi, K\u0131z\u0131l Ordu\u2019nun \u00f6nc\u00fcl\u00fc\u011f\u00fcnde 2. D\u00fcnya Sava\u015f\u0131\u2019n\u0131n son evresinde Do\u011fu Avrupa\u2019ya yay\u0131lm\u0131\u015ft\u0131. Ard\u0131ndan d\u00fcnyan\u0131n n\u00fcfus bak\u0131m\u0131ndan en yo\u011fun \u00fclkesinde bir as\u0131r s\u00fcren m\u00fccadelenin sonucu olan \u00c7in Devrimi geldi. Di\u011fer 2. D\u00fcnya Sava\u015f\u0131 sonras\u0131 devrimlerse \u00c7in Hindi\u2019nde, Kore\u2019de, K\u00fcba\u2019da, Portekiz\u2019in eski Afrika kolonilerinde, Afrika Boynuzu\u2019nda ve en yak\u0131n tarihlerde de G\u00fcney Yemen ve Nikaragua\u2019da meydana geldi. Toplamda bu y\u00fczy\u0131lda \u015fu ana dek d\u00fcnya y\u00fczeyinin y\u00fczde 30\u2019u ve n\u00fcfusunun y\u00fczde 35\u2019i, k\u00f6kl\u00fc yap\u0131sal de\u011fi\u015fimler gerektiren devrimler s\u00fcrecine girdi. Bu devrimler ne t\u00fcr bir toplum yarat\u0131yor? Bunlar\u0131n \u00e7o\u011fu Marksizm\u2019in sanca\u011f\u0131yla zafer kazand\u0131lar (burada \u0130ran Devrimi\u2019ni tamam\u0131yla d\u0131\u015far\u0131da tutmak gerekir), geri kalanlarsa iktidar\u0131n ele ge\u00e7irilmesinin hemen ard\u0131ndan Marksizm\u2019i (ya da Marksizm-Leninizm\u2019i) benimsediler. Marksizm daima kapitalizmin \u00fcstesinden gelecek olan\u0131n sosyalizm oldu\u011funu \u00f6\u011fretti\u011fi i\u00e7indir ki bu devrimci toplumlar\u0131n kendilerini sosyalist olarak adland\u0131rmas\u0131 gayet do\u011fald\u0131r. Bu devrimleri hi\u00e7 ummayan ya da onlara di\u011fer tarihsel rastlant\u0131lar gibi a\u00e7\u0131klama getirmeye \u00e7al\u0131\u015fan burjuva sosyal bilimin de sosyalist yaftay\u0131, onu bizzat devrimci rejimler i\u00e7in bile kabul edilemez yollarla ele alsa da, do\u011fal olarak art\u0131k kabul etmesi gerekmektedir. Derinlemesine inceleyecek olursak, Marksizm\u2019in kurucular\u0131n\u0131n -Karl Marks ve yak\u0131n \u00e7al\u0131\u015fma arkada\u015f\u0131 Friedrich Engels- gelece\u011fin sosyalist toplumu hakk\u0131nda ipucu vermekten ka\u00e7\u0131nd\u0131klar\u0131n\u0131 ve tipik \u00f6zelliklerini tart\u0131\u015ft\u0131klar\u0131nda onu kapitalizm ile kom\u00fcnizm (onlara g\u00f6re kom\u00fcnizm, tarihin ula\u015facak oldu\u011fu en son hedeftir) aras\u0131ndaki bir ge\u00e7i\u015f evresi olarak de\u011ferlendirdiklerini g\u00f6r\u00fcr\u00fcz. Bu temelden bak\u0131l\u0131nca, Marksistler aras\u0131nda hi\u00e7bir zaman bir g\u00f6r\u00fc\u015f birli\u011fi olmamas\u0131 elbette s\u00fcrpriz olmaz; bu noktada ger\u00e7ek bir sosyalist toplumun neye benzeyece\u011fi konusunda anti-Marksistler ya da Marksist olmayanlar aras\u0131nda dahi daha az g\u00f6r\u00fc\u015f ayr\u0131l\u0131klar\u0131 vard\u0131r. Sonu\u00e7ta bu terim kendilerine onu yak\u0131\u015ft\u0131ran t\u00fcm devrimci toplumlar i\u00e7in uygun bir yaftad\u0131r ve herkes onu kendilerine yarar ya da uygun bir bi\u00e7imde yorumlamakta \u00f6zg\u00fcrd\u00fcr.  &#8211; Paul Sweezy <\/p>\n","protected":false},"excerpt":{"rendered":"<p>Yirminci y\u00fczy\u0131l tarihte devrimlerin y\u00fczy\u0131l\u0131 olarak an\u0131labilir. \u0130lk olarak d\u00fcnyan\u0131n toprak anlam\u0131nda b\u00fcy\u00fck farkla en geni\u015f \u00fclkesinde boy g\u00f6steren Rus Devrimi vard\u0131. Bu devrim, \u00f6nceki y\u00fczy\u0131lda<span class=\"excerpt-hellip\"> [\u2026]<\/span><\/p>\n","protected":false},"featured_media":0,"template":"","meta":{"_monsterinsights_skip_tracking":false,"_monsterinsights_sitenote_active":false,"_monsterinsights_sitenote_note":"","_monsterinsights_sitenote_category":0},"product_brand":[],"product_cat":[13633,12324],"product_tag":[],"class_list":{"0":"post-690156","1":"product","2":"type-product","3":"status-publish","5":"product_cat-kultur-ve-bilim","6":"product_cat-sosyoloji","7":"pa_tur-kitap","8":"pa_yayinevi-kalkedon-yayincilik","9":"pa_yazar-paul-sweezy","11":"first","12":"instock","13":"sale","14":"shipping-taxable","15":"purchasable","16":"product-type-simple"},"_links":{"self":[{"href":"https:\/\/roveyayinevi.com.tr\/index.php\/wp-json\/wp\/v2\/product\/690156","targetHints":{"allow":["GET"]}}],"collection":[{"href":"https:\/\/roveyayinevi.com.tr\/index.php\/wp-json\/wp\/v2\/product"}],"about":[{"href":"https:\/\/roveyayinevi.com.tr\/index.php\/wp-json\/wp\/v2\/types\/product"}],"wp:attachment":[{"href":"https:\/\/roveyayinevi.com.tr\/index.php\/wp-json\/wp\/v2\/media?parent=690156"}],"wp:term":[{"taxonomy":"product_brand","embeddable":true,"href":"https:\/\/roveyayinevi.com.tr\/index.php\/wp-json\/wp\/v2\/product_brand?post=690156"},{"taxonomy":"product_cat","embeddable":true,"href":"https:\/\/roveyayinevi.com.tr\/index.php\/wp-json\/wp\/v2\/product_cat?post=690156"},{"taxonomy":"product_tag","embeddable":true,"href":"https:\/\/roveyayinevi.com.tr\/index.php\/wp-json\/wp\/v2\/product_tag?post=690156"}],"curies":[{"name":"wp","href":"https:\/\/api.w.org\/{rel}","templated":true}]}}