{"id":690152,"date":"2025-08-27T13:50:07","date_gmt":"2025-08-27T10:50:07","guid":{"rendered":"https:\/\/roveyayinevi.com.tr\/index.php\/urun\/kadinlar-mektebi\/"},"modified":"2026-04-16T01:59:48","modified_gmt":"2026-04-15T22:59:48","slug":"kadinlar-mektebi","status":"publish","type":"product","link":"https:\/\/roveyayinevi.com.tr\/index.php\/urun\/kadinlar-mektebi\/","title":{"rendered":"Kad\u0131nlar Mektebi"},"content":{"rendered":"<p>Moli\u00e8re [Jean-Baptiste Poquelin] (1622-1673): Clermont Koleji\u2019nde Latin ve Yunan dili ve edebiyat\u0131 dersleri ald\u0131. Hukuk \u00f6\u011frenimi yapt\u0131, bir s\u00fcre sonra barodan ayr\u0131ld\u0131. Oyunlar\u0131nda insan ger\u00e7ekli\u011fini hayranl\u0131k verici bir derinlikle sergiledi. Yazd\u0131\u011f\u0131 pek \u00e7ok b\u00fcy\u00fck komedya ile tan\u0131nan yazar, tiyatroda trup y\u00f6neticisi ve oyuncu olarak da \u00e7al\u0131\u015ft\u0131. Kad\u0131nlar Mektebi Moli\u00e8re\u2019in ilk b\u00fcy\u00fck komedisidir. Yazar bu eserinde kad\u0131n erkek ili\u015fkileri, e\u015f se\u00e7imi ve evlilik, a\u015fk ve gen\u00e7lik konular\u0131n\u0131 ele alm\u0131\u015f, sahne hayat\u0131n\u0131n en b\u00fcy\u00fck ba\u015far\u0131lar\u0131ndan birini kazanm\u0131\u015ft\u0131r.<\/p>\n","protected":false},"excerpt":{"rendered":"<p>Moli\u00e8re [Jean-Baptiste Poquelin] (1622-1673): Clermont Koleji\u2019nde Latin ve Yunan dili ve edebiyat\u0131 dersleri ald\u0131. Hukuk \u00f6\u011frenimi yapt\u0131, bir s\u00fcre sonra barodan ayr\u0131ld\u0131. Oyunlar\u0131nda insan ger\u00e7ekli\u011fini hayranl\u0131k<span class=\"excerpt-hellip\"> [\u2026]<\/span><\/p>\n","protected":false},"featured_media":0,"template":"","meta":{"_monsterinsights_skip_tracking":false,"_monsterinsights_sitenote_active":false,"_monsterinsights_sitenote_note":"","_monsterinsights_sitenote_category":0},"product_brand":[],"product_cat":[12291,14272],"product_tag":[],"class_list":{"0":"post-690152","1":"product","2":"type-product","3":"status-publish","5":"product_cat-edebiyat","6":"product_cat-tiyatro","7":"pa_cilt-ciltsiz","8":"pa_tur-kitap","9":"pa_yayinevi-is-bankasi-kultur-yayinlari","10":"pa_yazar-jean-baptiste-poquelin-moliere","12":"first","13":"instock","14":"sale","15":"shipping-taxable","16":"purchasable","17":"product-type-simple"},"_links":{"self":[{"href":"https:\/\/roveyayinevi.com.tr\/index.php\/wp-json\/wp\/v2\/product\/690152","targetHints":{"allow":["GET"]}}],"collection":[{"href":"https:\/\/roveyayinevi.com.tr\/index.php\/wp-json\/wp\/v2\/product"}],"about":[{"href":"https:\/\/roveyayinevi.com.tr\/index.php\/wp-json\/wp\/v2\/types\/product"}],"wp:attachment":[{"href":"https:\/\/roveyayinevi.com.tr\/index.php\/wp-json\/wp\/v2\/media?parent=690152"}],"wp:term":[{"taxonomy":"product_brand","embeddable":true,"href":"https:\/\/roveyayinevi.com.tr\/index.php\/wp-json\/wp\/v2\/product_brand?post=690152"},{"taxonomy":"product_cat","embeddable":true,"href":"https:\/\/roveyayinevi.com.tr\/index.php\/wp-json\/wp\/v2\/product_cat?post=690152"},{"taxonomy":"product_tag","embeddable":true,"href":"https:\/\/roveyayinevi.com.tr\/index.php\/wp-json\/wp\/v2\/product_tag?post=690152"}],"curies":[{"name":"wp","href":"https:\/\/api.w.org\/{rel}","templated":true}]}}