{"id":690151,"date":"2025-08-27T13:50:07","date_gmt":"2025-08-27T10:50:07","guid":{"rendered":"https:\/\/roveyayinevi.com.tr\/index.php\/urun\/biyoloji-kader-olunca\/"},"modified":"2026-04-16T01:59:48","modified_gmt":"2026-04-15T22:59:48","slug":"biyoloji-kader-olunca","status":"publish","type":"product","link":"https:\/\/roveyayinevi.com.tr\/index.php\/urun\/biyoloji-kader-olunca\/","title":{"rendered":"Biyoloji Kader Olunca"},"content":{"rendered":"<p>Burada toplanan Alman tarihi hakk\u0131ndaki denemeler kad\u0131n ve aile konular\u0131n\u0131n siyasalla\u015fmas\u0131 -ve siyasal bak\u0131mdan tahrif edili\u015fi- kadar, kad\u0131nlar\u0131n deneyimini de tart\u0131\u015fmaktad\u0131r: kader olan biyoloji ve o kadere direni\u015f. Yo\u011fun siyasal kar\u0131\u015f\u0131kl\u0131k ve ekonomik yeniden yap\u0131lanma d\u00f6nemine odaklanmaktay\u0131z: 1920\u2019ler s\u0131ras\u0131nda Alman ekonomisinin rasyonelle\u015fmesi, 1930 ba\u015flar\u0131n\u0131n B\u00fcy\u00fck Buhran\u0131, Nazi zaferi, II. D\u00fcnya Sava\u015f\u0131\u2019n\u0131n geli\u015fi ve Holocaust. Bu kitab\u0131 bir araya getirmek i\u00e7in d\u00fcrt\u00fcm\u00fcz hem siyasal hem de ki\u015fiseldi. 1960 sonlar\u0131ndan itibaren eylemci ve \u00f6\u011fretim \u00fcyeleri olarak, \u00f6\u011frenci hareketlerinden ve Yeni Soldan ortaya \u00e7\u0131kan feministler ve tarih\u00e7iler olarak kendi tarihlerimizden harekete ge\u00e7tik. Kitaba, ekonomik krizin ve siyasal gericili\u011fin toplumsal refah kaynaklar\u0131n\u0131 daraltt\u0131\u011f\u0131 ve  yeniden \u00fcretim politikalar\u0131  tart\u0131\u015fmas\u0131n\u0131 keskinle\u015ftirdi\u011fi Reagan\u2019\u0131n ilk y\u0131llar\u0131nda niyetlendik. Sa\u011f bize ironik olarak,  ki\u015fiseli  soldan ya da kad\u0131nlar hareketinden daha militanca ve ba\u015far\u0131yla siyasalla\u015ft\u0131rmay\u0131 becermi\u015f g\u00f6r\u00fcn\u00fcyordu. Yeni Sa\u011f ve Ahlakl\u0131 \u00c7o\u011funluk cinsellik ve \u00fcremenin, k\u00fcrtaj ve do\u011fum kontrol\u00fcn\u00fcn, kad\u0131nlar\u0131n \u00fccretli eme\u011fi ve ailenin s\u00fcrd\u00fcr\u00fclmesinin devlet d\u00fczenlemesine tabi kamusal ve siyasal konular oldu\u011funu g\u00fc\u00e7l\u00fc bir \u015fekilde iddia ederken, feministler ve solcular  \u00f6zel tercih  hakk\u0131n\u0131 savunmaya do\u011fru gerilemekteydiler.  Kullan\u0131labilir bir ge\u00e7mi\u015f  arayarak bu konulara dramatik \u015fekilde, a\u00e7\u0131k\u00e7a ve neticede korkun\u00e7 bi\u00e7imde karar verildi\u011fi Alman tarihine bakt\u0131k. <\/p>\n","protected":false},"excerpt":{"rendered":"<p>Burada toplanan Alman tarihi hakk\u0131ndaki denemeler kad\u0131n ve aile konular\u0131n\u0131n siyasalla\u015fmas\u0131 -ve siyasal bak\u0131mdan tahrif edili\u015fi- kadar, kad\u0131nlar\u0131n deneyimini de tart\u0131\u015fmaktad\u0131r: kader olan biyoloji ve o<span class=\"excerpt-hellip\"> [\u2026]<\/span><\/p>\n","protected":false},"featured_media":0,"template":"","meta":{"_monsterinsights_skip_tracking":false,"_monsterinsights_sitenote_active":false,"_monsterinsights_sitenote_note":"","_monsterinsights_sitenote_category":0},"product_brand":[],"product_cat":[12370,12304],"product_tag":[],"class_list":{"0":"post-690151","1":"product","2":"type-product","3":"status-publish","5":"product_cat-arastirma-inceleme","6":"product_cat-tarih","7":"pa_tur-kitap","8":"pa_yayinevi-kalkedon-yayincilik","9":"pa_yazar-derleme","11":"first","12":"instock","13":"sale","14":"shipping-taxable","15":"purchasable","16":"product-type-simple"},"_links":{"self":[{"href":"https:\/\/roveyayinevi.com.tr\/index.php\/wp-json\/wp\/v2\/product\/690151","targetHints":{"allow":["GET"]}}],"collection":[{"href":"https:\/\/roveyayinevi.com.tr\/index.php\/wp-json\/wp\/v2\/product"}],"about":[{"href":"https:\/\/roveyayinevi.com.tr\/index.php\/wp-json\/wp\/v2\/types\/product"}],"wp:attachment":[{"href":"https:\/\/roveyayinevi.com.tr\/index.php\/wp-json\/wp\/v2\/media?parent=690151"}],"wp:term":[{"taxonomy":"product_brand","embeddable":true,"href":"https:\/\/roveyayinevi.com.tr\/index.php\/wp-json\/wp\/v2\/product_brand?post=690151"},{"taxonomy":"product_cat","embeddable":true,"href":"https:\/\/roveyayinevi.com.tr\/index.php\/wp-json\/wp\/v2\/product_cat?post=690151"},{"taxonomy":"product_tag","embeddable":true,"href":"https:\/\/roveyayinevi.com.tr\/index.php\/wp-json\/wp\/v2\/product_tag?post=690151"}],"curies":[{"name":"wp","href":"https:\/\/api.w.org\/{rel}","templated":true}]}}