{"id":690148,"date":"2025-08-27T13:50:06","date_gmt":"2025-08-27T10:50:06","guid":{"rendered":"https:\/\/roveyayinevi.com.tr\/index.php\/urun\/andrey-tarkovski\/"},"modified":"2026-04-16T01:59:48","modified_gmt":"2026-04-15T22:59:48","slug":"andrey-tarkovski","status":"publish","type":"product","link":"https:\/\/roveyayinevi.com.tr\/index.php\/urun\/andrey-tarkovski\/","title":{"rendered":"Andrey Tarkovski"},"content":{"rendered":"<p>Bu kitab\u0131n Tarkovski\u2019nin \u00e7al\u0131\u015fmalar\u0131na a\u015fina olmayanlar i\u00e7in k\u0131sa bir genel bak\u0131\u015f olarak g\u00f6rev g\u00f6rmesi, onlarla zaten tan\u0131\u015f\u0131k olanlar i\u00e7inse geriye d\u00f6n\u00fcp filmleri tekrar izlemeleri i\u00e7in bir te\u015fvik olmas\u0131 ama\u00e7land\u0131. <\/p>\n","protected":false},"excerpt":{"rendered":"<p>Bu kitab\u0131n Tarkovski\u2019nin \u00e7al\u0131\u015fmalar\u0131na a\u015fina olmayanlar i\u00e7in k\u0131sa bir genel bak\u0131\u015f olarak g\u00f6rev g\u00f6rmesi, onlarla zaten tan\u0131\u015f\u0131k olanlar i\u00e7inse geriye d\u00f6n\u00fcp filmleri tekrar izlemeleri i\u00e7in bir<span class=\"excerpt-hellip\"> [\u2026]<\/span><\/p>\n","protected":false},"featured_media":0,"template":"","meta":{"_monsterinsights_skip_tracking":false,"_monsterinsights_sitenote_active":false,"_monsterinsights_sitenote_note":"","_monsterinsights_sitenote_category":0},"product_brand":[],"product_cat":[12409,12408],"product_tag":[],"class_list":{"0":"post-690148","1":"product","2":"type-product","3":"status-publish","5":"product_cat-fotograf-sinema-tiyatro","6":"product_cat-sanat","7":"pa_tur-kitap","8":"pa_yayinevi-kalkedon-yayincilik","9":"pa_yazar-sean-martin","11":"first","12":"instock","13":"sale","14":"shipping-taxable","15":"purchasable","16":"product-type-simple"},"_links":{"self":[{"href":"https:\/\/roveyayinevi.com.tr\/index.php\/wp-json\/wp\/v2\/product\/690148","targetHints":{"allow":["GET"]}}],"collection":[{"href":"https:\/\/roveyayinevi.com.tr\/index.php\/wp-json\/wp\/v2\/product"}],"about":[{"href":"https:\/\/roveyayinevi.com.tr\/index.php\/wp-json\/wp\/v2\/types\/product"}],"wp:attachment":[{"href":"https:\/\/roveyayinevi.com.tr\/index.php\/wp-json\/wp\/v2\/media?parent=690148"}],"wp:term":[{"taxonomy":"product_brand","embeddable":true,"href":"https:\/\/roveyayinevi.com.tr\/index.php\/wp-json\/wp\/v2\/product_brand?post=690148"},{"taxonomy":"product_cat","embeddable":true,"href":"https:\/\/roveyayinevi.com.tr\/index.php\/wp-json\/wp\/v2\/product_cat?post=690148"},{"taxonomy":"product_tag","embeddable":true,"href":"https:\/\/roveyayinevi.com.tr\/index.php\/wp-json\/wp\/v2\/product_tag?post=690148"}],"curies":[{"name":"wp","href":"https:\/\/api.w.org\/{rel}","templated":true}]}}