{"id":690147,"date":"2025-08-27T13:50:06","date_gmt":"2025-08-27T10:50:06","guid":{"rendered":"https:\/\/roveyayinevi.com.tr\/index.php\/urun\/askname\/"},"modified":"2025-09-01T08:28:50","modified_gmt":"2025-09-01T05:28:50","slug":"askname","status":"publish","type":"product","link":"https:\/\/roveyayinevi.com.tr\/index.php\/urun\/askname\/","title":{"rendered":"A\u015fkname"},"content":{"rendered":"<p>Dilenciden sultana, k\u00f6leden efendiye H\u00e2n\u0131m hey!.. Sen ki muhabbet g\u00fclistan\u0131ma revnak ba\u011f\u0131\u015flayan\u0131m, efendimsin. Sen ki arzum, emelim, hicran\u0131m ve elemimsin, Ayr\u0131l\u0131\u011f\u0131ndan dolay\u0131 yard\u0131m dilenmeye takatim yok senden, kap\u0131nda kendini kaybedenlere g\u0131ptayla ge\u00e7en \u00f6mr\u00fcmde bir takate de ihtiyac\u0131n\u0131 kalmad\u0131 art\u0131k. Sevgili e\u015fi\u011finde \u00f6lene de\u011fil sa\u011f kalana \u015fa\u015fmak gerekir, der bir bilge ama ben senden uzakta, a\u015fk\u0131nla hasta ama a\u015fk sayesinde s\u0131hhatteyim. Araya bunca y\u0131l\u0131n hasreti girmi\u015fken bir g\u00fcn seni g\u00f6rmeye dayanabilir miyim bilmem, ama her sabah seni g\u00f6r\u00fcyor ve y\u00fcz\u00fcnden ald\u0131\u011f\u0131 g\u00fczellik ile insan i\u00e7ine \u00e7\u0131k\u0131yor diye g\u00fcne\u015fe, e\u015fi\u011fini d\u00f6ne dola\u015fa senden nur \u00e7al\u0131yor diye her aksar mehtaba bak\u0131yorum, bilesin. Bug\u00fcn nas\u0131ls\u0131n ey k\u00e2inat\u0131n ba\u015f\u0131 d\u00f6nm\u00fc\u015f y\u0131ld\u0131z\u0131? diyorum ona, hasbihal ediyorum; Ne haldedir sevgilim, ho\u015f mudur, safaca m\u0131d\u0131r \u0130stanbullar sultan\u0131 bug\u00fcn? diye tekrar soruyorum. Hi\u00e7 benim bulundu\u011fum yerden daha kederli bir \u00e2leme do\u011fdun mu sen; hi\u00e7 a\u015fkta alt\u00fcst olmu\u015f bencileyin bir firkatzede \u00fczerine parlad\u0131n m\u0131? diye sitem ediyorum bazen&#8230; Velhas\u0131l g\u00fcnlerce ve gecelerce g\u00fcne\u015flere ve aylara durmadan ve dinlemeden seni soruyorum, h\u00e2l\u00e2 bir haberini alamay\u0131\u015f\u0131m\u0131 \u015fik\u00e2yetle s\u00f6yl\u00fcyor, anlat\u0131yorum. Senin beni unutma ihtimalini hat\u0131rlay\u0131p \u00e7\u0131ld\u0131r\u0131yorum baz\u0131 g\u00fcnler ve baz\u0131 geceler y\u00fcz\u00fcn\u00fc eskisi gibi hayal edemeyece\u011fimden korkup kahroluyorum. Sonra t\u00f6vbeler ediyorum. Seni unutma ihtimalini d\u00fc\u015f\u00fcnd\u00fc\u011f\u00fcm i\u00e7in. \ufffc<\/p>\n","protected":false},"excerpt":{"rendered":"<p>Dilenciden sultana, k\u00f6leden efendiye H\u00e2n\u0131m hey!.. Sen ki muhabbet g\u00fclistan\u0131ma revnak ba\u011f\u0131\u015flayan\u0131m, efendimsin. Sen ki arzum, emelim, hicran\u0131m ve elemimsin, Ayr\u0131l\u0131\u011f\u0131ndan dolay\u0131 yard\u0131m dilenmeye takatim yok<span class=\"excerpt-hellip\"> [\u2026]<\/span><\/p>\n","protected":false},"featured_media":0,"template":"","meta":{"_monsterinsights_skip_tracking":false,"_monsterinsights_sitenote_active":false,"_monsterinsights_sitenote_note":"","_monsterinsights_sitenote_category":0},"product_brand":[],"product_cat":[12291,12292],"product_tag":[],"class_list":{"0":"post-690147","1":"product","2":"type-product","3":"status-publish","5":"product_cat-edebiyat","6":"product_cat-turk-edebiyati","7":"pa_cilt-ciltsiz","8":"pa_tur-kitap","9":"pa_yayinevi-kapi-yayinlari","10":"pa_yazar-iskender-pala","12":"first","13":"instock","14":"sale","15":"shipping-taxable","16":"purchasable","17":"product-type-simple"},"_links":{"self":[{"href":"https:\/\/roveyayinevi.com.tr\/index.php\/wp-json\/wp\/v2\/product\/690147","targetHints":{"allow":["GET"]}}],"collection":[{"href":"https:\/\/roveyayinevi.com.tr\/index.php\/wp-json\/wp\/v2\/product"}],"about":[{"href":"https:\/\/roveyayinevi.com.tr\/index.php\/wp-json\/wp\/v2\/types\/product"}],"wp:attachment":[{"href":"https:\/\/roveyayinevi.com.tr\/index.php\/wp-json\/wp\/v2\/media?parent=690147"}],"wp:term":[{"taxonomy":"product_brand","embeddable":true,"href":"https:\/\/roveyayinevi.com.tr\/index.php\/wp-json\/wp\/v2\/product_brand?post=690147"},{"taxonomy":"product_cat","embeddable":true,"href":"https:\/\/roveyayinevi.com.tr\/index.php\/wp-json\/wp\/v2\/product_cat?post=690147"},{"taxonomy":"product_tag","embeddable":true,"href":"https:\/\/roveyayinevi.com.tr\/index.php\/wp-json\/wp\/v2\/product_tag?post=690147"}],"curies":[{"name":"wp","href":"https:\/\/api.w.org\/{rel}","templated":true}]}}