{"id":690146,"date":"2025-08-27T13:50:06","date_gmt":"2025-08-27T10:50:06","guid":{"rendered":"https:\/\/roveyayinevi.com.tr\/index.php\/urun\/asina-guzeller\/"},"modified":"2026-04-16T01:59:48","modified_gmt":"2026-04-15T22:59:48","slug":"asina-guzeller","status":"publish","type":"product","link":"https:\/\/roveyayinevi.com.tr\/index.php\/urun\/asina-guzeller\/","title":{"rendered":"A\u015fina G\u00fczeller"},"content":{"rendered":"<p>Y\u00fcksek medeniyetler, millete ait madd\u00ee ve manevi de\u011ferlerin t\u00fcm\u00fcn\u00fc, zaman i\u00e7erisinde kendisine has duyu\u015f, d\u00fc\u015f\u00fcn\u00fc\u015f ve ifade edi\u015f tarz\u0131 ile k\u00fclt\u00fcrlerine sindirirler ve gelecek nesillerini onunla korumu\u015f olurlar. Osmanl\u0131 medeniyetinin s\u00f6ze verdi\u011fi de\u011fer, nesirden ziyade \u015fiirde kendini g\u00f6stermi\u015f ve en \u00e7arp\u0131c\u0131, en gizemli ifadeler daima \u015fairlerce tel\u00e2ffuz edile gelmi\u015ftir. Divan \u015fiiri, as\u0131rlardan s\u00fcz\u00fclerek akan bir k\u00fclt\u00fcr tecr\u00fcbesinin sarraf titizli\u011fiyle i\u015flenmi\u015f bir ifadesinden ibarettir. Kitab\u0131m\u0131z\u0131n sayfalar\u0131 aras\u0131nda gezinirken klas\u0131k \u015fiir zevkimizin g\u00fczellerine rastlayaca\u011f\u0131n\u0131z\u0131 ve onlarla, aran\u0131zda bir g\u00f6z ve ses a\u015final\u0131\u011f\u0131 bulaca\u011f\u0131n\u0131z\u0131 umuyoruz. \u00c7\u00fcnk\u00fc onlar, bizatihi biz demektir, siz demektir.<\/p>\n","protected":false},"excerpt":{"rendered":"<p>Y\u00fcksek medeniyetler, millete ait madd\u00ee ve manevi de\u011ferlerin t\u00fcm\u00fcn\u00fc, zaman i\u00e7erisinde kendisine has duyu\u015f, d\u00fc\u015f\u00fcn\u00fc\u015f ve ifade edi\u015f tarz\u0131 ile k\u00fclt\u00fcrlerine sindirirler ve gelecek nesillerini onunla<span class=\"excerpt-hellip\"> [\u2026]<\/span><\/p>\n","protected":false},"featured_media":0,"template":"","meta":{"_monsterinsights_skip_tracking":false,"_monsterinsights_sitenote_active":false,"_monsterinsights_sitenote_note":"","_monsterinsights_sitenote_category":0},"product_brand":[],"product_cat":[12291,12292],"product_tag":[],"class_list":{"0":"post-690146","1":"product","2":"type-product","3":"status-publish","5":"product_cat-edebiyat","6":"product_cat-turk-edebiyati","7":"pa_cilt-ciltsiz","8":"pa_tur-kitap","9":"pa_yayinevi-kapi-yayinlari","10":"pa_yazar-iskender-pala","12":"first","13":"instock","14":"sale","15":"shipping-taxable","16":"purchasable","17":"product-type-simple"},"_links":{"self":[{"href":"https:\/\/roveyayinevi.com.tr\/index.php\/wp-json\/wp\/v2\/product\/690146","targetHints":{"allow":["GET"]}}],"collection":[{"href":"https:\/\/roveyayinevi.com.tr\/index.php\/wp-json\/wp\/v2\/product"}],"about":[{"href":"https:\/\/roveyayinevi.com.tr\/index.php\/wp-json\/wp\/v2\/types\/product"}],"wp:attachment":[{"href":"https:\/\/roveyayinevi.com.tr\/index.php\/wp-json\/wp\/v2\/media?parent=690146"}],"wp:term":[{"taxonomy":"product_brand","embeddable":true,"href":"https:\/\/roveyayinevi.com.tr\/index.php\/wp-json\/wp\/v2\/product_brand?post=690146"},{"taxonomy":"product_cat","embeddable":true,"href":"https:\/\/roveyayinevi.com.tr\/index.php\/wp-json\/wp\/v2\/product_cat?post=690146"},{"taxonomy":"product_tag","embeddable":true,"href":"https:\/\/roveyayinevi.com.tr\/index.php\/wp-json\/wp\/v2\/product_tag?post=690146"}],"curies":[{"name":"wp","href":"https:\/\/api.w.org\/{rel}","templated":true}]}}