{"id":690145,"date":"2025-08-27T13:50:06","date_gmt":"2025-08-27T10:50:06","guid":{"rendered":"https:\/\/roveyayinevi.com.tr\/index.php\/urun\/anlamin-buharlasmasi-ve-kuran\/"},"modified":"2026-03-26T17:31:26","modified_gmt":"2026-03-26T14:31:26","slug":"anlamin-buharlasmasi-ve-kuran","status":"publish","type":"product","link":"https:\/\/roveyayinevi.com.tr\/index.php\/urun\/anlamin-buharlasmasi-ve-kuran\/","title":{"rendered":"Anlam\u0131n Buharla\u015fmas\u0131 ve Kur\u2019an"},"content":{"rendered":"<p>&#8211; Biz bir metni nas\u0131l anlar\u0131z? &#8211; Anlama faaliyeti esnas\u0131nda neler olup biter? &#8211; Bir metni \u2018do\u011fru\u2019 olarak anlamak imk\u00e2n\u0131 var m\u0131d\u0131r? &#8211; Anlam\u2019\u0131 \u2018do\u011fru\u2019 ya da \u2018yanl\u0131\u015f\u2019 olmakla nitelemenin \u00f6l\u00e7\u00fct\u00fc (nesnel ko\u015fullar\u0131) var m\u0131d\u0131r, varsa, bu \u00f6l\u00e7\u00fct nesnel bir bi\u00e7imde g\u00f6sterilebilir mi? &#8211; Anlama ile yorumlama aras\u0131ndaki fark nedir? &#8211; Muhatab\u0131n, -metin\u2019le ili\u015fkisi ba\u011flam\u0131nda- a\u015fmamas\u0131 gereken bir s\u0131n\u0131r var m\u0131d\u0131r? &#8211; Anlam, metnin i\u00e7inde duran, bizi \u2018orada\u2019 ve \u2018\u00f6ylece\u2019 bekleyen bir \u015fey midir, yoksa metinle ili\u015fki s\u0131ras\u0131nda ve muhatab\u0131n katk\u0131lar\u0131yla kendisini if\u015fa eden bir mahiyete mi sahiptir? &#8211; Bir metni, \u00f6ylece, yani kendinde olarak nas\u0131l idrak edebiliriz? &#8211; Bu sual listesi uzat\u0131labilir. Bu suallere cevap vermeyi gerekli g\u00f6rd\u00fc\u011f\u00fcn\u00fcz andan itibaren&#8230; \ufffcTan\u0131t\u0131m Metni<\/p>\n","protected":false},"excerpt":{"rendered":"<p>&#8211; Biz bir metni nas\u0131l anlar\u0131z? &#8211; Anlama faaliyeti esnas\u0131nda neler olup biter? &#8211; Bir metni \u2018do\u011fru\u2019 olarak anlamak imk\u00e2n\u0131 var m\u0131d\u0131r? &#8211; Anlam\u2019\u0131 \u2018do\u011fru\u2019 ya<span class=\"excerpt-hellip\"> [\u2026]<\/span><\/p>\n","protected":false},"featured_media":0,"template":"","meta":{"_monsterinsights_skip_tracking":false,"_monsterinsights_sitenote_active":false,"_monsterinsights_sitenote_note":"","_monsterinsights_sitenote_category":0},"product_brand":[],"product_cat":[13036,12718,12719],"product_tag":[],"class_list":{"0":"post-690145","1":"product","2":"type-product","3":"status-publish","5":"product_cat-arastirma-inceleme-islam","6":"product_cat-din","7":"product_cat-islam","8":"pa_cilt-ciltsiz","9":"pa_tur-kitap","10":"pa_yayinevi-kapi-yayinlari","11":"pa_yazar-ducane-cundioglu","13":"first","14":"instock","15":"sale","16":"shipping-taxable","17":"purchasable","18":"product-type-simple"},"_links":{"self":[{"href":"https:\/\/roveyayinevi.com.tr\/index.php\/wp-json\/wp\/v2\/product\/690145","targetHints":{"allow":["GET"]}}],"collection":[{"href":"https:\/\/roveyayinevi.com.tr\/index.php\/wp-json\/wp\/v2\/product"}],"about":[{"href":"https:\/\/roveyayinevi.com.tr\/index.php\/wp-json\/wp\/v2\/types\/product"}],"wp:attachment":[{"href":"https:\/\/roveyayinevi.com.tr\/index.php\/wp-json\/wp\/v2\/media?parent=690145"}],"wp:term":[{"taxonomy":"product_brand","embeddable":true,"href":"https:\/\/roveyayinevi.com.tr\/index.php\/wp-json\/wp\/v2\/product_brand?post=690145"},{"taxonomy":"product_cat","embeddable":true,"href":"https:\/\/roveyayinevi.com.tr\/index.php\/wp-json\/wp\/v2\/product_cat?post=690145"},{"taxonomy":"product_tag","embeddable":true,"href":"https:\/\/roveyayinevi.com.tr\/index.php\/wp-json\/wp\/v2\/product_tag?post=690145"}],"curies":[{"name":"wp","href":"https:\/\/api.w.org\/{rel}","templated":true}]}}