{"id":690144,"date":"2025-08-27T13:50:05","date_gmt":"2025-08-27T10:50:05","guid":{"rendered":"https:\/\/roveyayinevi.com.tr\/index.php\/urun\/ah-minel-ask\/"},"modified":"2026-04-16T01:59:48","modified_gmt":"2026-04-15T22:59:48","slug":"ah-minel-ask","status":"publish","type":"product","link":"https:\/\/roveyayinevi.com.tr\/index.php\/urun\/ah-minel-ask\/","title":{"rendered":"Ah Mine\u2019l &#8211; A\u015fk"},"content":{"rendered":"<p>A\u015fk, yerine g\u00f6re yol olur y\u00fcr\u00fcn\u00fcr, yerine g\u00f6re iman olur uyulur. Bazen ate\u015f olup yakar, bazen deniz olup bo\u011far. Sultan olur \u00fclke y\u00f6netir, \u015farap olur sarho\u015f eder. At olup ko\u015far, ku\u015f olup u\u00e7ar. Hazine olur viran g\u00f6n\u00fcllerde saklan\u0131r, kimya olur hakir topraklar\u0131 alt\u0131na d\u00f6n\u00fc\u015ft\u00fcr\u00fcr. S\u0131r olur saklan\u0131r, gonca olur a\u00e7\u0131l\u0131r. G\u00fcl bah\u00e7esi olur kokusuyla a\u015f\u0131klar\u0131 mest eder, g\u00fcne\u015f olur a\u015f\u0131klar\u0131n\u0131n \u00fcmit meyvelerini olgunla\u015ft\u0131r\u0131r. A\u015fk olunca g\u00f6n\u00fcller birle\u015fir, a\u015fk olunca k\u0131yamet koparcas\u0131na hareketlilik olur. A\u015fk olunca \u015fim\u015fekler \u00e7akar, rahmetler ya\u011far. Alemler k\u0131yama kalkarsa a\u015fktand\u0131r. Hastalar\u0131n \u015fifa bulmas\u0131 a\u015fktand\u0131r. A\u015fk ile d\u00f6ner g\u00f6kler, a\u015fk ile durur kainat. A\u015fk, Mecnun\u2019dan Leyla\u2019ya bir feryat, Mansur\u2019dan dara bir s\u0131r, g\u00f6zden kalbe bir yoldur. Velhas\u0131l, klasik edebiyat\u0131m\u0131zda a\u015fk her \u015feydir, her \u015fey de a\u015fkt\u0131r. B\u00fct\u00fcn bu say\u0131lanlar divan edebiyat\u0131na bir a\u015fk edebiyat\u0131 dememiz i\u00e7in kafidir&#8230;\ufffcTan\u0131t\u0131m Metni<\/p>\n","protected":false},"excerpt":{"rendered":"<p>A\u015fk, yerine g\u00f6re yol olur y\u00fcr\u00fcn\u00fcr, yerine g\u00f6re iman olur uyulur. Bazen ate\u015f olup yakar, bazen deniz olup bo\u011far. Sultan olur \u00fclke y\u00f6netir, \u015farap olur sarho\u015f<span class=\"excerpt-hellip\"> [\u2026]<\/span><\/p>\n","protected":false},"featured_media":0,"template":"","meta":{"_monsterinsights_skip_tracking":false,"_monsterinsights_sitenote_active":false,"_monsterinsights_sitenote_note":"","_monsterinsights_sitenote_category":0},"product_brand":[],"product_cat":[13517,12304],"product_tag":[],"class_list":{"0":"post-690144","1":"product","2":"type-product","3":"status-publish","5":"product_cat-osmanli-tarihi","6":"product_cat-tarih","7":"pa_cilt-ciltsiz","8":"pa_tur-kitap","9":"pa_yayinevi-kapi-yayinlari","10":"pa_yazar-iskender-pala","12":"first","13":"instock","14":"sale","15":"shipping-taxable","16":"purchasable","17":"product-type-simple"},"_links":{"self":[{"href":"https:\/\/roveyayinevi.com.tr\/index.php\/wp-json\/wp\/v2\/product\/690144","targetHints":{"allow":["GET"]}}],"collection":[{"href":"https:\/\/roveyayinevi.com.tr\/index.php\/wp-json\/wp\/v2\/product"}],"about":[{"href":"https:\/\/roveyayinevi.com.tr\/index.php\/wp-json\/wp\/v2\/types\/product"}],"wp:attachment":[{"href":"https:\/\/roveyayinevi.com.tr\/index.php\/wp-json\/wp\/v2\/media?parent=690144"}],"wp:term":[{"taxonomy":"product_brand","embeddable":true,"href":"https:\/\/roveyayinevi.com.tr\/index.php\/wp-json\/wp\/v2\/product_brand?post=690144"},{"taxonomy":"product_cat","embeddable":true,"href":"https:\/\/roveyayinevi.com.tr\/index.php\/wp-json\/wp\/v2\/product_cat?post=690144"},{"taxonomy":"product_tag","embeddable":true,"href":"https:\/\/roveyayinevi.com.tr\/index.php\/wp-json\/wp\/v2\/product_tag?post=690144"}],"curies":[{"name":"wp","href":"https:\/\/api.w.org\/{rel}","templated":true}]}}