{"id":690143,"date":"2025-08-27T13:50:05","date_gmt":"2025-08-27T10:50:05","guid":{"rendered":"https:\/\/roveyayinevi.com.tr\/index.php\/urun\/akife-dair\/"},"modified":"2025-09-13T13:05:09","modified_gmt":"2025-09-13T10:05:09","slug":"akife-dair","status":"publish","type":"product","link":"https:\/\/roveyayinevi.com.tr\/index.php\/urun\/akife-dair\/","title":{"rendered":"Akif\u2019e Dair"},"content":{"rendered":"<p>Ortada birbirinden farkl\u0131 iki Akif oldu\u011fu kesin&#8230; Biri cemiyet-i be\u015feriyeye hizmet i\u00e7in yazan \u2018Akif, di\u011feri de kendisi (!) i\u00e7in yazan \u00c2kif. \u00c7eli\u015fki mi? Tutars\u0131zl\u0131k m\u0131? Yol de\u011fi\u015ftirmek mi? Nedir bu farkl\u0131l\u0131\u011f\u0131n sebebi? Hangisi ger\u00e7ek? \u00c2kifimizin hangi y\u00f6n\u00fcn\u00fc \u00f6ne \u00e7\u0131karmal\u0131: Sanat\u0131n\u0131 m\u0131, fikirlerini mi, \u015fahsiyetini mi? Tanzimat\u0131n getirdi\u011fi ikilikler t\u00fcr\u00fcnden bir ikilem mi bu? Hem mektep, hem medrese, hem muhafazak\u00e2rl\u0131k, hem modernlik&#8230; Bir yanda mazi, bir yanda \u00e2ti&#8230; \u015eizofreni dedikleri bu mu yoksa? \ufffc<\/p>\n","protected":false},"excerpt":{"rendered":"<p>Ortada birbirinden farkl\u0131 iki Akif oldu\u011fu kesin&#8230; Biri cemiyet-i be\u015feriyeye hizmet i\u00e7in yazan \u2018Akif, di\u011feri de kendisi (!) i\u00e7in yazan \u00c2kif. \u00c7eli\u015fki mi? Tutars\u0131zl\u0131k m\u0131? Yol<span class=\"excerpt-hellip\"> [\u2026]<\/span><\/p>\n","protected":false},"featured_media":0,"template":"","meta":{"_monsterinsights_skip_tracking":false,"_monsterinsights_sitenote_active":false,"_monsterinsights_sitenote_note":"","_monsterinsights_sitenote_category":0},"product_brand":[],"product_cat":[12777,12291],"product_tag":[],"class_list":{"0":"post-690143","1":"product","2":"type-product","3":"status-publish","5":"product_cat-deneme","6":"product_cat-edebiyat","7":"pa_cilt-ciltsiz","8":"pa_tur-kitap","9":"pa_yayinevi-kapi-yayinlari","10":"pa_yazar-ducane-cundioglu","12":"first","13":"instock","14":"sale","15":"shipping-taxable","16":"purchasable","17":"product-type-simple"},"_links":{"self":[{"href":"https:\/\/roveyayinevi.com.tr\/index.php\/wp-json\/wp\/v2\/product\/690143","targetHints":{"allow":["GET"]}}],"collection":[{"href":"https:\/\/roveyayinevi.com.tr\/index.php\/wp-json\/wp\/v2\/product"}],"about":[{"href":"https:\/\/roveyayinevi.com.tr\/index.php\/wp-json\/wp\/v2\/types\/product"}],"wp:attachment":[{"href":"https:\/\/roveyayinevi.com.tr\/index.php\/wp-json\/wp\/v2\/media?parent=690143"}],"wp:term":[{"taxonomy":"product_brand","embeddable":true,"href":"https:\/\/roveyayinevi.com.tr\/index.php\/wp-json\/wp\/v2\/product_brand?post=690143"},{"taxonomy":"product_cat","embeddable":true,"href":"https:\/\/roveyayinevi.com.tr\/index.php\/wp-json\/wp\/v2\/product_cat?post=690143"},{"taxonomy":"product_tag","embeddable":true,"href":"https:\/\/roveyayinevi.com.tr\/index.php\/wp-json\/wp\/v2\/product_tag?post=690143"}],"curies":[{"name":"wp","href":"https:\/\/api.w.org\/{rel}","templated":true}]}}