{"id":690141,"date":"2025-08-27T13:50:05","date_gmt":"2025-08-27T10:50:05","guid":{"rendered":"https:\/\/roveyayinevi.com.tr\/index.php\/urun\/korku-sinemasi\/"},"modified":"2026-04-16T01:59:48","modified_gmt":"2026-04-15T22:59:48","slug":"korku-sinemasi","status":"publish","type":"product","link":"https:\/\/roveyayinevi.com.tr\/index.php\/urun\/korku-sinemasi\/","title":{"rendered":"Korku Sinemas\u0131"},"content":{"rendered":"<p>Korku son derece k\u00f6t\u00fc bir \u00fcne sahiptir; ele\u015ftirmenler taraf\u0131ndan d\u0131\u015flan\u0131r, medya taraf\u0131ndan rezil edilir. Ne ki, olduk\u00e7a pop\u00fclerdir; i\u00e7erik bak\u0131m\u0131ndan zengindir ve en az sineman\u0131n kendisi denli eskidir. Bu kitapta, sineman\u0131n bu en nefret edilen t\u00fcr\u00fcn\u00fcn bir de\u011ferlendirmesini sunaca\u011f\u0131z. Tarihini irdeleyecek ve korku filmini olageldi\u011fi bu \u00e7ok y\u00fczl\u00fc canavara d\u00f6n\u00fc\u015ft\u00fcren \u00f6nemli isimlere de\u011finece\u011fiz. Korku hik\u00e2yelerinin ge\u00e7mi\u015fi yaz\u0131l\u0131 ya da s\u00f6zl\u00fc geleneklere de\u011fin s\u00fcr\u00fclebilse de, film, do\u011fas\u0131 gere\u011fi g\u00f6rsel bir ara\u00e7t\u0131r ve sanat ve tiyatro d\u00fcnyas\u0131n\u0131n daha sonraki \u00f6rneklerinden biridir. \u0130lk kaya resimleri, Bruegel ve Bosch taraf\u0131ndan betimlenen deh\u015fet verici korkun\u00e7 imgeler, on sekizinci y\u00fczy\u0131l\u0131n sonlar\u0131n\u0131n muhte\u015fem tablolar\u0131ndaki do\u011fal d\u00fcnya korkusu ya da Hogarth\u2019\u0131n \u00e7arp\u0131k ger\u00e7ekli\u011fi; bunlar\u0131n t\u00fcm\u00fc grotesk ya da korkuyu g\u00f6rselle\u015ftirme evriminde rol oynam\u0131\u015ft\u0131r. Daha yak\u0131n ge\u00e7mi\u015fte ise, psikanalizin ortaya \u00e7\u0131k\u0131\u015f\u0131 r\u00fcyay\u0131 ve kimi zaman k\u00e2busu and\u0131ran imgeleriyle ger\u00e7ek\u00fcst\u00fcc\u00fcl\u00fck ak\u0131m\u0131n\u0131n y\u00fckseli\u015fini ele ge\u00e7irmi\u015ftir. HR Giger\u2019in cinsel yarat\u0131k sadizmi ya da Francis Bacon\u2019\u0131n groteskleri de yine bu etkileyici sanatlardaki g\u00f6rsel ifadelere \u00e7\u0131k\u0131\u015f noktas\u0131 \u00f6nermi\u015ftir. Yine de, sinema kendinden menkul bir sanat dal\u0131 olarak kabul edilmekte g\u00fc\u00e7l\u00fckler ya\u015famay\u0131 s\u00fcrd\u00fcr\u00fcrken, kendisini d\u00fcnya sinema miras\u0131n\u0131n inan\u0131lmaz derecede zengin b\u00f6l\u00fcmlerinden biri yapan alt t\u00fcr ve tarzlar\u0131n\u0131n miyasmas\u0131na kar\u015f\u0131n, korku filmleri de bu t\u00fcr\u00fcn kendini kabul ettirmekte en \u00e7ok zorlanan dal\u0131d\u0131r. \u2018D\u00fcnya g\u00fcn\u0131\u015f\u0131\u011f\u0131nda \u00e7ok farkl\u0131d\u0131r. Ancak gece fantezileriniz kontrolden \u00e7\u0131kar.\u2019 -Carnivale of Souls, 1962- \u2018Sinema psikopat yaratmaz; sadece onlar\u0131 daha yarat\u0131c\u0131 k\u0131lar.\u2019 -Scream, 1996- \u2018Sans\u00fcr psikopatlar\u0131n yapt\u0131\u011f\u0131 \u015feyi yapma e\u011filimindedir: ger\u00e7ekli\u011fi yan\u0131lsamayla kar\u0131\u015ft\u0131r\u0131r.\u2019 -David Cronenberg- <\/p>\n","protected":false},"excerpt":{"rendered":"<p>Korku son derece k\u00f6t\u00fc bir \u00fcne sahiptir; ele\u015ftirmenler taraf\u0131ndan d\u0131\u015flan\u0131r, medya taraf\u0131ndan rezil edilir. Ne ki, olduk\u00e7a pop\u00fclerdir; i\u00e7erik bak\u0131m\u0131ndan zengindir ve en az sineman\u0131n kendisi<span class=\"excerpt-hellip\"> [\u2026]<\/span><\/p>\n","protected":false},"featured_media":0,"template":"","meta":{"_monsterinsights_skip_tracking":false,"_monsterinsights_sitenote_active":false,"_monsterinsights_sitenote_note":"","_monsterinsights_sitenote_category":0},"product_brand":[],"product_cat":[12409,12408],"product_tag":[],"class_list":{"0":"post-690141","1":"product","2":"type-product","3":"status-publish","5":"product_cat-fotograf-sinema-tiyatro","6":"product_cat-sanat","7":"pa_tur-kitap","8":"pa_yayinevi-kalkedon-yayincilik","9":"pa_yazar-colin-odell","11":"first","12":"instock","13":"sale","14":"shipping-taxable","15":"purchasable","16":"product-type-simple"},"_links":{"self":[{"href":"https:\/\/roveyayinevi.com.tr\/index.php\/wp-json\/wp\/v2\/product\/690141","targetHints":{"allow":["GET"]}}],"collection":[{"href":"https:\/\/roveyayinevi.com.tr\/index.php\/wp-json\/wp\/v2\/product"}],"about":[{"href":"https:\/\/roveyayinevi.com.tr\/index.php\/wp-json\/wp\/v2\/types\/product"}],"wp:attachment":[{"href":"https:\/\/roveyayinevi.com.tr\/index.php\/wp-json\/wp\/v2\/media?parent=690141"}],"wp:term":[{"taxonomy":"product_brand","embeddable":true,"href":"https:\/\/roveyayinevi.com.tr\/index.php\/wp-json\/wp\/v2\/product_brand?post=690141"},{"taxonomy":"product_cat","embeddable":true,"href":"https:\/\/roveyayinevi.com.tr\/index.php\/wp-json\/wp\/v2\/product_cat?post=690141"},{"taxonomy":"product_tag","embeddable":true,"href":"https:\/\/roveyayinevi.com.tr\/index.php\/wp-json\/wp\/v2\/product_tag?post=690141"}],"curies":[{"name":"wp","href":"https:\/\/api.w.org\/{rel}","templated":true}]}}