{"id":690140,"date":"2025-08-27T13:50:05","date_gmt":"2025-08-27T10:50:05","guid":{"rendered":"https:\/\/roveyayinevi.com.tr\/index.php\/urun\/kizil-tebesir\/"},"modified":"2026-04-16T01:59:48","modified_gmt":"2026-04-15T22:59:48","slug":"kizil-tebesir","status":"publish","type":"product","link":"https:\/\/roveyayinevi.com.tr\/index.php\/urun\/kizil-tebesir\/","title":{"rendered":"K\u0131z\u0131l Tebe\u015fir"},"content":{"rendered":"<p>Paula, Dave, Glenn ve Mike bug\u00fcnlerde pek moda olmayan bir rejimi uygulayan, Marksist ele\u015ftiri yiyip i\u00e7erek ya\u015fayan d\u00f6rt yeti\u015fkin. Bu anlamda onlar\u0131 bilinen anlamda akademisyen diye tan\u0131mlamak do\u011fru de\u011fildir; onlar daha \u00e7ok i\u015f\u00e7i s\u0131n\u0131f\u0131yla beraber ve onun i\u00e7in \u00e7at\u0131\u015fma vakti geldi\u011finde her\u015feylerini ortaya koyan organik ayd\u0131nlard\u0131r. Ben bu be\u015fli \u00e7etenin par\u00e7as\u0131 olmaktan \u00e7ok gurur duyuyorum. <\/p>\n","protected":false},"excerpt":{"rendered":"<p>Paula, Dave, Glenn ve Mike bug\u00fcnlerde pek moda olmayan bir rejimi uygulayan, Marksist ele\u015ftiri yiyip i\u00e7erek ya\u015fayan d\u00f6rt yeti\u015fkin. Bu anlamda onlar\u0131 bilinen anlamda akademisyen diye<span class=\"excerpt-hellip\"> [\u2026]<\/span><\/p>\n","protected":false},"featured_media":0,"template":"","meta":{"_monsterinsights_skip_tracking":false,"_monsterinsights_sitenote_active":false,"_monsterinsights_sitenote_note":"","_monsterinsights_sitenote_category":0},"product_brand":[],"product_cat":[16098,12337],"product_tag":[],"class_list":{"0":"post-690140","1":"product","2":"type-product","3":"status-publish","5":"product_cat-politik-akimlar-hareketler","6":"product_cat-politika-siyaset","7":"pa_tur-kitap","8":"pa_yayinevi-kalkedon-yayincilik","9":"pa_yazar-peter-mclaren","11":"first","12":"instock","13":"sale","14":"shipping-taxable","15":"purchasable","16":"product-type-simple"},"_links":{"self":[{"href":"https:\/\/roveyayinevi.com.tr\/index.php\/wp-json\/wp\/v2\/product\/690140","targetHints":{"allow":["GET"]}}],"collection":[{"href":"https:\/\/roveyayinevi.com.tr\/index.php\/wp-json\/wp\/v2\/product"}],"about":[{"href":"https:\/\/roveyayinevi.com.tr\/index.php\/wp-json\/wp\/v2\/types\/product"}],"wp:attachment":[{"href":"https:\/\/roveyayinevi.com.tr\/index.php\/wp-json\/wp\/v2\/media?parent=690140"}],"wp:term":[{"taxonomy":"product_brand","embeddable":true,"href":"https:\/\/roveyayinevi.com.tr\/index.php\/wp-json\/wp\/v2\/product_brand?post=690140"},{"taxonomy":"product_cat","embeddable":true,"href":"https:\/\/roveyayinevi.com.tr\/index.php\/wp-json\/wp\/v2\/product_cat?post=690140"},{"taxonomy":"product_tag","embeddable":true,"href":"https:\/\/roveyayinevi.com.tr\/index.php\/wp-json\/wp\/v2\/product_tag?post=690140"}],"curies":[{"name":"wp","href":"https:\/\/api.w.org\/{rel}","templated":true}]}}