{"id":690137,"date":"2025-08-27T13:50:04","date_gmt":"2025-08-27T10:50:04","guid":{"rendered":"https:\/\/roveyayinevi.com.tr\/index.php\/urun\/kolomb-ve-diger-yamyamlar\/"},"modified":"2026-04-16T01:59:48","modified_gmt":"2026-04-15T22:59:48","slug":"kolomb-ve-diger-yamyamlar","status":"publish","type":"product","link":"https:\/\/roveyayinevi.com.tr\/index.php\/urun\/kolomb-ve-diger-yamyamlar\/","title":{"rendered":"Kolomb ve Di\u011fer Yamyamlar"},"content":{"rendered":"<p>Beyazlar kadar k\u00f6t\u00fc olan bir K\u0131z\u0131lderili i\u00e7imizde bar\u0131namaz; \u00f6l\u00fcm cezas\u0131na \u00e7arpt\u0131r\u0131l\u0131r ve kurtlar taraf\u0131ndan par\u00e7alan\u0131p yenir. Beyazlar k\u00f6t\u00fc \u00f6\u011fretmenlerdir, hilekar bak\u0131\u015flar\u0131 vard\u0131r, hilekar i\u015fler yaparlar, zavall\u0131 K\u0131z\u0131lderilileri kand\u0131rmak i\u00e7in g\u00fcl\u00fcmserlerler onlara, g\u00fcvenlerini kazanmak, sarho\u015f etmek, aldatmak ve kar\u0131lar\u0131n\u0131 mahvetmek i\u00e7in ellerini s\u0131karlar. Onlardan bizi kendi halimizde b\u0131rakmalar\u0131n\u0131 istedik ama etraf\u0131m\u0131z\u0131 ku\u015fat\u0131p y\u0131lan gibi s\u00fcz\u00fcld\u00fcler aram\u0131za. Dokunu\u015flar\u0131yla hepimizi zehirlediler. G\u00fcvende de\u011fildik. Tehlikeler i\u00e7inde ya\u015f\u0131yorduk. Onlar gibi ikiy\u00fczl\u00fc, yalanc\u0131, zinac\u0131, tembel, i\u015fe yaramaz insanlara d\u00f6n\u00fc\u015fmeye ba\u015flam\u0131\u015ft\u0131k. (Siyah \u015eahin\u2019in Konu\u015fmas\u0131 1832) <\/p>\n","protected":false},"excerpt":{"rendered":"<p>Beyazlar kadar k\u00f6t\u00fc olan bir K\u0131z\u0131lderili i\u00e7imizde bar\u0131namaz; \u00f6l\u00fcm cezas\u0131na \u00e7arpt\u0131r\u0131l\u0131r ve kurtlar taraf\u0131ndan par\u00e7alan\u0131p yenir. Beyazlar k\u00f6t\u00fc \u00f6\u011fretmenlerdir, hilekar bak\u0131\u015flar\u0131 vard\u0131r, hilekar i\u015fler yaparlar, zavall\u0131<span class=\"excerpt-hellip\"> [\u2026]<\/span><\/p>\n","protected":false},"featured_media":0,"template":"","meta":{"_monsterinsights_skip_tracking":false,"_monsterinsights_sitenote_active":false,"_monsterinsights_sitenote_note":"","_monsterinsights_sitenote_category":0},"product_brand":[],"product_cat":[12291,12745],"product_tag":[],"class_list":{"0":"post-690137","1":"product","2":"type-product","3":"status-publish","5":"product_cat-edebiyat","6":"product_cat-tarihi-roman","7":"pa_tur-kitap","8":"pa_yayinevi-kalkedon-yayincilik","9":"pa_yazar-jack-d-forbes","11":"first","12":"instock","13":"sale","14":"shipping-taxable","15":"purchasable","16":"product-type-simple"},"_links":{"self":[{"href":"https:\/\/roveyayinevi.com.tr\/index.php\/wp-json\/wp\/v2\/product\/690137","targetHints":{"allow":["GET"]}}],"collection":[{"href":"https:\/\/roveyayinevi.com.tr\/index.php\/wp-json\/wp\/v2\/product"}],"about":[{"href":"https:\/\/roveyayinevi.com.tr\/index.php\/wp-json\/wp\/v2\/types\/product"}],"wp:attachment":[{"href":"https:\/\/roveyayinevi.com.tr\/index.php\/wp-json\/wp\/v2\/media?parent=690137"}],"wp:term":[{"taxonomy":"product_brand","embeddable":true,"href":"https:\/\/roveyayinevi.com.tr\/index.php\/wp-json\/wp\/v2\/product_brand?post=690137"},{"taxonomy":"product_cat","embeddable":true,"href":"https:\/\/roveyayinevi.com.tr\/index.php\/wp-json\/wp\/v2\/product_cat?post=690137"},{"taxonomy":"product_tag","embeddable":true,"href":"https:\/\/roveyayinevi.com.tr\/index.php\/wp-json\/wp\/v2\/product_tag?post=690137"}],"curies":[{"name":"wp","href":"https:\/\/api.w.org\/{rel}","templated":true}]}}