{"id":690135,"date":"2025-08-27T13:50:04","date_gmt":"2025-08-27T10:50:04","guid":{"rendered":"https:\/\/roveyayinevi.com.tr\/index.php\/urun\/kayip-bir-alevi-efsanesi\/"},"modified":"2026-04-16T01:59:48","modified_gmt":"2026-04-15T22:59:48","slug":"kayip-bir-alevi-efsanesi","status":"publish","type":"product","link":"https:\/\/roveyayinevi.com.tr\/index.php\/urun\/kayip-bir-alevi-efsanesi\/","title":{"rendered":"Kay\u0131p Bir Alevi Efsanesi"},"content":{"rendered":"<p>Uzak an\u0131lar, unutulmaya y\u00fcz tutmu\u015f bir ge\u00e7mi\u015ften bug\u00fcne ula\u015fm\u0131\u015f nesnel kal\u0131nt\u0131lar arac\u0131l\u0131\u011f\u0131 ile \u0131ss\u0131zda kaybolmu\u015f bir h\u00f6y\u00fc\u011f\u00fcn tozunun, topra\u011f\u0131n\u0131n aras\u0131ndan ba\u015flar\u0131n\u0131 kald\u0131rm\u0131\u015flar B\u00fct\u00fcn bunlar ya\u015fand\u0131, bizler ger\u00e7ektik diyorlar. Eski bir el yazmas\u0131 kitab\u0131n tozlu sayfalar\u0131n\u0131 bir zamanlar var olduklar\u0131n\u0131n delili olarak \u00f6n\u00fcm\u00fcze s\u00fcr\u00fcyorlar. Osmanl\u0131 \u0130mparatorlu\u011fu\u2019nun merkezlerinde bulunan y\u00fcz elli milyon belge aras\u0131nda Pir Sultan Abdal ve onun \u00f6nc\u00fcl\u00fc\u011f\u00fcnde ger\u00e7ekle\u015fen Alevi ba\u015fkald\u0131r\u0131s\u0131ndan s\u00f6z edilmedi\u011fi gibi, Osmanl\u0131 \u0130mparatorlu\u011fu\u2019nun eyaletlerinde \u00f6zenle tutulan defter sand\u0131klar\u0131 nda da bu t\u00fcrden bir belge ve bilgiye rastlanm\u0131yor. Olaylar\u0131 kayda alan Bizansl\u0131 g\u00f6revlilerin ve olaylar\u0131n ma\u011fdurlar\u0131n\u0131 lanetleyen Ortodoks rahiplerinin gelece\u011fe yolculuk yaparak as\u0131rlar sonra Osmanl\u0131 \u0130mparatorluk d\u00f6neminde ya\u015fanacak olaylara \u015fahitlik edip sonra da bu olaylar\u0131 kendi tarihlerinin bir par\u00e7as\u0131 gibi kay\u0131tlar\u0131na alm\u0131\u015f olmalar\u0131 gibi a\u015f\u0131r\u0131 zorlanm\u0131\u015f bir hayal g\u00fcc\u00fcne, bir bilim-kurgu fantazisine itibar etmezsek, teredd\u00fcts\u00fcz diyebiliriz ki; Pir Sultan Abdal yedinci y\u00fczy\u0131lda ya\u015fad\u0131. Pir Sultan Abdal\u2019\u0131n yedinci y\u00fczy\u0131lda ya\u015fam\u0131\u015f ger\u00e7ek bir tarihi ki\u015filik olan Pir Silvanus oldu\u011fu ger\u00e7e\u011fine bir k\u0131s\u0131m Alevi esnaflar\u0131n\u0131n ve ge\u00e7mi\u015fin yalanlar\u0131na terzilik etmi\u015f \u00e7evrelerin k\u0131\u015fk\u0131rt\u0131c\u0131 c\u00fcmlelerle tepki vereceklerini ve bu tepkilerini samimi Aleviler \u00fczerine gidermeye \u00e7al\u0131\u015facaklar\u0131n\u0131 \u015fimdiden tahmin edebiliriz. Ancak yalan tacirlerinin tezg\u00e2hlar\u0131ndaki o \u00e7ok kullan\u0131lmaktan a\u015f\u0131nm\u0131\u015f i\u00e7i bo\u015f, hamasi c\u00fcmlelerin art\u0131k nitelikli al\u0131c\u0131s\u0131 kalmam\u0131\u015ft\u0131r. \ufffcTan\u0131t\u0131m Metni<\/p>\n","protected":false},"excerpt":{"rendered":"<p>Uzak an\u0131lar, unutulmaya y\u00fcz tutmu\u015f bir ge\u00e7mi\u015ften bug\u00fcne ula\u015fm\u0131\u015f nesnel kal\u0131nt\u0131lar arac\u0131l\u0131\u011f\u0131 ile \u0131ss\u0131zda kaybolmu\u015f bir h\u00f6y\u00fc\u011f\u00fcn tozunun, topra\u011f\u0131n\u0131n aras\u0131ndan ba\u015flar\u0131n\u0131 kald\u0131rm\u0131\u015flar B\u00fct\u00fcn bunlar ya\u015fand\u0131, bizler<span class=\"excerpt-hellip\"> [\u2026]<\/span><\/p>\n","protected":false},"featured_media":0,"template":"","meta":{"_monsterinsights_skip_tracking":false,"_monsterinsights_sitenote_active":false,"_monsterinsights_sitenote_note":"","_monsterinsights_sitenote_category":0},"product_brand":[],"product_cat":[13575,12718,12719],"product_tag":[],"class_list":{"0":"post-690135","1":"product","2":"type-product","3":"status-publish","5":"product_cat-alevilik-bektasilik","6":"product_cat-din","7":"product_cat-islam","8":"pa_tur-kitap","9":"pa_yayinevi-kalkedon-yayincilik","10":"pa_yazar-erdogan-cinar","12":"first","13":"instock","14":"sale","15":"shipping-taxable","16":"purchasable","17":"product-type-simple"},"_links":{"self":[{"href":"https:\/\/roveyayinevi.com.tr\/index.php\/wp-json\/wp\/v2\/product\/690135","targetHints":{"allow":["GET"]}}],"collection":[{"href":"https:\/\/roveyayinevi.com.tr\/index.php\/wp-json\/wp\/v2\/product"}],"about":[{"href":"https:\/\/roveyayinevi.com.tr\/index.php\/wp-json\/wp\/v2\/types\/product"}],"wp:attachment":[{"href":"https:\/\/roveyayinevi.com.tr\/index.php\/wp-json\/wp\/v2\/media?parent=690135"}],"wp:term":[{"taxonomy":"product_brand","embeddable":true,"href":"https:\/\/roveyayinevi.com.tr\/index.php\/wp-json\/wp\/v2\/product_brand?post=690135"},{"taxonomy":"product_cat","embeddable":true,"href":"https:\/\/roveyayinevi.com.tr\/index.php\/wp-json\/wp\/v2\/product_cat?post=690135"},{"taxonomy":"product_tag","embeddable":true,"href":"https:\/\/roveyayinevi.com.tr\/index.php\/wp-json\/wp\/v2\/product_tag?post=690135"}],"curies":[{"name":"wp","href":"https:\/\/api.w.org\/{rel}","templated":true}]}}