{"id":690127,"date":"2025-08-27T13:50:02","date_gmt":"2025-08-27T10:50:02","guid":{"rendered":"https:\/\/roveyayinevi.com.tr\/index.php\/urun\/firari-kahkahalar\/"},"modified":"2026-04-16T01:59:48","modified_gmt":"2026-04-15T22:59:48","slug":"firari-kahkahalar","status":"publish","type":"product","link":"https:\/\/roveyayinevi.com.tr\/index.php\/urun\/firari-kahkahalar\/","title":{"rendered":"Firari Kahkahalar"},"content":{"rendered":"<p>Bu \u00e7al\u0131\u015fma bir tan\u0131kl\u0131kt\u0131r. Burada anlat\u0131lanlar, olaylar\u0131 ya\u015fayanlar\u0131n belle\u011finde g\u00fcn ge\u00e7tik\u00e7e silikle\u015fip, yok olup gitmesin istedik. Unutulmas\u0131n diye giri\u015filen bu \u00e7al\u0131\u015fman\u0131n, solun bu topraklardaki maceras\u0131ndan belirli bir kesiti; insan ger\u00e7ekli\u011fini,  devrimcinin d\u00fcnyas\u0131n\u0131 , pek de \u00f6ne \u00e7\u0131kar\u0131lmayan ya da  geyik  ba\u011flam\u0131nda \u00e7arp\u0131t\u0131lan boyutlar\u0131n\u0131 yans\u0131tabilece\u011fini fark etti\u011fimizde\/ettirildi\u011finde de yay\u0131nlamaya karar verdik. \u0130stisnalar bir yana  sol ve espri  dendi\u011finde, devrimcili\u011fi suland\u0131r\u0131p,  yan \u00e7izme  e\u011filiminden tutun da,  Muro  rezaletine kadar bir s\u00fcr\u00fc kepazelik fink at\u0131yor  piyasada . Bunlar\u0131n kar\u015f\u0131s\u0131na, niye kara mizah konusu olabilecek as\u0131k suratl\u0131 bir  Brejnev  karikat\u00fcr\u00fcyle \u00e7\u0131kal\u0131m ki? Devrimcilik, neden g\u00fcle\u00e7li\u011fin  mezar\u0131  olsun? Che ne g\u00fcne duruyor?.. Firari Kahkahalar, esprili, g\u00fcle\u00e7 bir hayat i\u00e7in devrimcilikten imtina etmek gerekmedi\u011fini; bilakis devrimcinin hayat\u0131n\u0131n en zorlu anlar\u0131nda bile g\u00fcle\u00e7 bir iyimserli\u011fin \u0131\u015f\u0131ldad\u0131\u011f\u0131n\u0131 g\u00f6steriyor.  Unutulmas\u0131n  diye al\u0131nan notlar bi\u00e7iminde ba\u015flayan \u00e7al\u0131\u015fman\u0131n,  insan i\u00e7ine \u00e7\u0131kar\u0131lmas\u0131na  biraz da bu saiklerle karar verildi. Firari Kahkahalar\u2019da anlat\u0131lanlar ya\u015fand\u0131klar\u0131 anda \u00e7ok daha komikti ya da sars\u0131c\u0131yd\u0131. Zulam\u0131zdaki ya\u015fanm\u0131\u015fl\u0131k kesitlerini olduklar\u0131 gibi resmedebilecek bir bellek ne yaz\u0131k ki ya da ne iyi ki- m\u00fcmk\u00fcn de\u011fildir. Nisyan ile malul haf\u0131zam\u0131z kimi eksiklik ve fazlal\u0131klara neden olabilir, fakat olaylar ve kahramanlar\u0131  ayniyle vakidir . Elinizde tutu\u011funuz \u00e7al\u0131\u015fma bir \u00f6yk\u00fc kitab\u0131 de\u011fil, bir tan\u0131kl\u0131k ve belgedir. <\/p>\n","protected":false},"excerpt":{"rendered":"<p>Bu \u00e7al\u0131\u015fma bir tan\u0131kl\u0131kt\u0131r. Burada anlat\u0131lanlar, olaylar\u0131 ya\u015fayanlar\u0131n belle\u011finde g\u00fcn ge\u00e7tik\u00e7e silikle\u015fip, yok olup gitmesin istedik. Unutulmas\u0131n diye giri\u015filen bu \u00e7al\u0131\u015fman\u0131n, solun bu topraklardaki maceras\u0131ndan belirli<span class=\"excerpt-hellip\"> [\u2026]<\/span><\/p>\n","protected":false},"featured_media":0,"template":"","meta":{"_monsterinsights_skip_tracking":false,"_monsterinsights_sitenote_active":false,"_monsterinsights_sitenote_note":"","_monsterinsights_sitenote_category":0},"product_brand":[],"product_cat":[13489,13488],"product_tag":[],"class_list":{"0":"post-690127","1":"product","2":"type-product","3":"status-publish","5":"product_cat-populer-kultur","6":"product_cat-toplum-ve-insan","7":"pa_tur-kitap","8":"pa_yayinevi-kalkedon-yayincilik","9":"pa_yazar-nabi-kimran","11":"first","12":"instock","13":"sale","14":"shipping-taxable","15":"purchasable","16":"product-type-simple"},"_links":{"self":[{"href":"https:\/\/roveyayinevi.com.tr\/index.php\/wp-json\/wp\/v2\/product\/690127","targetHints":{"allow":["GET"]}}],"collection":[{"href":"https:\/\/roveyayinevi.com.tr\/index.php\/wp-json\/wp\/v2\/product"}],"about":[{"href":"https:\/\/roveyayinevi.com.tr\/index.php\/wp-json\/wp\/v2\/types\/product"}],"wp:attachment":[{"href":"https:\/\/roveyayinevi.com.tr\/index.php\/wp-json\/wp\/v2\/media?parent=690127"}],"wp:term":[{"taxonomy":"product_brand","embeddable":true,"href":"https:\/\/roveyayinevi.com.tr\/index.php\/wp-json\/wp\/v2\/product_brand?post=690127"},{"taxonomy":"product_cat","embeddable":true,"href":"https:\/\/roveyayinevi.com.tr\/index.php\/wp-json\/wp\/v2\/product_cat?post=690127"},{"taxonomy":"product_tag","embeddable":true,"href":"https:\/\/roveyayinevi.com.tr\/index.php\/wp-json\/wp\/v2\/product_tag?post=690127"}],"curies":[{"name":"wp","href":"https:\/\/api.w.org\/{rel}","templated":true}]}}