{"id":690124,"date":"2025-08-27T13:50:02","date_gmt":"2025-08-27T10:50:02","guid":{"rendered":"https:\/\/roveyayinevi.com.tr\/index.php\/urun\/kapitali-okuma-kilavuzu\/"},"modified":"2026-04-16T01:59:48","modified_gmt":"2026-04-15T22:59:48","slug":"kapitali-okuma-kilavuzu","status":"publish","type":"product","link":"https:\/\/roveyayinevi.com.tr\/index.php\/urun\/kapitali-okuma-kilavuzu\/","title":{"rendered":"Kapital\u2019i Okuma K\u0131lavuzu"},"content":{"rendered":"<p>Marx\u2019\u0131n Kapital\u2019i, bu zamana kadar yaz\u0131lm\u0131\u015f olan en \u00f6nemli ve en etkileyici kitaplardan bir tanesidir. G\u00fcn\u00fcm\u00fcz\u00fcn d\u00fcnyas\u0131n\u0131 anlamak isteyen biri bu kitab\u0131 muhakkak okumal\u0131d\u0131r. Ne yaz\u0131k ki, insan\u0131 bunaltan itici bir kitapt\u0131r. A\u015fina olunmayan ve karma\u015f\u0131k fikirleri kavramak asla kolay olmad\u0131\u011f\u0131ndan, ka\u00e7\u0131n\u0131lmaz olarak kimi okuma g\u00fc\u00e7l\u00fckleriyle kar\u015f\u0131la\u015f\u0131labilmenin yan\u0131 s\u0131ra ger\u00e7ekten oldu\u011fundan daha \u00fcrk\u00fct\u00fcc\u00fc g\u00f6r\u00fcnmektedir. Marx\u2019\u0131n kulland\u0131\u011f\u0131 terminoloji ve \u00fcsl\u00fbp ilk bak\u0131\u015fta garipsenebilir ve ilk birka\u00e7 k\u0131s\u0131m en soyut ve en zor yerler olmakla birlikte sebat eden okuyucu kitab\u0131 okunmaya de\u011fer bulacakt\u0131r. K\u0131lavuz niteli\u011finde olan bu kitapta amac\u0131m Kapital\u2019i daha ula\u015f\u0131labilir hale getirmektir. \u00c7al\u0131\u015fmam\u0131n ana g\u00f6vdesi, Marx\u2019\u0131n arg\u00fcman\u0131n\u0131n ana noktalar\u0131n\u0131 te\u015fhis ederek ve a\u00e7\u0131klayarak Kapital\u2019i k\u0131s\u0131m k\u0131s\u0131m yorumlama temeline oturtulmu\u015ftur. <\/p>\n","protected":false},"excerpt":{"rendered":"<p>Marx\u2019\u0131n Kapital\u2019i, bu zamana kadar yaz\u0131lm\u0131\u015f olan en \u00f6nemli ve en etkileyici kitaplardan bir tanesidir. G\u00fcn\u00fcm\u00fcz\u00fcn d\u00fcnyas\u0131n\u0131 anlamak isteyen biri bu kitab\u0131 muhakkak okumal\u0131d\u0131r. Ne yaz\u0131k<span class=\"excerpt-hellip\"> [\u2026]<\/span><\/p>\n","protected":false},"featured_media":0,"template":"","meta":{"_monsterinsights_skip_tracking":false,"_monsterinsights_sitenote_active":false,"_monsterinsights_sitenote_note":"","_monsterinsights_sitenote_category":0},"product_brand":[],"product_cat":[13044,13043],"product_tag":[],"class_list":{"0":"post-690124","1":"product","2":"type-product","3":"status-publish","5":"product_cat-dunya-ekonomisi","6":"product_cat-ekonomi","7":"pa_tur-kitap","8":"pa_yayinevi-kalkedon-yayincilik","9":"pa_yazar-anthony-brewer","11":"first","12":"instock","13":"sale","14":"shipping-taxable","15":"purchasable","16":"product-type-simple"},"_links":{"self":[{"href":"https:\/\/roveyayinevi.com.tr\/index.php\/wp-json\/wp\/v2\/product\/690124","targetHints":{"allow":["GET"]}}],"collection":[{"href":"https:\/\/roveyayinevi.com.tr\/index.php\/wp-json\/wp\/v2\/product"}],"about":[{"href":"https:\/\/roveyayinevi.com.tr\/index.php\/wp-json\/wp\/v2\/types\/product"}],"wp:attachment":[{"href":"https:\/\/roveyayinevi.com.tr\/index.php\/wp-json\/wp\/v2\/media?parent=690124"}],"wp:term":[{"taxonomy":"product_brand","embeddable":true,"href":"https:\/\/roveyayinevi.com.tr\/index.php\/wp-json\/wp\/v2\/product_brand?post=690124"},{"taxonomy":"product_cat","embeddable":true,"href":"https:\/\/roveyayinevi.com.tr\/index.php\/wp-json\/wp\/v2\/product_cat?post=690124"},{"taxonomy":"product_tag","embeddable":true,"href":"https:\/\/roveyayinevi.com.tr\/index.php\/wp-json\/wp\/v2\/product_tag?post=690124"}],"curies":[{"name":"wp","href":"https:\/\/api.w.org\/{rel}","templated":true}]}}