{"id":690121,"date":"2025-08-27T13:50:01","date_gmt":"2025-08-27T10:50:01","guid":{"rendered":"https:\/\/roveyayinevi.com.tr\/index.php\/urun\/gozetimin-kuresellesmesi\/"},"modified":"2026-04-16T01:59:48","modified_gmt":"2026-04-15T22:59:48","slug":"gozetimin-kuresellesmesi","status":"publish","type":"product","link":"https:\/\/roveyayinevi.com.tr\/index.php\/urun\/gozetimin-kuresellesmesi\/","title":{"rendered":"G\u00f6zetimin K\u00fcreselle\u015fmesi"},"content":{"rendered":"<p>Hukuk kurallar\u0131ndaki her kesinti, demokrasinin zorbala\u015ft\u0131r\u0131lmas\u0131n\u0131 ve demokrasiye dayanak olu\u015fturan de\u011ferlerde bir gerilemeyi beraberinde getirir. Bu b\u00fcy\u00fck  k\u00f6t\u00fcl\u00fck  kar\u015f\u0131s\u0131nda, bunu durdurmak i\u00e7in kullan\u0131lan ola\u011fan\u00fcst\u00fc ara\u00e7larda hi\u00e7bir s\u0131n\u0131r yoktur. Her durumda \u015f\u00fcphe mant\u0131\u011f\u0131, korkudan kendine pay \u00e7\u0131kar\u0131r ve  normal  prosed\u00fcre, kal\u0131c\u0131 bir ceza m\u00fchr\u00fc basar. Devletin varl\u0131k nedeni nam\u0131na g\u00f6revin k\u00f6t\u00fcye kullan\u0131lmas\u0131, demokratik toplumlar\u0131n karanl\u0131k y\u00f6nlerini analiz etmede s\u0131ra d\u0131\u015f\u0131 bir kaynak sa\u011flar. Zamanla yeniden ortaya \u00e7\u0131kmalar\u0131, tarihsel bir g\u00f6r\u00fc\u015f\u00fc benimsemeyi daha uygun hale getirdi\u011finden g\u00fcncel olaylar\u0131 anlayabilir ve onlarla ilgili ele\u015ftirel d\u00fc\u015f\u00fcnebiliriz. Tarihin destekledi\u011fi bir bak\u0131\u015f a\u00e7\u0131s\u0131 yine, ola\u011fan\u00fcst\u00fc haller ya da istisna, g\u00f6zetim ve g\u00fcvenlik, krizler ve kamuoyunu etkileme ara\u00e7lar\u0131na \u00f6zel \u00f6nem veren sosyal kontrol ara\u00e7lar\u0131 aras\u0131nda derece derece geli\u015fen ayr\u0131lmaz ba\u011flar\u0131 g\u00f6rmenin yeni bir bi\u00e7imini sunar. \u0130stisnalar; ikna, cayd\u0131rma, kampanyalar ve propaganda ile el ele y\u00fcr\u00fcd\u00fc\u011f\u00fcnden bedenleri kontrol ve kaydetme,  kalpler ve zihinler  ve  irade \u00fczerinde kontrol  anlam\u0131na gelir ve psikolojik sava\u015f uzmanlar\u0131 taraf\u0131ndan olu\u015fturulan terminolojiyi kullanmay\u0131 gerektirir. Bu kategorik zorunluluk, bu sayfalardaki t\u00fcm analizlerimiz ve g\u00f6r\u00fc\u015flerimizde g\u00f6zden ge\u00e7irdi\u011fimiz ortak temad\u0131r. <\/p>\n","protected":false},"excerpt":{"rendered":"<p>Hukuk kurallar\u0131ndaki her kesinti, demokrasinin zorbala\u015ft\u0131r\u0131lmas\u0131n\u0131 ve demokrasiye dayanak olu\u015fturan de\u011ferlerde bir gerilemeyi beraberinde getirir. Bu b\u00fcy\u00fck k\u00f6t\u00fcl\u00fck kar\u015f\u0131s\u0131nda, bunu durdurmak i\u00e7in kullan\u0131lan ola\u011fan\u00fcst\u00fc ara\u00e7larda hi\u00e7bir<span class=\"excerpt-hellip\"> [\u2026]<\/span><\/p>\n","protected":false},"featured_media":0,"template":"","meta":{"_monsterinsights_skip_tracking":false,"_monsterinsights_sitenote_active":false,"_monsterinsights_sitenote_note":"","_monsterinsights_sitenote_category":0},"product_brand":[],"product_cat":[12835,12324],"product_tag":[],"class_list":{"0":"post-690121","1":"product","2":"type-product","3":"status-publish","5":"product_cat-genel-sosyoloji","6":"product_cat-sosyoloji","7":"pa_tur-kitap","8":"pa_yayinevi-kalkedon-yayincilik","9":"pa_yazar-armand-mattelart","11":"first","12":"instock","13":"sale","14":"shipping-taxable","15":"purchasable","16":"product-type-simple"},"_links":{"self":[{"href":"https:\/\/roveyayinevi.com.tr\/index.php\/wp-json\/wp\/v2\/product\/690121","targetHints":{"allow":["GET"]}}],"collection":[{"href":"https:\/\/roveyayinevi.com.tr\/index.php\/wp-json\/wp\/v2\/product"}],"about":[{"href":"https:\/\/roveyayinevi.com.tr\/index.php\/wp-json\/wp\/v2\/types\/product"}],"wp:attachment":[{"href":"https:\/\/roveyayinevi.com.tr\/index.php\/wp-json\/wp\/v2\/media?parent=690121"}],"wp:term":[{"taxonomy":"product_brand","embeddable":true,"href":"https:\/\/roveyayinevi.com.tr\/index.php\/wp-json\/wp\/v2\/product_brand?post=690121"},{"taxonomy":"product_cat","embeddable":true,"href":"https:\/\/roveyayinevi.com.tr\/index.php\/wp-json\/wp\/v2\/product_cat?post=690121"},{"taxonomy":"product_tag","embeddable":true,"href":"https:\/\/roveyayinevi.com.tr\/index.php\/wp-json\/wp\/v2\/product_tag?post=690121"}],"curies":[{"name":"wp","href":"https:\/\/api.w.org\/{rel}","templated":true}]}}