{"id":690120,"date":"2025-08-27T13:50:01","date_gmt":"2025-08-27T10:50:01","guid":{"rendered":"https:\/\/roveyayinevi.com.tr\/index.php\/urun\/emek-ve-tekelci-sermaye\/"},"modified":"2026-04-16T01:59:48","modified_gmt":"2026-04-15T22:59:48","slug":"emek-ve-tekelci-sermaye","status":"publish","type":"product","link":"https:\/\/roveyayinevi.com.tr\/index.php\/urun\/emek-ve-tekelci-sermaye\/","title":{"rendered":"Emek ve Tekelci Sermaye"},"content":{"rendered":"<p>Benim a\u00e7\u0131mdan bu kitab\u0131 okumak, san\u0131r\u0131m, Kapital&#8217;in I. cildinin milyonlarca okuyucusunun da ya\u015fad\u0131klar\u0131na bir \u00f6l\u00e7\u00fcde benzeyen, duygusal bir deneyim oldu. Yurtta\u015flar\u0131m olan kad\u0131n ve erkeklerin b\u00fcy\u00fck \u00e7o\u011funlu\u011fu kadar, onlar\u0131n d\u00fcnyan\u0131n di\u011fer yerlerindeki muadillerinin de \u00e7al\u0131\u015fma hayatlar\u0131nda kar\u015f\u0131la\u015fmak zorunda kald\u0131klar\u0131 keder verici, deh\u015fetli, kalp k\u0131r\u0131c\u0131 y\u00f6ntemler bilincime eziyet verici ve unutulmaz bi\u00e7imlerde nak\u015foldular. Hepsi de etkinlik ve \u00fcretkenlik ad\u0131na ger\u00e7ekle\u015ftirilen, ama asl\u0131nda b\u00fcy\u00fck Sermaye tanr\u0131s\u0131n\u0131n daha kesinlikli bir zaferi u\u011fruna, onlar\u0131n \u00e7ekti\u011fi eziyetleri daha da a\u011f\u0131rla\u015ft\u0131rmay\u0131 hedefleyen yol ve ara\u00e7lar i\u00e7in g\u00fcndelik olarak sarf edilen b\u00fct\u00fcn bu yetenek ve enerji miktar\u0131n\u0131 d\u00fc\u015f\u00fcnd\u00fc\u011f\u00fcm zamansa, insanl\u0131\u011f\u0131n b\u00f6yle canavarca bir sistemi yaratabilme yetene\u011fine duydu\u011fum hayreti a\u015fabilen yeg\u00e2ne \u015fey, onun, insan soyunun iyili\u011fini ve mutlulu\u011funu b\u00f6ylesine a\u00e7\u0131k\u00e7a tahrip eden bir d\u00fczenlemenin s\u00fcr\u00fcp gitmesini ho\u015f g\u00f6rme konusunda sergiledi\u011fi arzu kar\u015f\u0131s\u0131nda duydu\u011fum \u015fa\u015fk\u0131nl\u0131kt\u0131r. E\u011fer bu \u00e7aban\u0131n kendisi ya da yaln\u0131zca yar\u0131s\u0131, \u00e7al\u0131\u015fmay\u0131, asl\u0131nda tam da olabilece\u011fi gibi, ya\u015fama sevincini art\u0131ran, yarat\u0131c\u0131 bir faaliyet haline getirmek \u00fczere harcanm\u0131\u015f olsayd\u0131, d\u00fcnya nas\u0131l da harikulade bir yer olurdu.  Ama \u00f6ncelikle kapitalizmin asl\u0131nda ne oldu\u011fu ve onun g\u00f6r\u00fcn\u00fcrde sahip oldu\u011fu gereklilik ve ka\u00e7\u0131n\u0131lmazl\u0131klar\u0131n neden asl\u0131nda sadece k\u00fc\u00e7\u00fck bir az\u0131nl\u0131\u011f\u0131n \u00e7\u0131plak \u00f6z \u00e7\u0131karlar\u0131n\u0131 gizlemeye yarayan ideolojik incir yapraklar\u0131ndan ibaret olduklar\u0131 konusunda yayg\u0131n bir pop\u00fcler kavray\u0131\u015f\u0131n yarat\u0131lmas\u0131 gereklidir. Bu kitab\u0131n, bu son derece gerekli ayd\u0131nlanma a\u00e7\u0131s\u0131ndan ya\u015famsal bir katk\u0131da bulunabilece\u011finden eminim. <\/p>\n","protected":false},"excerpt":{"rendered":"<p>Benim a\u00e7\u0131mdan bu kitab\u0131 okumak, san\u0131r\u0131m, Kapital&#8217;in I. cildinin milyonlarca okuyucusunun da ya\u015fad\u0131klar\u0131na bir \u00f6l\u00e7\u00fcde benzeyen, duygusal bir deneyim oldu. Yurtta\u015flar\u0131m olan kad\u0131n ve erkeklerin b\u00fcy\u00fck<span class=\"excerpt-hellip\"> [\u2026]<\/span><\/p>\n","protected":false},"featured_media":0,"template":"","meta":{"_monsterinsights_skip_tracking":false,"_monsterinsights_sitenote_active":false,"_monsterinsights_sitenote_note":"","_monsterinsights_sitenote_category":0},"product_brand":[],"product_cat":[13059,12337],"product_tag":[],"class_list":{"0":"post-690120","1":"product","2":"type-product","3":"status-publish","5":"product_cat-diger-politika-siyaset","6":"product_cat-politika-siyaset","7":"pa_cilt-ciltsiz","8":"pa_tur-kitap","9":"pa_yayinevi-kalkedon-yayincilik","10":"pa_yazar-harry-braverman","12":"first","13":"instock","14":"sale","15":"shipping-taxable","16":"purchasable","17":"product-type-simple"},"_links":{"self":[{"href":"https:\/\/roveyayinevi.com.tr\/index.php\/wp-json\/wp\/v2\/product\/690120","targetHints":{"allow":["GET"]}}],"collection":[{"href":"https:\/\/roveyayinevi.com.tr\/index.php\/wp-json\/wp\/v2\/product"}],"about":[{"href":"https:\/\/roveyayinevi.com.tr\/index.php\/wp-json\/wp\/v2\/types\/product"}],"wp:attachment":[{"href":"https:\/\/roveyayinevi.com.tr\/index.php\/wp-json\/wp\/v2\/media?parent=690120"}],"wp:term":[{"taxonomy":"product_brand","embeddable":true,"href":"https:\/\/roveyayinevi.com.tr\/index.php\/wp-json\/wp\/v2\/product_brand?post=690120"},{"taxonomy":"product_cat","embeddable":true,"href":"https:\/\/roveyayinevi.com.tr\/index.php\/wp-json\/wp\/v2\/product_cat?post=690120"},{"taxonomy":"product_tag","embeddable":true,"href":"https:\/\/roveyayinevi.com.tr\/index.php\/wp-json\/wp\/v2\/product_tag?post=690120"}],"curies":[{"name":"wp","href":"https:\/\/api.w.org\/{rel}","templated":true}]}}